{"id":452,"date":"2022-10-07T22:24:17","date_gmt":"2022-10-07T22:24:17","guid":{"rendered":"https:\/\/fermesleystone.com\/?page_id=452"},"modified":"2024-01-29T17:45:28","modified_gmt":"2024-01-29T17:45:28","slug":"about-us","status":"publish","type":"page","link":"https:\/\/fermesleystone.com\/en\/about-us\/","title":{"rendered":"About Us"},"content":{"rendered":"<p>[et_pb_section fb_built=&#8221;1&#8243; _builder_version=&#8221;4.16&#8243; _module_preset=&#8221;default&#8221; background_image=&#8221;https:\/\/fermesleystone.com\/wp-content\/uploads\/2023\/03\/IMG_8236-scaled.jpeg&#8221; custom_padding=&#8221;||345px|||&#8221; global_colors_info=&#8221;{}&#8221;][et_pb_row _builder_version=&#8221;4.16&#8243; _module_preset=&#8221;default&#8221; global_colors_info=&#8221;{}&#8221;][et_pb_column type=&#8221;4_4&#8243; _builder_version=&#8221;4.16&#8243; _module_preset=&#8221;default&#8221; global_colors_info=&#8221;{}&#8221;][et_pb_text _builder_version=&#8221;4.16&#8243; _module_preset=&#8221;default&#8221; text_text_color=&#8221;#ffffff&#8221; header_text_color=&#8221;#ffffff&#8221; custom_padding=&#8221;76px|||||&#8221; global_colors_info=&#8221;{}&#8221;]<\/p>\n<h1>About Us<\/h1>\n<p>[\/et_pb_text][\/et_pb_column][\/et_pb_row][\/et_pb_section][et_pb_section fb_built=&#8221;1&#8243; _builder_version=&#8221;4.16&#8243; _module_preset=&#8221;default&#8221; min_height=&#8221;526.4px&#8221; global_colors_info=&#8221;{}&#8221;][et_pb_row column_structure=&#8221;1_2,1_2&#8243; _builder_version=&#8221;4.16&#8243; _module_preset=&#8221;default&#8221; global_colors_info=&#8221;{}&#8221;][et_pb_column type=&#8221;1_2&#8243; _builder_version=&#8221;4.16&#8243; _module_preset=&#8221;default&#8221; global_colors_info=&#8221;{}&#8221;][et_pb_text _builder_version=&#8221;4.16&#8243; _module_preset=&#8221;default&#8221; global_colors_info=&#8221;{}&#8221;]<\/p>\n<h1 class=\"standard__kicker kicker__line aos-init aos-animate\" data-aos=\"hero\" data-aos-anchor=\"[data-section-id='template--15522879111423__custom-content-2']\" data-aos-order=\"1\">FROM THE CITY TO THE COUNTRY<\/h1>\n<div class=\"standard__rte font--3 columns--1 aos-init aos-animate\" data-aos=\"hero\" data-aos-anchor=\"[data-section-id='template--15522879111423__custom-content-2']\" data-aos-order=\"3\">\n<p>We weren&#8217;t always farmers. In fact, we&#8217;re only just getting started! But we want to share our experience with you.<\/p>\n<p>Leystone\u00a0Farms\u00a0was established in 2020 at the foot of the Gatineau Hills.<\/p>\n<p>Clearly identifiable by the beautiful hillside vineyard,\u00a0Leystone\u00a0is also home to 10 varieties of chickens (rainbow eggs anyone?), a sweet flock of Southdown\u00a0Babydoll\u00a0sheep, Scottish Blackface\/Valais Blacknose sheep, and their guardian llama Loretta.<\/p>\n<\/div>\n<p>[\/et_pb_text][\/et_pb_column][et_pb_column type=&#8221;1_2&#8243; _builder_version=&#8221;4.16&#8243; _module_preset=&#8221;default&#8221; global_colors_info=&#8221;{}&#8221;][et_pb_video src=&#8221;https:\/\/fermesleystone.com\/wp-content\/uploads\/2022\/10\/Winter-fly-over.mp4&#8243; _builder_version=&#8221;4.16&#8243; _module_preset=&#8221;default&#8221; global_colors_info=&#8221;{}&#8221;][\/et_pb_video][\/et_pb_column][\/et_pb_row][\/et_pb_section][et_pb_section fb_built=&#8221;1&#8243; _builder_version=&#8221;4.16&#8243; _module_preset=&#8221;default&#8221; background_image=&#8221;https:\/\/fermesleystone.com\/wp-content\/uploads\/2023\/08\/Southdown-banner.png&#8221; custom_padding=&#8221;293px|||||&#8221; global_colors_info=&#8221;{}&#8221;][et_pb_row _builder_version=&#8221;4.16&#8243; _module_preset=&#8221;default&#8221; global_colors_info=&#8221;{}&#8221;][et_pb_column type=&#8221;4_4&#8243; _builder_version=&#8221;4.16&#8243; _module_preset=&#8221;default&#8221; global_colors_info=&#8221;{}&#8221;][\/et_pb_column][\/et_pb_row][\/et_pb_section][et_pb_section fb_built=&#8221;1&#8243; _builder_version=&#8221;4.16&#8243; _module_preset=&#8221;default&#8221; background_image=&#8221;https:\/\/fermesleystone.com\/wp-content\/uploads\/2023\/08\/vineyard-mist.png&#8221; min_height=&#8221;336px&#8221; custom_padding=&#8221;97px||149px|||&#8221; global_colors_info=&#8221;{}&#8221;][et_pb_row _builder_version=&#8221;4.16&#8243; _module_preset=&#8221;default&#8221; global_colors_info=&#8221;{}&#8221; column_structure=&#8221;2_5,3_5&#8243;][et_pb_column type=&#8221;2_5&#8243; _builder_version=&#8221;4.16&#8243; _module_preset=&#8221;default&#8221; global_colors_info=&#8221;{}&#8221;][et_pb_text _builder_version=&#8221;4.23.1&#8243; _module_preset=&#8221;default&#8221; theme_builder_area=&#8221;post_content&#8221; hover_enabled=&#8221;0&#8243; sticky_enabled=&#8221;0&#8243;]<\/p>\n<h1>Where to Find Us<\/h1>\n<p>Leystone Farms is just 30 minutes from the bridges connecting Ottawa to Gatineau. We are nestled between the Gatineau Hills and the Ottawa River.<\/p>\n<p>It&#8217;s a short and beautiful drive into the heart of the country and a wonderful opportunity to explore the beauty of the Pontiac.<\/p>\n<p>Come for a visit. Meet our miniature sheep, our surely llama Loretta, our alpaca, chickens, and turkeys. Take a walk in the vineyards, listen for the buzzing of our bees and soak in the staggering view.<\/p>\n<p>Leystone Farms<br \/>1965 RTE 148, Luskville, Quebec J0X 2G0<br \/>613-406-4626<br \/>nurture @ leystonefarms.com<\/p>\n<p>[\/et_pb_text][\/et_pb_column][et_pb_column type=&#8221;3_5&#8243; _builder_version=&#8221;4.16&#8243; _module_preset=&#8221;default&#8221; global_colors_info=&#8221;{}&#8221;][et_pb_map _builder_version=&#8221;4.23.1&#8243; _module_preset=&#8221;default&#8221; theme_builder_area=&#8221;post_content&#8221; address=&#8221;1965 QC-148, Luskville, QC J0X 2G0, Canada&#8221; address_lat=&#8221;45.5175056&#8243; address_lng=&#8221;-75.984805&#8243; hover_enabled=&#8221;0&#8243; sticky_enabled=&#8221;0&#8243; zoom_level=&#8221;10&#8243;][et_pb_map_pin _builder_version=&#8221;4.23.1&#8243; _module_preset=&#8221;default&#8221; theme_builder_area=&#8221;post_content&#8221; pin_address=&#8221;1965 QC-148, Luskville, QC J0X 2G0, Canada&#8221; hover_enabled=&#8221;0&#8243; sticky_enabled=&#8221;0&#8243; pin_address_lat=&#8221;45.5175056&#8243; pin_address_lng=&#8221;-75.984805&#8243; zoom_level=&#8221;11&#8243;][\/et_pb_map_pin][\/et_pb_map][\/et_pb_column][\/et_pb_row][\/et_pb_section][et_pb_section fb_built=&#8221;1&#8243; _builder_version=&#8221;4.16&#8243; _module_preset=&#8221;default&#8221; global_colors_info=&#8221;{}&#8221;][et_pb_row _builder_version=&#8221;4.16&#8243; _module_preset=&#8221;default&#8221; global_colors_info=&#8221;{}&#8221;][et_pb_column type=&#8221;4_4&#8243; _builder_version=&#8221;4.16&#8243; _module_preset=&#8221;default&#8221; global_colors_info=&#8221;{}&#8221;][et_pb_text _builder_version=&#8221;4.16&#8243; _module_preset=&#8221;default&#8221; global_colors_info=&#8221;{}&#8221;]<\/p>\n<h1>We Know Where We Stand<\/h1>\n<p>As a family, it&#8217;s important to us that we acknowledge where we are and the land we live on.<\/p>\n<p>This place, these lands, have belonged to the\u00a0Anishinaabe Algonquin Nation for as long as anyone can remember. Our hope and our lived intention is to steward these lands in a way that honours the past and shows responsibility for the future.\u00a0<\/p>\n<p>With that in mind, and as part of our commitment to the thoughtfulness and guidance of the <a href=\"https:\/\/www.rcaanc-cirnac.gc.ca\/eng\/1450124405592\/1529106060525\" target=\"_blank\" rel=\"noopener noreferrer\">Truth and Reconciliation Commission<\/a>, we offer the following land acknowledgement that we see as one more step we can take together.<\/p>\n<p>[\/et_pb_text][\/et_pb_column][\/et_pb_row][\/et_pb_section][et_pb_section fb_built=&#8221;1&#8243; _builder_version=&#8221;4.16&#8243; _module_preset=&#8221;default&#8221; background_color=&#8221;#414042&#8243; custom_margin=&#8221;||-1px|||&#8221; global_colors_info=&#8221;{}&#8221;][et_pb_row _builder_version=&#8221;4.16&#8243; _module_preset=&#8221;default&#8221; global_colors_info=&#8221;{}&#8221;][et_pb_column type=&#8221;4_4&#8243; _builder_version=&#8221;4.16&#8243; _module_preset=&#8221;default&#8221; global_colors_info=&#8221;{}&#8221;][et_pb_text _builder_version=&#8221;4.16&#8243; _module_preset=&#8221;default&#8221; text_font=&#8221;Montserrat|600|||||||&#8221; header_text_color=&#8221;#ffffff&#8221; background_layout=&#8221;dark&#8221; custom_padding=&#8221;||14px|||&#8221; global_colors_info=&#8221;{}&#8221;]<\/p>\n<h1>Leystone Land Acknowledgment<\/h1>\n<p>&nbsp;<\/p>\n<p>Ni n\u00e0n\u00ecbawimin ondaje n\u00f2ngom Anishin\u00e0be aking mamawe ogo Anishin\u00e0beg n\u00e0gadawedjig iyo ak\u00ec.<\/p>\n<p>Ni ap\u00ectenindamin kidji taniz\u00ecy\u00e0ng ondaje mamawe \u00a0kakina aw\u00ecyeg kidji m\u00e0midonendameng\u00a0kidondamit\u00e0winan k\u00e0n ishkw\u00e0t\u00e0s\u00ecmin kidji weshton w\u00ecdjikewewin ka bikoseg pinaw\u00ecgo w\u00ecdokod\u00e0d\u00ecyeng \u00a0mamawe kidiji ondamit\u00e0 kakina kego mino pideg.<\/p>\n<p>K\u00e0n nida gashkit\u00f2simin kidji kidiyan p\u00ecdijashin ozam k\u00e0n dabend\u00e0zin\u00e0n\u00e0n iyo ak\u00ec. N\u00f2ngom nigishkod\u00e0dimin ondaje mamawe m\u00ecgwechiwewin, sag\u00ecdawin ashidj niwi ondamit\u00e0min mamawe kakina Anishin\u00e0beg, memind\u00e0ge ogog k\u00e0 ijinik\u00e0damow\u00e0dj iyo kwen\u00e0dj ak\u00ec endong.<\/p>\n<p><img data-recalc-dims=\"1\" loading=\"lazy\" decoding=\"async\" src=\"https:\/\/i0.wp.com\/fermesleystone.com\/wp-content\/uploads\/2022\/10\/cropped-Favicon-01-1.png?resize=20%2C20&#038;ssl=1\" width=\"20\" height=\"20\" alt=\"\" class=\"wp-image-548 aligncenter size-medium\" \/><\/p>\n<p>We are standing on the unceded, unsurrendered Territory of the Anishinaabe Algonquin Nation who are the traditional guardians of this land.<\/p>\n<p>We are deeply honoured to be here and share this acknowledgment as a way to remind ourselves and each person who joins us here that our work is not done as we seek to repair the relationships that have been so deeply wounded.<\/p>\n<p>We cannot welcome you here because this land is not ours. So today we meet you in this place with gratitude, openness, and a desire to work in solidarity with all Indigenous peoples, especially those who call this beautiful land home.<\/p>\n<p>[\/et_pb_text][\/et_pb_column][\/et_pb_row][\/et_pb_section]<\/p>\n","protected":false},"excerpt":{"rendered":"<p>About UsFROM THE CITY TO THE COUNTRY We weren&#8217;t always farmers. In fact, we&#8217;re only just getting started! But we want to share our experience with you. Leystone\u00a0Farms\u00a0was established in 2020 at the foot of the Gatineau Hills. Clearly identifiable by the beautiful hillside vineyard,\u00a0Leystone\u00a0is also home to 10 varieties of chickens (rainbow eggs anyone?), [&hellip;]<\/p>\n","protected":false},"author":2,"featured_media":0,"parent":0,"menu_order":0,"comment_status":"closed","ping_status":"closed","template":"","meta":{"_et_pb_use_builder":"on","_et_pb_old_content":"","_et_gb_content_width":"","footnotes":""},"class_list":["post-452","page","type-page","status-publish","hentry"],"yoast_head":"<!-- This site is optimized with the Yoast SEO plugin v24.4 - https:\/\/yoast.com\/wordpress\/plugins\/seo\/ -->\n<title>About Us - Fermes Leystone<\/title>\n<meta name=\"robots\" content=\"index, follow, max-snippet:-1, max-image-preview:large, max-video-preview:-1\" \/>\n<link rel=\"canonical\" href=\"https:\/\/fermesleystone.com\/en\/about-us\/\" \/>\n<meta property=\"og:locale\" content=\"en_US\" \/>\n<meta property=\"og:type\" content=\"article\" \/>\n<meta property=\"og:title\" content=\"About Us - Fermes Leystone\" \/>\n<meta property=\"og:description\" content=\"About UsFROM THE CITY TO THE COUNTRY We weren&#039;t always farmers. In fact, we&#039;re only just getting started! But we want to share our experience with you. Leystone\u00a0Farms\u00a0was established in 2020 at the foot of the Gatineau Hills. Clearly identifiable by the beautiful hillside vineyard,\u00a0Leystone\u00a0is also home to 10 varieties of chickens (rainbow eggs anyone?), [&hellip;]\" \/>\n<meta property=\"og:url\" content=\"https:\/\/fermesleystone.com\/en\/about-us\/\" \/>\n<meta property=\"og:site_name\" content=\"Fermes Leystone\" \/>\n<meta property=\"article:publisher\" content=\"https:\/\/www.facebook.com\/LeystoneFarms\" \/>\n<meta property=\"article:modified_time\" content=\"2024-01-29T17:45:28+00:00\" \/>\n<meta property=\"og:image\" content=\"https:\/\/fermesleystone.com\/wp-content\/uploads\/2022\/10\/cropped-Favicon-01-1-300x300.png\" \/>\n<meta name=\"twitter:card\" content=\"summary_large_image\" \/>\n<meta name=\"twitter:label1\" content=\"Est. reading time\" \/>\n\t<meta name=\"twitter:data1\" content=\"2 minutes\" \/>\n<script type=\"application\/ld+json\" class=\"yoast-schema-graph\">{\"@context\":\"https:\/\/schema.org\",\"@graph\":[{\"@type\":\"WebPage\",\"@id\":\"https:\/\/fermesleystone.com\/en\/about-us\/\",\"url\":\"https:\/\/fermesleystone.com\/en\/about-us\/\",\"name\":\"About Us - Fermes Leystone\",\"isPartOf\":{\"@id\":\"https:\/\/fermesleystone.com\/en\/#website\"},\"primaryImageOfPage\":{\"@id\":\"https:\/\/fermesleystone.com\/en\/about-us\/#primaryimage\"},\"image\":{\"@id\":\"https:\/\/fermesleystone.com\/en\/about-us\/#primaryimage\"},\"thumbnailUrl\":\"https:\/\/fermesleystone.com\/wp-content\/uploads\/2022\/10\/cropped-Favicon-01-1-300x300.png\",\"datePublished\":\"2022-10-07T22:24:17+00:00\",\"dateModified\":\"2024-01-29T17:45:28+00:00\",\"breadcrumb\":{\"@id\":\"https:\/\/fermesleystone.com\/en\/about-us\/#breadcrumb\"},\"inLanguage\":\"en-US\",\"potentialAction\":[{\"@type\":\"ReadAction\",\"target\":[\"https:\/\/fermesleystone.com\/en\/about-us\/\"]}]},{\"@type\":\"ImageObject\",\"inLanguage\":\"en-US\",\"@id\":\"https:\/\/fermesleystone.com\/en\/about-us\/#primaryimage\",\"url\":\"https:\/\/fermesleystone.com\/wp-content\/uploads\/2022\/10\/cropped-Favicon-01-1-300x300.png\",\"contentUrl\":\"https:\/\/fermesleystone.com\/wp-content\/uploads\/2022\/10\/cropped-Favicon-01-1-300x300.png\"},{\"@type\":\"BreadcrumbList\",\"@id\":\"https:\/\/fermesleystone.com\/en\/about-us\/#breadcrumb\",\"itemListElement\":[{\"@type\":\"ListItem\",\"position\":1,\"name\":\"Home\",\"item\":\"https:\/\/fermesleystone.com\/en\/\"},{\"@type\":\"ListItem\",\"position\":2,\"name\":\"About Us\"}]},{\"@type\":\"WebSite\",\"@id\":\"https:\/\/fermesleystone.com\/en\/#website\",\"url\":\"https:\/\/fermesleystone.com\/en\/\",\"name\":\"Fermes Leystone\",\"description\":\"Regenerative farm and vineyard in the Pontiac, Quebec\",\"publisher\":{\"@id\":\"https:\/\/fermesleystone.com\/en\/#organization\"},\"potentialAction\":[{\"@type\":\"SearchAction\",\"target\":{\"@type\":\"EntryPoint\",\"urlTemplate\":\"https:\/\/fermesleystone.com\/en\/?s={search_term_string}\"},\"query-input\":{\"@type\":\"PropertyValueSpecification\",\"valueRequired\":true,\"valueName\":\"search_term_string\"}}],\"inLanguage\":\"en-US\"},{\"@type\":\"Organization\",\"@id\":\"https:\/\/fermesleystone.com\/en\/#organization\",\"name\":\"Fermes Leystone\",\"url\":\"https:\/\/fermesleystone.com\/en\/\",\"logo\":{\"@type\":\"ImageObject\",\"inLanguage\":\"en-US\",\"@id\":\"https:\/\/fermesleystone.com\/en\/#\/schema\/logo\/image\/\",\"url\":\"https:\/\/fermesleystone.com\/wp-content\/uploads\/2022\/10\/LEYSTONE_logo_final_2-tone_mortar_grey-e1665165989188.png\",\"contentUrl\":\"https:\/\/fermesleystone.com\/wp-content\/uploads\/2022\/10\/LEYSTONE_logo_final_2-tone_mortar_grey-e1665165989188.png\",\"width\":5600,\"height\":1960,\"caption\":\"Fermes Leystone\"},\"image\":{\"@id\":\"https:\/\/fermesleystone.com\/en\/#\/schema\/logo\/image\/\"},\"sameAs\":[\"https:\/\/www.facebook.com\/LeystoneFarms\",\"https:\/\/www.instagram.com\/leystonefarms\/\"]}]}<\/script>\n<!-- \/ Yoast SEO plugin. -->","yoast_head_json":{"title":"About Us - Fermes Leystone","robots":{"index":"index","follow":"follow","max-snippet":"max-snippet:-1","max-image-preview":"max-image-preview:large","max-video-preview":"max-video-preview:-1"},"canonical":"https:\/\/fermesleystone.com\/en\/about-us\/","og_locale":"en_US","og_type":"article","og_title":"About Us - Fermes Leystone","og_description":"About UsFROM THE CITY TO THE COUNTRY We weren't always farmers. In fact, we're only just getting started! But we want to share our experience with you. Leystone\u00a0Farms\u00a0was established in 2020 at the foot of the Gatineau Hills. Clearly identifiable by the beautiful hillside vineyard,\u00a0Leystone\u00a0is also home to 10 varieties of chickens (rainbow eggs anyone?), [&hellip;]","og_url":"https:\/\/fermesleystone.com\/en\/about-us\/","og_site_name":"Fermes Leystone","article_publisher":"https:\/\/www.facebook.com\/LeystoneFarms","article_modified_time":"2024-01-29T17:45:28+00:00","og_image":[{"url":"https:\/\/fermesleystone.com\/wp-content\/uploads\/2022\/10\/cropped-Favicon-01-1-300x300.png","type":"","width":"","height":""}],"twitter_card":"summary_large_image","twitter_misc":{"Est. reading time":"2 minutes"},"schema":{"@context":"https:\/\/schema.org","@graph":[{"@type":"WebPage","@id":"https:\/\/fermesleystone.com\/en\/about-us\/","url":"https:\/\/fermesleystone.com\/en\/about-us\/","name":"About Us - Fermes Leystone","isPartOf":{"@id":"https:\/\/fermesleystone.com\/en\/#website"},"primaryImageOfPage":{"@id":"https:\/\/fermesleystone.com\/en\/about-us\/#primaryimage"},"image":{"@id":"https:\/\/fermesleystone.com\/en\/about-us\/#primaryimage"},"thumbnailUrl":"https:\/\/fermesleystone.com\/wp-content\/uploads\/2022\/10\/cropped-Favicon-01-1-300x300.png","datePublished":"2022-10-07T22:24:17+00:00","dateModified":"2024-01-29T17:45:28+00:00","breadcrumb":{"@id":"https:\/\/fermesleystone.com\/en\/about-us\/#breadcrumb"},"inLanguage":"en-US","potentialAction":[{"@type":"ReadAction","target":["https:\/\/fermesleystone.com\/en\/about-us\/"]}]},{"@type":"ImageObject","inLanguage":"en-US","@id":"https:\/\/fermesleystone.com\/en\/about-us\/#primaryimage","url":"https:\/\/fermesleystone.com\/wp-content\/uploads\/2022\/10\/cropped-Favicon-01-1-300x300.png","contentUrl":"https:\/\/fermesleystone.com\/wp-content\/uploads\/2022\/10\/cropped-Favicon-01-1-300x300.png"},{"@type":"BreadcrumbList","@id":"https:\/\/fermesleystone.com\/en\/about-us\/#breadcrumb","itemListElement":[{"@type":"ListItem","position":1,"name":"Home","item":"https:\/\/fermesleystone.com\/en\/"},{"@type":"ListItem","position":2,"name":"About Us"}]},{"@type":"WebSite","@id":"https:\/\/fermesleystone.com\/en\/#website","url":"https:\/\/fermesleystone.com\/en\/","name":"Fermes Leystone","description":"Regenerative farm and vineyard in the Pontiac, Quebec","publisher":{"@id":"https:\/\/fermesleystone.com\/en\/#organization"},"potentialAction":[{"@type":"SearchAction","target":{"@type":"EntryPoint","urlTemplate":"https:\/\/fermesleystone.com\/en\/?s={search_term_string}"},"query-input":{"@type":"PropertyValueSpecification","valueRequired":true,"valueName":"search_term_string"}}],"inLanguage":"en-US"},{"@type":"Organization","@id":"https:\/\/fermesleystone.com\/en\/#organization","name":"Fermes Leystone","url":"https:\/\/fermesleystone.com\/en\/","logo":{"@type":"ImageObject","inLanguage":"en-US","@id":"https:\/\/fermesleystone.com\/en\/#\/schema\/logo\/image\/","url":"https:\/\/fermesleystone.com\/wp-content\/uploads\/2022\/10\/LEYSTONE_logo_final_2-tone_mortar_grey-e1665165989188.png","contentUrl":"https:\/\/fermesleystone.com\/wp-content\/uploads\/2022\/10\/LEYSTONE_logo_final_2-tone_mortar_grey-e1665165989188.png","width":5600,"height":1960,"caption":"Fermes Leystone"},"image":{"@id":"https:\/\/fermesleystone.com\/en\/#\/schema\/logo\/image\/"},"sameAs":["https:\/\/www.facebook.com\/LeystoneFarms","https:\/\/www.instagram.com\/leystonefarms\/"]}]}},"jetpack_sharing_enabled":true,"_links":{"self":[{"href":"https:\/\/fermesleystone.com\/en\/wp-json\/wp\/v2\/pages\/452","targetHints":{"allow":["GET"]}}],"collection":[{"href":"https:\/\/fermesleystone.com\/en\/wp-json\/wp\/v2\/pages"}],"about":[{"href":"https:\/\/fermesleystone.com\/en\/wp-json\/wp\/v2\/types\/page"}],"author":[{"embeddable":true,"href":"https:\/\/fermesleystone.com\/en\/wp-json\/wp\/v2\/users\/2"}],"replies":[{"embeddable":true,"href":"https:\/\/fermesleystone.com\/en\/wp-json\/wp\/v2\/comments?post=452"}],"version-history":[{"count":8,"href":"https:\/\/fermesleystone.com\/en\/wp-json\/wp\/v2\/pages\/452\/revisions"}],"predecessor-version":[{"id":1163,"href":"https:\/\/fermesleystone.com\/en\/wp-json\/wp\/v2\/pages\/452\/revisions\/1163"}],"wp:attachment":[{"href":"https:\/\/fermesleystone.com\/en\/wp-json\/wp\/v2\/media?parent=452"}],"curies":[{"name":"wp","href":"https:\/\/api.w.org\/{rel}","templated":true}]}}