{"id":2137,"date":"2025-02-05T21:13:45","date_gmt":"2025-02-05T21:13:45","guid":{"rendered":"https:\/\/fermesleystone.com\/chariot\/"},"modified":"2025-03-16T22:26:52","modified_gmt":"2025-03-16T22:26:52","slug":"chariot","status":"publish","type":"page","link":"https:\/\/fermesleystone.com\/fr\/chariot\/","title":{"rendered":"Chariot"},"content":{"rendered":"<div data-block-name=\"woocommerce\/cart\" class=\"wp-block-woocommerce-cart alignwide is-loading\"><div data-block-name=\"woocommerce\/filled-cart-block\" class=\"wp-block-woocommerce-filled-cart-block\"><div data-block-name=\"woocommerce\/cart-items-block\" class=\"wp-block-woocommerce-cart-items-block\"><div data-block-name=\"woocommerce\/cart-line-items-block\" class=\"wp-block-woocommerce-cart-line-items-block\"><\/div>\n\n<div data-block-name=\"woocommerce\/cart-cross-sells-block\" class=\"wp-block-woocommerce-cart-cross-sells-block\"><h2 class=\"wp-block-heading has-large-font-size\">Vous pourriez \u00eatre int\u00e9ress\u00e9 par&#8230;<\/h2>\n\n<div data-block-name=\"woocommerce\/cart-cross-sells-products-block\" class=\"wp-block-woocommerce-cart-cross-sells-products-block\"><\/div><\/div><\/div>\n\n<div data-block-name=\"woocommerce\/cart-totals-block\" class=\"wp-block-woocommerce-cart-totals-block\"><div data-block-name=\"woocommerce\/cart-order-summary-block\" class=\"wp-block-woocommerce-cart-order-summary-block\"><div data-block-name=\"woocommerce\/cart-order-summary-heading-block\" class=\"wp-block-woocommerce-cart-order-summary-heading-block\"><\/div><div data-block-name=\"woocommerce\/cart-order-summary-coupon-form-block\" class=\"wp-block-woocommerce-cart-order-summary-coupon-form-block\"><\/div><div data-block-name=\"woocommerce\/cart-order-summary-totals-block\" class=\"wp-block-woocommerce-cart-order-summary-totals-block\">\n<div data-block-name=\"woocommerce\/cart-order-summary-subtotal-block\" class=\"wp-block-woocommerce-cart-order-summary-subtotal-block\"><\/div>\n<div data-block-name=\"woocommerce\/cart-order-summary-discount-block\" class=\"wp-block-woocommerce-cart-order-summary-discount-block\"><\/div>\n<div data-block-name=\"woocommerce\/cart-order-summary-fee-block\" class=\"wp-block-woocommerce-cart-order-summary-fee-block\"><\/div>\n<div data-block-name=\"woocommerce\/cart-order-summary-shipping-block\" class=\"wp-block-woocommerce-cart-order-summary-shipping-block\"><\/div>\n<div data-block-name=\"woocommerce\/cart-order-summary-taxes-block\" class=\"wp-block-woocommerce-cart-order-summary-taxes-block\"><\/div><\/div><\/div>\n\n<div data-block-name=\"woocommerce\/cart-express-payment-block\" class=\"wp-block-woocommerce-cart-express-payment-block\"><\/div>\n\n<div data-block-name=\"woocommerce\/proceed-to-checkout-block\" class=\"wp-block-woocommerce-proceed-to-checkout-block\"><\/div>\n\n<div data-block-name=\"woocommerce\/cart-accepted-payment-methods-block\" class=\"wp-block-woocommerce-cart-accepted-payment-methods-block\"><\/div><\/div><\/div>\n\n<div data-block-name=\"woocommerce\/empty-cart-block\" class=\"wp-block-woocommerce-empty-cart-block\"><h2 class=\"wp-block-heading has-text-align-center with-empty-cart-icon wc-block-cart__empty-cart__title\">Votre panier est actuellement vide !<\/h2>\n\n<hr class=\"wp-block-separator has-alpha-channel-opacity is-style-dots\"\/>\n\n<h2 class=\"wp-block-heading has-text-align-center\">Nouveau en magasin<\/h2>\n\n<div data-block-name=\"woocommerce\/product-new\" data-columns=\"4\" data-rows=\"1\" class=\"wc-block-grid wp-block-product-new wp-block-woocommerce-product-new wc-block-product-new has-4-columns\"><ul class=\"wc-block-grid__products\"><li class=\"wc-block-grid__product\">\n\t\t\t\t<a href=\"https:\/\/fermesleystone.com\/fr\/product\/mohair-de-montagne-3\/\" class=\"wc-block-grid__product-link\">\n\t\t\t\t\t\n\t\t\t\t\t<div class=\"wc-block-grid__product-image\"><img loading=\"lazy\" decoding=\"async\" width=\"300\" height=\"300\" src=\"https:\/\/i0.wp.com\/fermesleystone.com\/wp-content\/uploads\/2025\/03\/GmsMmBlueViolet.png?resize=300%2C300&amp;ssl=1\" class=\"attachment-woocommerce_thumbnail size-woocommerce_thumbnail\" alt=\"Mohair de montagne\" srcset=\"https:\/\/i0.wp.com\/fermesleystone.com\/wp-content\/uploads\/2025\/03\/GmsMmBlueViolet.png?w=312&amp;ssl=1 312w, https:\/\/i0.wp.com\/fermesleystone.com\/wp-content\/uploads\/2025\/03\/GmsMmBlueViolet.png?resize=300%2C300&amp;ssl=1 300w, https:\/\/i0.wp.com\/fermesleystone.com\/wp-content\/uploads\/2025\/03\/GmsMmBlueViolet.png?resize=150%2C150&amp;ssl=1 150w, https:\/\/i0.wp.com\/fermesleystone.com\/wp-content\/uploads\/2025\/03\/GmsMmBlueViolet.png?resize=100%2C100&amp;ssl=1 100w\" sizes=\"(max-width: 300px) 100vw, 300px\" \/><\/div>\n\t\t\t\t\t<div class=\"wc-block-grid__product-title\">Mohair de montagne<\/div>\n\t\t\t\t<\/a>\n\t\t\t\t<div class=\"wc-block-grid__product-price price\"><\/div>\n\t\t\t\t\n\t\t\t\t<div class=\"wp-block-button wc-block-grid__product-add-to-cart\"><a href=\"https:\/\/fermesleystone.com\/fr\/product\/mohair-de-montagne-3\/\" aria-label=\"En savoir plus sur &ldquo;Mohair de montagne&rdquo;\" data-quantity=\"1\" data-product_id=\"4264\" data-product_sku=\"\" data-price=\"0\" rel=\"nofollow\" class=\"wp-block-button__link  add_to_cart_button\">Lire la suite<\/a><\/div>\n\t\t\t<\/li><li class=\"wc-block-grid__product\">\n\t\t\t\t<a href=\"https:\/\/fermesleystone.com\/fr\/product\/lelegance-de-lalpaga-3\/\" class=\"wc-block-grid__product-link\">\n\t\t\t\t\t\n\t\t\t\t\t<div class=\"wc-block-grid__product-image\"><img loading=\"lazy\" decoding=\"async\" width=\"300\" height=\"300\" src=\"https:\/\/i0.wp.com\/fermesleystone.com\/wp-content\/uploads\/woocommerce-placeholder.png?resize=300%2C300&amp;ssl=1\" class=\"woocommerce-placeholder wp-post-image\" alt=\"\" srcset=\"https:\/\/i0.wp.com\/fermesleystone.com\/wp-content\/uploads\/woocommerce-placeholder.png?w=1200&amp;ssl=1 1200w, https:\/\/i0.wp.com\/fermesleystone.com\/wp-content\/uploads\/woocommerce-placeholder.png?resize=300%2C300&amp;ssl=1 300w, https:\/\/i0.wp.com\/fermesleystone.com\/wp-content\/uploads\/woocommerce-placeholder.png?resize=1024%2C1024&amp;ssl=1 1024w, https:\/\/i0.wp.com\/fermesleystone.com\/wp-content\/uploads\/woocommerce-placeholder.png?resize=150%2C150&amp;ssl=1 150w, https:\/\/i0.wp.com\/fermesleystone.com\/wp-content\/uploads\/woocommerce-placeholder.png?resize=768%2C768&amp;ssl=1 768w, https:\/\/i0.wp.com\/fermesleystone.com\/wp-content\/uploads\/woocommerce-placeholder.png?resize=1080%2C1080&amp;ssl=1 1080w, https:\/\/i0.wp.com\/fermesleystone.com\/wp-content\/uploads\/woocommerce-placeholder.png?resize=980%2C980&amp;ssl=1 980w, https:\/\/i0.wp.com\/fermesleystone.com\/wp-content\/uploads\/woocommerce-placeholder.png?resize=480%2C480&amp;ssl=1 480w\" sizes=\"(max-width: 300px) 100vw, 300px\" \/><\/div>\n\t\t\t\t\t<div class=\"wc-block-grid__product-title\">L&rsquo;\u00e9l\u00e9gance de l&rsquo;alpaga<\/div>\n\t\t\t\t<\/a>\n\t\t\t\t<div class=\"wc-block-grid__product-price price\"><\/div>\n\t\t\t\t\n\t\t\t\t<div class=\"wp-block-button wc-block-grid__product-add-to-cart\"><a href=\"https:\/\/fermesleystone.com\/fr\/product\/lelegance-de-lalpaga-3\/\" aria-label=\"En savoir plus sur &ldquo;L&#039;\u00e9l\u00e9gance de l&#039;alpaga&rdquo;\" data-quantity=\"1\" data-product_id=\"4267\" data-product_sku=\"\" data-price=\"0\" rel=\"nofollow\" class=\"wp-block-button__link  add_to_cart_button\">Lire la suite<\/a><\/div>\n\t\t\t<\/li><li class=\"wc-block-grid__product\">\n\t\t\t\t<a href=\"https:\/\/fermesleystone.com\/fr\/product\/chale-ombre-ball-3\/\" class=\"wc-block-grid__product-link\">\n\t\t\t\t\t\n\t\t\t\t\t<div class=\"wc-block-grid__product-image\"><img loading=\"lazy\" decoding=\"async\" width=\"300\" height=\"300\" src=\"https:\/\/i0.wp.com\/fermesleystone.com\/wp-content\/uploads\/woocommerce-placeholder.png?resize=300%2C300&amp;ssl=1\" class=\"woocommerce-placeholder wp-post-image\" alt=\"\" srcset=\"https:\/\/i0.wp.com\/fermesleystone.com\/wp-content\/uploads\/woocommerce-placeholder.png?w=1200&amp;ssl=1 1200w, https:\/\/i0.wp.com\/fermesleystone.com\/wp-content\/uploads\/woocommerce-placeholder.png?resize=300%2C300&amp;ssl=1 300w, https:\/\/i0.wp.com\/fermesleystone.com\/wp-content\/uploads\/woocommerce-placeholder.png?resize=1024%2C1024&amp;ssl=1 1024w, https:\/\/i0.wp.com\/fermesleystone.com\/wp-content\/uploads\/woocommerce-placeholder.png?resize=150%2C150&amp;ssl=1 150w, https:\/\/i0.wp.com\/fermesleystone.com\/wp-content\/uploads\/woocommerce-placeholder.png?resize=768%2C768&amp;ssl=1 768w, https:\/\/i0.wp.com\/fermesleystone.com\/wp-content\/uploads\/woocommerce-placeholder.png?resize=1080%2C1080&amp;ssl=1 1080w, https:\/\/i0.wp.com\/fermesleystone.com\/wp-content\/uploads\/woocommerce-placeholder.png?resize=980%2C980&amp;ssl=1 980w, https:\/\/i0.wp.com\/fermesleystone.com\/wp-content\/uploads\/woocommerce-placeholder.png?resize=480%2C480&amp;ssl=1 480w\" sizes=\"(max-width: 300px) 100vw, 300px\" \/><\/div>\n\t\t\t\t\t<div class=\"wc-block-grid__product-title\">Ch\u00e2le Ombr\u00e9 Ball<\/div>\n\t\t\t\t<\/a>\n\t\t\t\t<div class=\"wc-block-grid__product-price price\"><\/div>\n\t\t\t\t\n\t\t\t\t<div class=\"wp-block-button wc-block-grid__product-add-to-cart\"><a href=\"https:\/\/fermesleystone.com\/fr\/product\/chale-ombre-ball-3\/\" aria-label=\"En savoir plus sur &ldquo;Ch\u00e2le Ombr\u00e9 Ball&rdquo;\" data-quantity=\"1\" data-product_id=\"4268\" data-product_sku=\"\" data-price=\"0\" rel=\"nofollow\" class=\"wp-block-button__link  add_to_cart_button\">Lire la suite<\/a><\/div>\n\t\t\t<\/li><li class=\"wc-block-grid__product\">\n\t\t\t\t<a href=\"https:\/\/fermesleystone.com\/fr\/product\/ombre-sport-3\/\" class=\"wc-block-grid__product-link\">\n\t\t\t\t\t\n\t\t\t\t\t<div class=\"wc-block-grid__product-image\"><img loading=\"lazy\" decoding=\"async\" width=\"300\" height=\"300\" src=\"https:\/\/i0.wp.com\/fermesleystone.com\/wp-content\/uploads\/2025\/03\/FreiaSportCochinilla.png?resize=300%2C300&amp;ssl=1\" class=\"attachment-woocommerce_thumbnail size-woocommerce_thumbnail\" alt=\"Ombr\u00e9 Sport\" srcset=\"https:\/\/i0.wp.com\/fermesleystone.com\/wp-content\/uploads\/2025\/03\/FreiaSportCochinilla.png?w=482&amp;ssl=1 482w, https:\/\/i0.wp.com\/fermesleystone.com\/wp-content\/uploads\/2025\/03\/FreiaSportCochinilla.png?resize=300%2C300&amp;ssl=1 300w, https:\/\/i0.wp.com\/fermesleystone.com\/wp-content\/uploads\/2025\/03\/FreiaSportCochinilla.png?resize=150%2C150&amp;ssl=1 150w, https:\/\/i0.wp.com\/fermesleystone.com\/wp-content\/uploads\/2025\/03\/FreiaSportCochinilla.png?resize=480%2C480&amp;ssl=1 480w, https:\/\/i0.wp.com\/fermesleystone.com\/wp-content\/uploads\/2025\/03\/FreiaSportCochinilla.png?resize=100%2C100&amp;ssl=1 100w\" sizes=\"(max-width: 300px) 100vw, 300px\" \/><\/div>\n\t\t\t\t\t<div class=\"wc-block-grid__product-title\">Ombr\u00e9 Sport<\/div>\n\t\t\t\t<\/a>\n\t\t\t\t<div class=\"wc-block-grid__product-price price\"><\/div>\n\t\t\t\t\n\t\t\t\t<div class=\"wp-block-button wc-block-grid__product-add-to-cart\"><a href=\"https:\/\/fermesleystone.com\/fr\/product\/ombre-sport-3\/\" aria-label=\"En savoir plus sur &ldquo;Ombr\u00e9 Sport&rdquo;\" data-quantity=\"1\" data-product_id=\"4270\" data-product_sku=\"\" data-price=\"0\" rel=\"nofollow\" class=\"wp-block-button__link  add_to_cart_button\">Lire la suite<\/a><\/div>\n\t\t\t<\/li><\/ul><\/div><\/div><\/div>","protected":false},"excerpt":{"rendered":"","protected":false},"author":1,"featured_media":0,"parent":0,"menu_order":0,"comment_status":"closed","ping_status":"closed","template":"","meta":{"_et_pb_use_builder":"","_et_pb_old_content":"","_et_gb_content_width":"","footnotes":""},"class_list":["post-2137","page","type-page","status-publish","hentry"],"yoast_head":"<!-- This site is optimized with the Yoast SEO plugin v24.4 - https:\/\/yoast.com\/wordpress\/plugins\/seo\/ -->\n<title>Chariot - Fermes Leystone<\/title>\n<meta name=\"robots\" content=\"index, follow, max-snippet:-1, max-image-preview:large, max-video-preview:-1\" \/>\n<link rel=\"canonical\" href=\"https:\/\/fermesleystone.com\/fr\/chariot\/\" \/>\n<meta property=\"og:locale\" content=\"fr_FR\" \/>\n<meta property=\"og:type\" content=\"article\" \/>\n<meta property=\"og:title\" content=\"Chariot - Fermes Leystone\" \/>\n<meta property=\"og:url\" content=\"https:\/\/fermesleystone.com\/fr\/chariot\/\" \/>\n<meta property=\"og:site_name\" content=\"Fermes Leystone\" \/>\n<meta property=\"article:publisher\" content=\"https:\/\/www.facebook.com\/LeystoneFarms\" \/>\n<meta property=\"article:modified_time\" content=\"2025-03-16T22:26:52+00:00\" \/>\n<meta name=\"twitter:card\" content=\"summary_large_image\" \/>\n<script type=\"application\/ld+json\" class=\"yoast-schema-graph\">{\"@context\":\"https:\/\/schema.org\",\"@graph\":[{\"@type\":\"WebPage\",\"@id\":\"https:\/\/fermesleystone.com\/fr\/chariot\/\",\"url\":\"https:\/\/fermesleystone.com\/fr\/chariot\/\",\"name\":\"Chariot - Fermes Leystone\",\"isPartOf\":{\"@id\":\"https:\/\/fermesleystone.com\/fr\/#website\"},\"datePublished\":\"2025-02-05T21:13:45+00:00\",\"dateModified\":\"2025-03-16T22:26:52+00:00\",\"breadcrumb\":{\"@id\":\"https:\/\/fermesleystone.com\/fr\/chariot\/#breadcrumb\"},\"inLanguage\":\"fr-FR\",\"potentialAction\":[{\"@type\":\"ReadAction\",\"target\":[\"https:\/\/fermesleystone.com\/fr\/chariot\/\"]}]},{\"@type\":\"BreadcrumbList\",\"@id\":\"https:\/\/fermesleystone.com\/fr\/chariot\/#breadcrumb\",\"itemListElement\":[{\"@type\":\"ListItem\",\"position\":1,\"name\":\"Home\",\"item\":\"https:\/\/fermesleystone.com\/fr\/\"},{\"@type\":\"ListItem\",\"position\":2,\"name\":\"Chariot\"}]},{\"@type\":\"WebSite\",\"@id\":\"https:\/\/fermesleystone.com\/fr\/#website\",\"url\":\"https:\/\/fermesleystone.com\/fr\/\",\"name\":\"Fermes Leystone\",\"description\":\"Regenerative farm and vineyard in the Pontiac, Quebec\",\"publisher\":{\"@id\":\"https:\/\/fermesleystone.com\/fr\/#organization\"},\"potentialAction\":[{\"@type\":\"SearchAction\",\"target\":{\"@type\":\"EntryPoint\",\"urlTemplate\":\"https:\/\/fermesleystone.com\/fr\/?s={search_term_string}\"},\"query-input\":{\"@type\":\"PropertyValueSpecification\",\"valueRequired\":true,\"valueName\":\"search_term_string\"}}],\"inLanguage\":\"fr-FR\"},{\"@type\":\"Organization\",\"@id\":\"https:\/\/fermesleystone.com\/fr\/#organization\",\"name\":\"Fermes Leystone\",\"url\":\"https:\/\/fermesleystone.com\/fr\/\",\"logo\":{\"@type\":\"ImageObject\",\"inLanguage\":\"fr-FR\",\"@id\":\"https:\/\/fermesleystone.com\/fr\/#\/schema\/logo\/image\/\",\"url\":\"https:\/\/fermesleystone.com\/wp-content\/uploads\/2022\/10\/LEYSTONE_logo_final_2-tone_mortar_grey-e1665165989188.png\",\"contentUrl\":\"https:\/\/fermesleystone.com\/wp-content\/uploads\/2022\/10\/LEYSTONE_logo_final_2-tone_mortar_grey-e1665165989188.png\",\"width\":5600,\"height\":1960,\"caption\":\"Fermes Leystone\"},\"image\":{\"@id\":\"https:\/\/fermesleystone.com\/fr\/#\/schema\/logo\/image\/\"},\"sameAs\":[\"https:\/\/www.facebook.com\/LeystoneFarms\",\"https:\/\/www.instagram.com\/leystonefarms\/\"]}]}<\/script>\n<!-- \/ Yoast SEO plugin. -->","yoast_head_json":{"title":"Chariot - Fermes Leystone","robots":{"index":"index","follow":"follow","max-snippet":"max-snippet:-1","max-image-preview":"max-image-preview:large","max-video-preview":"max-video-preview:-1"},"canonical":"https:\/\/fermesleystone.com\/fr\/chariot\/","og_locale":"fr_FR","og_type":"article","og_title":"Chariot - Fermes Leystone","og_url":"https:\/\/fermesleystone.com\/fr\/chariot\/","og_site_name":"Fermes Leystone","article_publisher":"https:\/\/www.facebook.com\/LeystoneFarms","article_modified_time":"2025-03-16T22:26:52+00:00","twitter_card":"summary_large_image","schema":{"@context":"https:\/\/schema.org","@graph":[{"@type":"WebPage","@id":"https:\/\/fermesleystone.com\/fr\/chariot\/","url":"https:\/\/fermesleystone.com\/fr\/chariot\/","name":"Chariot - Fermes Leystone","isPartOf":{"@id":"https:\/\/fermesleystone.com\/fr\/#website"},"datePublished":"2025-02-05T21:13:45+00:00","dateModified":"2025-03-16T22:26:52+00:00","breadcrumb":{"@id":"https:\/\/fermesleystone.com\/fr\/chariot\/#breadcrumb"},"inLanguage":"fr-FR","potentialAction":[{"@type":"ReadAction","target":["https:\/\/fermesleystone.com\/fr\/chariot\/"]}]},{"@type":"BreadcrumbList","@id":"https:\/\/fermesleystone.com\/fr\/chariot\/#breadcrumb","itemListElement":[{"@type":"ListItem","position":1,"name":"Home","item":"https:\/\/fermesleystone.com\/fr\/"},{"@type":"ListItem","position":2,"name":"Chariot"}]},{"@type":"WebSite","@id":"https:\/\/fermesleystone.com\/fr\/#website","url":"https:\/\/fermesleystone.com\/fr\/","name":"Fermes Leystone","description":"Regenerative farm and vineyard in the Pontiac, Quebec","publisher":{"@id":"https:\/\/fermesleystone.com\/fr\/#organization"},"potentialAction":[{"@type":"SearchAction","target":{"@type":"EntryPoint","urlTemplate":"https:\/\/fermesleystone.com\/fr\/?s={search_term_string}"},"query-input":{"@type":"PropertyValueSpecification","valueRequired":true,"valueName":"search_term_string"}}],"inLanguage":"fr-FR"},{"@type":"Organization","@id":"https:\/\/fermesleystone.com\/fr\/#organization","name":"Fermes Leystone","url":"https:\/\/fermesleystone.com\/fr\/","logo":{"@type":"ImageObject","inLanguage":"fr-FR","@id":"https:\/\/fermesleystone.com\/fr\/#\/schema\/logo\/image\/","url":"https:\/\/fermesleystone.com\/wp-content\/uploads\/2022\/10\/LEYSTONE_logo_final_2-tone_mortar_grey-e1665165989188.png","contentUrl":"https:\/\/fermesleystone.com\/wp-content\/uploads\/2022\/10\/LEYSTONE_logo_final_2-tone_mortar_grey-e1665165989188.png","width":5600,"height":1960,"caption":"Fermes Leystone"},"image":{"@id":"https:\/\/fermesleystone.com\/fr\/#\/schema\/logo\/image\/"},"sameAs":["https:\/\/www.facebook.com\/LeystoneFarms","https:\/\/www.instagram.com\/leystonefarms\/"]}]}},"jetpack_sharing_enabled":true,"_links":{"self":[{"href":"https:\/\/fermesleystone.com\/fr\/wp-json\/wp\/v2\/pages\/2137","targetHints":{"allow":["GET"]}}],"collection":[{"href":"https:\/\/fermesleystone.com\/fr\/wp-json\/wp\/v2\/pages"}],"about":[{"href":"https:\/\/fermesleystone.com\/fr\/wp-json\/wp\/v2\/types\/page"}],"author":[{"embeddable":true,"href":"https:\/\/fermesleystone.com\/fr\/wp-json\/wp\/v2\/users\/1"}],"replies":[{"embeddable":true,"href":"https:\/\/fermesleystone.com\/fr\/wp-json\/wp\/v2\/comments?post=2137"}],"version-history":[{"count":5,"href":"https:\/\/fermesleystone.com\/fr\/wp-json\/wp\/v2\/pages\/2137\/revisions"}],"predecessor-version":[{"id":2150,"href":"https:\/\/fermesleystone.com\/fr\/wp-json\/wp\/v2\/pages\/2137\/revisions\/2150"}],"wp:attachment":[{"href":"https:\/\/fermesleystone.com\/fr\/wp-json\/wp\/v2\/media?parent=2137"}],"curies":[{"name":"wp","href":"https:\/\/api.w.org\/{rel}","templated":true}]}}