{"id":3506,"date":"2025-03-03T22:08:48","date_gmt":"2025-03-03T22:08:48","guid":{"rendered":"https:\/\/fermesleystone.com\/product\/dentelle-circulaire-rouge-de-40-pouces\/"},"modified":"2025-03-03T22:08:48","modified_gmt":"2025-03-03T22:08:48","slug":"dentelle-circulaire-rouge-de-40-pouces","status":"publish","type":"product","link":"https:\/\/fermesleystone.com\/fr\/product\/dentelle-circulaire-rouge-de-40-pouces\/","title":{"rendered":"Dentelle circulaire rouge de 40 pouces"},"content":{"rendered":"<p>par <strong>ChiaoGoo<\/strong><\/p>\n<p>6040 Tricot ROUGE Acier circulaire 40&Prime;\/100cm<\/p>\n<p>Les circulaires chirurgicales en acier inoxydable de la gamme Knit RED de 40&Prime; (100 cm) ont une finition lisse et satin\u00e9e et un c\u00e2ble en acier multibrins sans m\u00e9moire, recouvert de nylon rouge, qui permet au fil de glisser directement dessus. Les pointes usin\u00e9es avec pr\u00e9cision sont con\u00e7ues de mani\u00e8re ergonomique avec une courbure pour r\u00e9duire la fatigue de la main. La taille de l&rsquo;aiguille est imprim\u00e9e en permanence au laser sur chaque circulaire. Les raccords sont tout simplement spectaculaires !<\/p>\n<\/p>\n<p><strong>L&rsquo;image du produit pr\u00e9sent\u00e9e couvre une gamme de tailles d&rsquo;aiguilles.<\/strong><\/p>\n","protected":false},"excerpt":{"rendered":"<p>par ChiaoGoo 6040 Tricot ROUGE Acier circulaire 40&Prime;\/100cm Les circulaires chirurgicales en acier inoxydable de la gamme Knit RED de 40&Prime; (100 cm) ont une finition lisse et satin\u00e9e et un c\u00e2ble en acier multibrins sans m\u00e9moire, recouvert de nylon rouge, qui permet au fil de glisser directement dessus. Les pointes usin\u00e9es avec pr\u00e9cision sont [&hellip;]<\/p>\n","protected":false},"featured_media":0,"comment_status":"open","ping_status":"closed","template":"","meta":{"_et_pb_use_builder":"","_et_pb_old_content":"","_et_gb_content_width":""},"product_brand":[],"product_cat":[42],"product_tag":[168,201,202,204,167,205,203,169],"class_list":{"0":"post-3506","1":"product","2":"type-product","3":"status-publish","5":"product_cat-uncategorized","6":"product_tag-168","7":"product_tag-40-fr","8":"product_tag-aiguilles","9":"product_tag-dentelle","10":"product_tag-fil","11":"product_tag-inoxydable","12":"product_tag-rouge","13":"product_tag-tricot","15":"first","16":"instock","17":"taxable","18":"shipping-taxable","19":"product-type-simple"},"yoast_head":"<!-- This site is optimized with the Yoast SEO plugin v24.4 - https:\/\/yoast.com\/wordpress\/plugins\/seo\/ -->\n<title>Dentelle circulaire rouge de 40 pouces - Fermes Leystone<\/title>\n<meta name=\"robots\" content=\"index, follow, max-snippet:-1, max-image-preview:large, max-video-preview:-1\" \/>\n<link rel=\"canonical\" href=\"https:\/\/fermesleystone.com\/fr\/product\/dentelle-circulaire-rouge-de-40-pouces\/\" \/>\n<meta property=\"og:locale\" content=\"fr_FR\" \/>\n<meta property=\"og:type\" content=\"article\" \/>\n<meta property=\"og:title\" content=\"Dentelle circulaire rouge de 40 pouces - Fermes Leystone\" \/>\n<meta property=\"og:description\" content=\"par ChiaoGoo 6040 Tricot ROUGE Acier circulaire 40&Prime;\/100cm Les circulaires chirurgicales en acier inoxydable de la gamme Knit RED de 40&Prime; (100 cm) ont une finition lisse et satin\u00e9e et un c\u00e2ble en acier multibrins sans m\u00e9moire, recouvert de nylon rouge, qui permet au fil de glisser directement dessus. Les pointes usin\u00e9es avec pr\u00e9cision sont [&hellip;]\" \/>\n<meta property=\"og:url\" content=\"https:\/\/fermesleystone.com\/fr\/product\/dentelle-circulaire-rouge-de-40-pouces\/\" \/>\n<meta property=\"og:site_name\" content=\"Fermes Leystone\" \/>\n<meta property=\"article:publisher\" content=\"https:\/\/www.facebook.com\/LeystoneFarms\" \/>\n<meta name=\"twitter:card\" content=\"summary_large_image\" \/>\n<meta name=\"twitter:label1\" content=\"Dur\u00e9e de lecture estim\u00e9e\" \/>\n\t<meta name=\"twitter:data1\" content=\"1 minute\" \/>\n<script type=\"application\/ld+json\" class=\"yoast-schema-graph\">{\"@context\":\"https:\/\/schema.org\",\"@graph\":[{\"@type\":\"WebPage\",\"@id\":\"https:\/\/fermesleystone.com\/fr\/product\/dentelle-circulaire-rouge-de-40-pouces\/\",\"url\":\"https:\/\/fermesleystone.com\/fr\/product\/dentelle-circulaire-rouge-de-40-pouces\/\",\"name\":\"Dentelle circulaire rouge de 40 pouces - Fermes Leystone\",\"isPartOf\":{\"@id\":\"https:\/\/fermesleystone.com\/fr\/#website\"},\"datePublished\":\"2025-03-03T22:08:48+00:00\",\"breadcrumb\":{\"@id\":\"https:\/\/fermesleystone.com\/fr\/product\/dentelle-circulaire-rouge-de-40-pouces\/#breadcrumb\"},\"inLanguage\":\"fr-FR\",\"potentialAction\":[{\"@type\":\"ReadAction\",\"target\":[\"https:\/\/fermesleystone.com\/fr\/product\/dentelle-circulaire-rouge-de-40-pouces\/\"]}]},{\"@type\":\"BreadcrumbList\",\"@id\":\"https:\/\/fermesleystone.com\/fr\/product\/dentelle-circulaire-rouge-de-40-pouces\/#breadcrumb\",\"itemListElement\":[{\"@type\":\"ListItem\",\"position\":1,\"name\":\"Home\",\"item\":\"https:\/\/fermesleystone.com\/fr\/\"},{\"@type\":\"ListItem\",\"position\":2,\"name\":\"Shop\",\"item\":\"https:\/\/fermesleystone.com\/en\/shop\/\"},{\"@type\":\"ListItem\",\"position\":3,\"name\":\"Dentelle circulaire rouge de 40 pouces\"}]},{\"@type\":\"WebSite\",\"@id\":\"https:\/\/fermesleystone.com\/fr\/#website\",\"url\":\"https:\/\/fermesleystone.com\/fr\/\",\"name\":\"Fermes Leystone\",\"description\":\"Regenerative farm and vineyard in the Pontiac, Quebec\",\"publisher\":{\"@id\":\"https:\/\/fermesleystone.com\/fr\/#organization\"},\"potentialAction\":[{\"@type\":\"SearchAction\",\"target\":{\"@type\":\"EntryPoint\",\"urlTemplate\":\"https:\/\/fermesleystone.com\/fr\/?s={search_term_string}\"},\"query-input\":{\"@type\":\"PropertyValueSpecification\",\"valueRequired\":true,\"valueName\":\"search_term_string\"}}],\"inLanguage\":\"fr-FR\"},{\"@type\":\"Organization\",\"@id\":\"https:\/\/fermesleystone.com\/fr\/#organization\",\"name\":\"Fermes Leystone\",\"url\":\"https:\/\/fermesleystone.com\/fr\/\",\"logo\":{\"@type\":\"ImageObject\",\"inLanguage\":\"fr-FR\",\"@id\":\"https:\/\/fermesleystone.com\/fr\/#\/schema\/logo\/image\/\",\"url\":\"https:\/\/fermesleystone.com\/wp-content\/uploads\/2022\/10\/LEYSTONE_logo_final_2-tone_mortar_grey-e1665165989188.png\",\"contentUrl\":\"https:\/\/fermesleystone.com\/wp-content\/uploads\/2022\/10\/LEYSTONE_logo_final_2-tone_mortar_grey-e1665165989188.png\",\"width\":5600,\"height\":1960,\"caption\":\"Fermes Leystone\"},\"image\":{\"@id\":\"https:\/\/fermesleystone.com\/fr\/#\/schema\/logo\/image\/\"},\"sameAs\":[\"https:\/\/www.facebook.com\/LeystoneFarms\",\"https:\/\/www.instagram.com\/leystonefarms\/\"]}]}<\/script>\n<!-- \/ Yoast SEO plugin. -->","yoast_head_json":{"title":"Dentelle circulaire rouge de 40 pouces - Fermes Leystone","robots":{"index":"index","follow":"follow","max-snippet":"max-snippet:-1","max-image-preview":"max-image-preview:large","max-video-preview":"max-video-preview:-1"},"canonical":"https:\/\/fermesleystone.com\/fr\/product\/dentelle-circulaire-rouge-de-40-pouces\/","og_locale":"fr_FR","og_type":"article","og_title":"Dentelle circulaire rouge de 40 pouces - Fermes Leystone","og_description":"par ChiaoGoo 6040 Tricot ROUGE Acier circulaire 40&Prime;\/100cm Les circulaires chirurgicales en acier inoxydable de la gamme Knit RED de 40&Prime; (100 cm) ont une finition lisse et satin\u00e9e et un c\u00e2ble en acier multibrins sans m\u00e9moire, recouvert de nylon rouge, qui permet au fil de glisser directement dessus. Les pointes usin\u00e9es avec pr\u00e9cision sont [&hellip;]","og_url":"https:\/\/fermesleystone.com\/fr\/product\/dentelle-circulaire-rouge-de-40-pouces\/","og_site_name":"Fermes Leystone","article_publisher":"https:\/\/www.facebook.com\/LeystoneFarms","twitter_card":"summary_large_image","twitter_misc":{"Dur\u00e9e de lecture estim\u00e9e":"1 minute"},"schema":{"@context":"https:\/\/schema.org","@graph":[{"@type":"WebPage","@id":"https:\/\/fermesleystone.com\/fr\/product\/dentelle-circulaire-rouge-de-40-pouces\/","url":"https:\/\/fermesleystone.com\/fr\/product\/dentelle-circulaire-rouge-de-40-pouces\/","name":"Dentelle circulaire rouge de 40 pouces - Fermes Leystone","isPartOf":{"@id":"https:\/\/fermesleystone.com\/fr\/#website"},"datePublished":"2025-03-03T22:08:48+00:00","breadcrumb":{"@id":"https:\/\/fermesleystone.com\/fr\/product\/dentelle-circulaire-rouge-de-40-pouces\/#breadcrumb"},"inLanguage":"fr-FR","potentialAction":[{"@type":"ReadAction","target":["https:\/\/fermesleystone.com\/fr\/product\/dentelle-circulaire-rouge-de-40-pouces\/"]}]},{"@type":"BreadcrumbList","@id":"https:\/\/fermesleystone.com\/fr\/product\/dentelle-circulaire-rouge-de-40-pouces\/#breadcrumb","itemListElement":[{"@type":"ListItem","position":1,"name":"Home","item":"https:\/\/fermesleystone.com\/fr\/"},{"@type":"ListItem","position":2,"name":"Shop","item":"https:\/\/fermesleystone.com\/en\/shop\/"},{"@type":"ListItem","position":3,"name":"Dentelle circulaire rouge de 40 pouces"}]},{"@type":"WebSite","@id":"https:\/\/fermesleystone.com\/fr\/#website","url":"https:\/\/fermesleystone.com\/fr\/","name":"Fermes Leystone","description":"Regenerative farm and vineyard in the Pontiac, Quebec","publisher":{"@id":"https:\/\/fermesleystone.com\/fr\/#organization"},"potentialAction":[{"@type":"SearchAction","target":{"@type":"EntryPoint","urlTemplate":"https:\/\/fermesleystone.com\/fr\/?s={search_term_string}"},"query-input":{"@type":"PropertyValueSpecification","valueRequired":true,"valueName":"search_term_string"}}],"inLanguage":"fr-FR"},{"@type":"Organization","@id":"https:\/\/fermesleystone.com\/fr\/#organization","name":"Fermes Leystone","url":"https:\/\/fermesleystone.com\/fr\/","logo":{"@type":"ImageObject","inLanguage":"fr-FR","@id":"https:\/\/fermesleystone.com\/fr\/#\/schema\/logo\/image\/","url":"https:\/\/fermesleystone.com\/wp-content\/uploads\/2022\/10\/LEYSTONE_logo_final_2-tone_mortar_grey-e1665165989188.png","contentUrl":"https:\/\/fermesleystone.com\/wp-content\/uploads\/2022\/10\/LEYSTONE_logo_final_2-tone_mortar_grey-e1665165989188.png","width":5600,"height":1960,"caption":"Fermes Leystone"},"image":{"@id":"https:\/\/fermesleystone.com\/fr\/#\/schema\/logo\/image\/"},"sameAs":["https:\/\/www.facebook.com\/LeystoneFarms","https:\/\/www.instagram.com\/leystonefarms\/"]}]}},"jetpack_sharing_enabled":true,"_links":{"self":[{"href":"https:\/\/fermesleystone.com\/fr\/wp-json\/wp\/v2\/product\/3506","targetHints":{"allow":["GET"]}}],"collection":[{"href":"https:\/\/fermesleystone.com\/fr\/wp-json\/wp\/v2\/product"}],"about":[{"href":"https:\/\/fermesleystone.com\/fr\/wp-json\/wp\/v2\/types\/product"}],"replies":[{"embeddable":true,"href":"https:\/\/fermesleystone.com\/fr\/wp-json\/wp\/v2\/comments?post=3506"}],"wp:attachment":[{"href":"https:\/\/fermesleystone.com\/fr\/wp-json\/wp\/v2\/media?parent=3506"}],"wp:term":[{"taxonomy":"product_brand","embeddable":true,"href":"https:\/\/fermesleystone.com\/fr\/wp-json\/wp\/v2\/product_brand?post=3506"},{"taxonomy":"product_cat","embeddable":true,"href":"https:\/\/fermesleystone.com\/fr\/wp-json\/wp\/v2\/product_cat?post=3506"},{"taxonomy":"product_tag","embeddable":true,"href":"https:\/\/fermesleystone.com\/fr\/wp-json\/wp\/v2\/product_tag?post=3506"}],"curies":[{"name":"wp","href":"https:\/\/api.w.org\/{rel}","templated":true}]}}