{"id":3519,"date":"2025-03-03T22:05:59","date_gmt":"2025-03-03T22:05:59","guid":{"rendered":"https:\/\/fermesleystone.com\/product\/garden-love-wool-pellets-stocking-stuffer\/"},"modified":"2025-03-03T22:05:59","modified_gmt":"2025-03-03T22:05:59","slug":"garden-love-wool-pellets-stocking-stuffer","status":"publish","type":"product","link":"https:\/\/fermesleystone.com\/fr\/product\/garden-love-wool-pellets-stocking-stuffer\/","title":{"rendered":"Garden Love Wool Pellets\u2122 Stocking Stuffer !"},"content":{"rendered":"<p>Pour une dur\u00e9e limit\u00e9e, nous avons une version sp\u00e9ciale Stocking Stuffer de nos populaires Garden Love Wool Pellets\u2122. La surprise parfaite pour le jardinier \u00e0 la p\u00e9riode de No\u00ebl ! !! <\/p>\n<p>Les granul\u00e9s de laine sont un compl\u00e9ment id\u00e9al pour votre jardin ou vos plantes en pot. Les granul\u00e9s de laine retiennent 20 fois leur poids en eau. Les granul\u00e9s de laine aident \u00e0 a\u00e9rer le sol et \u00e0 repousser les insectes et les nuisibles. Les granul\u00e9s de laine sont une bonne source d&rsquo;azote et de carbone pour le sol (9-0-2). Les granul\u00e9s de laine peuvent \u00eatre m\u00e9lang\u00e9s \u00e0 votre sol pour le renforcer.    <\/p>\n<p>Les raisons pour lesquelles nous les aimons sont si convaincantes !<\/p>\n<ul>\n<li>Ils retiennent 20 fois leur poids en eau, ce qui permet de r\u00e9duire l&rsquo;arrosage et de maintenir les plantes en bonne sant\u00e9.<\/li>\n<li>A\u00e9rez le sol. Les granul\u00e9s de laine se dilatent sous l&rsquo;effet de l&rsquo;eau, ce qui emp\u00eache le sol de se compacter au fil du temps et am\u00e9liore l&rsquo;acc\u00e8s de votre plante \u00e0 l&rsquo;oxyg\u00e8ne.<\/li>\n<li>Fertilisez les plantes (NPK 9-0-2). Les granul\u00e9s de laine fournissent un engrais azot\u00e9 \u00e0 lib\u00e9ration lente avec de petites quantit\u00e9s de potassium ainsi que du calcium, du magn\u00e9sium, du fer, du soufre et des micronutriments.<\/li>\n<li>Repousse les nuisibles et les insectes et garde vos plantes plus saines.<\/li>\n<li>Recycler les nutriments dans le sol. En broutant, les moutons mangent des plantes qui ont puis\u00e9 des nutriments dans le sol. L&rsquo;utilisation de granul\u00e9s de laine renvoie ces nutriments \u00e0 leur point de d\u00e9part.<\/li>\n<li>Les Garden Love Wool Pellets\u2122 sont une solution de jardinage b\u00e9n\u00e9fique pour le climat qui retient le carbone dans le sol et se biod\u00e9grade au fil du temps.<\/li>\n<li>La laine brute provient de l&rsquo;ouest du Qu\u00e9bec et de l&rsquo;est de l&rsquo;Ontario. La transformation des \u00ab\u00a0d\u00e9chets de laine\u00a0\u00bb en granul\u00e9s offre aux agriculteurs une alternative positive \u00e0 la mise au rebut de leur laine.<\/li>\n<\/ul>\n","protected":false},"excerpt":{"rendered":"<p>Pour une dur\u00e9e limit\u00e9e, nous avons une version sp\u00e9ciale Stocking Stuffer de nos populaires Garden Love Wool Pellets\u2122. La surprise parfaite pour le jardinier \u00e0 la p\u00e9riode de No\u00ebl ! !! Les granul\u00e9s de laine sont un compl\u00e9ment id\u00e9al pour votre jardin ou vos plantes en pot. Les granul\u00e9s de laine retiennent 20 fois leur [&hellip;]<\/p>\n","protected":false},"featured_media":0,"comment_status":"open","ping_status":"closed","template":"","meta":{"_et_pb_use_builder":"","_et_pb_old_content":"","_et_gb_content_width":""},"product_brand":[],"product_cat":[231],"product_tag":[233,232],"class_list":{"0":"post-3519","1":"product","2":"type-product","3":"status-publish","5":"product_cat-pellets-de-laine","6":"product_tag-granules","7":"product_tag-laine-fr","9":"first","10":"instock","11":"taxable","12":"shipping-taxable","13":"product-type-simple"},"yoast_head":"<!-- This site is optimized with the Yoast SEO plugin v24.4 - https:\/\/yoast.com\/wordpress\/plugins\/seo\/ -->\n<title>Garden Love Wool Pellets\u2122 Stocking Stuffer ! - Fermes Leystone<\/title>\n<meta name=\"robots\" content=\"index, follow, max-snippet:-1, max-image-preview:large, max-video-preview:-1\" \/>\n<link rel=\"canonical\" href=\"https:\/\/fermesleystone.com\/fr\/product\/garden-love-wool-pellets-stocking-stuffer\/\" \/>\n<meta property=\"og:locale\" content=\"fr_FR\" \/>\n<meta property=\"og:type\" content=\"article\" \/>\n<meta property=\"og:title\" content=\"Garden Love Wool Pellets\u2122 Stocking Stuffer ! - Fermes Leystone\" \/>\n<meta property=\"og:description\" content=\"Pour une dur\u00e9e limit\u00e9e, nous avons une version sp\u00e9ciale Stocking Stuffer de nos populaires Garden Love Wool Pellets\u2122. La surprise parfaite pour le jardinier \u00e0 la p\u00e9riode de No\u00ebl ! !! Les granul\u00e9s de laine sont un compl\u00e9ment id\u00e9al pour votre jardin ou vos plantes en pot. Les granul\u00e9s de laine retiennent 20 fois leur [&hellip;]\" \/>\n<meta property=\"og:url\" content=\"https:\/\/fermesleystone.com\/fr\/product\/garden-love-wool-pellets-stocking-stuffer\/\" \/>\n<meta property=\"og:site_name\" content=\"Fermes Leystone\" \/>\n<meta property=\"article:publisher\" content=\"https:\/\/www.facebook.com\/LeystoneFarms\" \/>\n<meta name=\"twitter:card\" content=\"summary_large_image\" \/>\n<meta name=\"twitter:label1\" content=\"Dur\u00e9e de lecture estim\u00e9e\" \/>\n\t<meta name=\"twitter:data1\" content=\"2 minutes\" \/>\n<script type=\"application\/ld+json\" class=\"yoast-schema-graph\">{\"@context\":\"https:\/\/schema.org\",\"@graph\":[{\"@type\":\"WebPage\",\"@id\":\"https:\/\/fermesleystone.com\/fr\/product\/garden-love-wool-pellets-stocking-stuffer\/\",\"url\":\"https:\/\/fermesleystone.com\/fr\/product\/garden-love-wool-pellets-stocking-stuffer\/\",\"name\":\"Garden Love Wool Pellets\u2122 Stocking Stuffer ! - Fermes Leystone\",\"isPartOf\":{\"@id\":\"https:\/\/fermesleystone.com\/fr\/#website\"},\"datePublished\":\"2025-03-03T22:05:59+00:00\",\"breadcrumb\":{\"@id\":\"https:\/\/fermesleystone.com\/fr\/product\/garden-love-wool-pellets-stocking-stuffer\/#breadcrumb\"},\"inLanguage\":\"fr-FR\",\"potentialAction\":[{\"@type\":\"ReadAction\",\"target\":[\"https:\/\/fermesleystone.com\/fr\/product\/garden-love-wool-pellets-stocking-stuffer\/\"]}]},{\"@type\":\"BreadcrumbList\",\"@id\":\"https:\/\/fermesleystone.com\/fr\/product\/garden-love-wool-pellets-stocking-stuffer\/#breadcrumb\",\"itemListElement\":[{\"@type\":\"ListItem\",\"position\":1,\"name\":\"Home\",\"item\":\"https:\/\/fermesleystone.com\/fr\/\"},{\"@type\":\"ListItem\",\"position\":2,\"name\":\"Shop\",\"item\":\"https:\/\/fermesleystone.com\/en\/shop\/\"},{\"@type\":\"ListItem\",\"position\":3,\"name\":\"Garden Love Wool Pellets\u2122 Stocking Stuffer !\"}]},{\"@type\":\"WebSite\",\"@id\":\"https:\/\/fermesleystone.com\/fr\/#website\",\"url\":\"https:\/\/fermesleystone.com\/fr\/\",\"name\":\"Fermes Leystone\",\"description\":\"Regenerative farm and vineyard in the Pontiac, Quebec\",\"publisher\":{\"@id\":\"https:\/\/fermesleystone.com\/fr\/#organization\"},\"potentialAction\":[{\"@type\":\"SearchAction\",\"target\":{\"@type\":\"EntryPoint\",\"urlTemplate\":\"https:\/\/fermesleystone.com\/fr\/?s={search_term_string}\"},\"query-input\":{\"@type\":\"PropertyValueSpecification\",\"valueRequired\":true,\"valueName\":\"search_term_string\"}}],\"inLanguage\":\"fr-FR\"},{\"@type\":\"Organization\",\"@id\":\"https:\/\/fermesleystone.com\/fr\/#organization\",\"name\":\"Fermes Leystone\",\"url\":\"https:\/\/fermesleystone.com\/fr\/\",\"logo\":{\"@type\":\"ImageObject\",\"inLanguage\":\"fr-FR\",\"@id\":\"https:\/\/fermesleystone.com\/fr\/#\/schema\/logo\/image\/\",\"url\":\"https:\/\/fermesleystone.com\/wp-content\/uploads\/2022\/10\/LEYSTONE_logo_final_2-tone_mortar_grey-e1665165989188.png\",\"contentUrl\":\"https:\/\/fermesleystone.com\/wp-content\/uploads\/2022\/10\/LEYSTONE_logo_final_2-tone_mortar_grey-e1665165989188.png\",\"width\":5600,\"height\":1960,\"caption\":\"Fermes Leystone\"},\"image\":{\"@id\":\"https:\/\/fermesleystone.com\/fr\/#\/schema\/logo\/image\/\"},\"sameAs\":[\"https:\/\/www.facebook.com\/LeystoneFarms\",\"https:\/\/www.instagram.com\/leystonefarms\/\"]}]}<\/script>\n<!-- \/ Yoast SEO plugin. -->","yoast_head_json":{"title":"Garden Love Wool Pellets\u2122 Stocking Stuffer ! - Fermes Leystone","robots":{"index":"index","follow":"follow","max-snippet":"max-snippet:-1","max-image-preview":"max-image-preview:large","max-video-preview":"max-video-preview:-1"},"canonical":"https:\/\/fermesleystone.com\/fr\/product\/garden-love-wool-pellets-stocking-stuffer\/","og_locale":"fr_FR","og_type":"article","og_title":"Garden Love Wool Pellets\u2122 Stocking Stuffer ! - Fermes Leystone","og_description":"Pour une dur\u00e9e limit\u00e9e, nous avons une version sp\u00e9ciale Stocking Stuffer de nos populaires Garden Love Wool Pellets\u2122. La surprise parfaite pour le jardinier \u00e0 la p\u00e9riode de No\u00ebl ! !! Les granul\u00e9s de laine sont un compl\u00e9ment id\u00e9al pour votre jardin ou vos plantes en pot. Les granul\u00e9s de laine retiennent 20 fois leur [&hellip;]","og_url":"https:\/\/fermesleystone.com\/fr\/product\/garden-love-wool-pellets-stocking-stuffer\/","og_site_name":"Fermes Leystone","article_publisher":"https:\/\/www.facebook.com\/LeystoneFarms","twitter_card":"summary_large_image","twitter_misc":{"Dur\u00e9e de lecture estim\u00e9e":"2 minutes"},"schema":{"@context":"https:\/\/schema.org","@graph":[{"@type":"WebPage","@id":"https:\/\/fermesleystone.com\/fr\/product\/garden-love-wool-pellets-stocking-stuffer\/","url":"https:\/\/fermesleystone.com\/fr\/product\/garden-love-wool-pellets-stocking-stuffer\/","name":"Garden Love Wool Pellets\u2122 Stocking Stuffer ! - Fermes Leystone","isPartOf":{"@id":"https:\/\/fermesleystone.com\/fr\/#website"},"datePublished":"2025-03-03T22:05:59+00:00","breadcrumb":{"@id":"https:\/\/fermesleystone.com\/fr\/product\/garden-love-wool-pellets-stocking-stuffer\/#breadcrumb"},"inLanguage":"fr-FR","potentialAction":[{"@type":"ReadAction","target":["https:\/\/fermesleystone.com\/fr\/product\/garden-love-wool-pellets-stocking-stuffer\/"]}]},{"@type":"BreadcrumbList","@id":"https:\/\/fermesleystone.com\/fr\/product\/garden-love-wool-pellets-stocking-stuffer\/#breadcrumb","itemListElement":[{"@type":"ListItem","position":1,"name":"Home","item":"https:\/\/fermesleystone.com\/fr\/"},{"@type":"ListItem","position":2,"name":"Shop","item":"https:\/\/fermesleystone.com\/en\/shop\/"},{"@type":"ListItem","position":3,"name":"Garden Love Wool Pellets\u2122 Stocking Stuffer !"}]},{"@type":"WebSite","@id":"https:\/\/fermesleystone.com\/fr\/#website","url":"https:\/\/fermesleystone.com\/fr\/","name":"Fermes Leystone","description":"Regenerative farm and vineyard in the Pontiac, Quebec","publisher":{"@id":"https:\/\/fermesleystone.com\/fr\/#organization"},"potentialAction":[{"@type":"SearchAction","target":{"@type":"EntryPoint","urlTemplate":"https:\/\/fermesleystone.com\/fr\/?s={search_term_string}"},"query-input":{"@type":"PropertyValueSpecification","valueRequired":true,"valueName":"search_term_string"}}],"inLanguage":"fr-FR"},{"@type":"Organization","@id":"https:\/\/fermesleystone.com\/fr\/#organization","name":"Fermes Leystone","url":"https:\/\/fermesleystone.com\/fr\/","logo":{"@type":"ImageObject","inLanguage":"fr-FR","@id":"https:\/\/fermesleystone.com\/fr\/#\/schema\/logo\/image\/","url":"https:\/\/fermesleystone.com\/wp-content\/uploads\/2022\/10\/LEYSTONE_logo_final_2-tone_mortar_grey-e1665165989188.png","contentUrl":"https:\/\/fermesleystone.com\/wp-content\/uploads\/2022\/10\/LEYSTONE_logo_final_2-tone_mortar_grey-e1665165989188.png","width":5600,"height":1960,"caption":"Fermes Leystone"},"image":{"@id":"https:\/\/fermesleystone.com\/fr\/#\/schema\/logo\/image\/"},"sameAs":["https:\/\/www.facebook.com\/LeystoneFarms","https:\/\/www.instagram.com\/leystonefarms\/"]}]}},"jetpack_sharing_enabled":true,"_links":{"self":[{"href":"https:\/\/fermesleystone.com\/fr\/wp-json\/wp\/v2\/product\/3519","targetHints":{"allow":["GET"]}}],"collection":[{"href":"https:\/\/fermesleystone.com\/fr\/wp-json\/wp\/v2\/product"}],"about":[{"href":"https:\/\/fermesleystone.com\/fr\/wp-json\/wp\/v2\/types\/product"}],"replies":[{"embeddable":true,"href":"https:\/\/fermesleystone.com\/fr\/wp-json\/wp\/v2\/comments?post=3519"}],"wp:attachment":[{"href":"https:\/\/fermesleystone.com\/fr\/wp-json\/wp\/v2\/media?parent=3519"}],"wp:term":[{"taxonomy":"product_brand","embeddable":true,"href":"https:\/\/fermesleystone.com\/fr\/wp-json\/wp\/v2\/product_brand?post=3519"},{"taxonomy":"product_cat","embeddable":true,"href":"https:\/\/fermesleystone.com\/fr\/wp-json\/wp\/v2\/product_cat?post=3519"},{"taxonomy":"product_tag","embeddable":true,"href":"https:\/\/fermesleystone.com\/fr\/wp-json\/wp\/v2\/product_tag?post=3519"}],"curies":[{"name":"wp","href":"https:\/\/api.w.org\/{rel}","templated":true}]}}