{"id":3520,"date":"2025-03-03T22:06:38","date_gmt":"2025-03-03T22:06:38","guid":{"rendered":"https:\/\/fermesleystone.com\/product\/cours-de-tricot-en-petit-groupe-6-cours\/"},"modified":"2025-03-03T22:06:38","modified_gmt":"2025-03-03T22:06:38","slug":"cours-de-tricot-en-petit-groupe-6-cours","status":"publish","type":"product","link":"https:\/\/fermesleystone.com\/fr\/product\/cours-de-tricot-en-petit-groupe-6-cours\/","title":{"rendered":"Cours de tricot en petit groupe (6 cours)"},"content":{"rendered":"<p>Vous cherchez \u00e0 d\u00e9velopper votre cr\u00e9ativit\u00e9 ? Vous voulez passer une bonne soir\u00e9e entre amis ? Vous voulez faire un cadeau unique ?  <\/p>\n<p>Les cours de tricot au studio de <em>Fermes Leystone Farms <\/em>, situ\u00e9 au bord du vignoble, constituent une soir\u00e9e sociale agr\u00e9able et une occasion d&rsquo;acqu\u00e9rir de nouvelles comp\u00e9tences. Les cours pour adultes durent 90 minutes et sont adapt\u00e9s au niveau d&rsquo;exp\u00e9rience des participants. <\/p>\n<p>&#8211; Vous ne savez pas distinguer une aiguille \u00e0 tricoter d&rsquo;une aiguille \u00e0 repriser ? Pas de probl\u00e8me ! <\/p>\n<p>&#8211; Pris dans la routine sans fin du torchon au point de jersey ? Nous avons ce qu&rsquo;il vous faut !   <\/p>\n<p>&#8211; Vous \u00eates d\u00e9j\u00e0 \u00e0 l&rsquo;aise avec les tricots et les \u00e9pures, mais vous ne savez pas comment vous aventurer dans le tricotage d&rsquo;accessoires ou de v\u00eatements ? Nous vous aiderons \u00e0 franchir les prochaines \u00e9tapes ! <\/p>\n<p><strong>Le lundi soir, de 19h30 \u00e0 21h00, vous pouvez commencer \u00e0 n&rsquo;importe quelle heure. Le forfait comprend six le\u00e7ons. <\/strong><\/p>\n<p>Situ\u00e9 \u00e0 Luskville, QC (aux quatre voies).<\/p>\n<p>Instructions disponibles en anglais et en fran\u00e7ais.<\/p>\n<p>Kit de d\u00e9marrage de tricot vendu s\u00e9par\u00e9ment (25 $).<\/p>\n","protected":false},"excerpt":{"rendered":"<p>Vous cherchez \u00e0 d\u00e9velopper votre cr\u00e9ativit\u00e9 ? Vous voulez passer une bonne soir\u00e9e entre amis ? Vous voulez faire un cadeau unique ? Les cours de tricot au studio de Fermes Leystone Farms , situ\u00e9 au bord du vignoble, constituent une soir\u00e9e sociale agr\u00e9able et une occasion d&rsquo;acqu\u00e9rir de nouvelles comp\u00e9tences. Les cours pour adultes [&hellip;]<\/p>\n","protected":false},"featured_media":0,"comment_status":"open","ping_status":"closed","template":"","meta":{"_et_pb_use_builder":"","_et_pb_old_content":"","_et_gb_content_width":""},"product_brand":[],"product_cat":[42],"product_tag":[168,180,234,167,184,235,181,182,183,169],"class_list":{"0":"post-3520","1":"product","2":"type-product","3":"status-publish","5":"product_cat-uncategorized","6":"product_tag-168","7":"product_tag-classes-fr","8":"product_tag-experiences-fr","9":"product_tag-fil","10":"product_tag-groupe","11":"product_tag-lhiver-fr","12":"product_tag-le-tricot","13":"product_tag-lecons","14":"product_tag-petit","15":"product_tag-tricot","17":"first","18":"instock","19":"virtual","20":"product-type-simple"},"yoast_head":"<!-- This site is optimized with the Yoast SEO plugin v24.4 - https:\/\/yoast.com\/wordpress\/plugins\/seo\/ -->\n<title>Cours de tricot en petit groupe (6 cours) - Fermes Leystone<\/title>\n<meta name=\"robots\" content=\"index, follow, max-snippet:-1, max-image-preview:large, max-video-preview:-1\" \/>\n<link rel=\"canonical\" href=\"https:\/\/fermesleystone.com\/fr\/product\/cours-de-tricot-en-petit-groupe-6-cours\/\" \/>\n<meta property=\"og:locale\" content=\"fr_FR\" \/>\n<meta property=\"og:type\" content=\"article\" \/>\n<meta property=\"og:title\" content=\"Cours de tricot en petit groupe (6 cours) - Fermes Leystone\" \/>\n<meta property=\"og:description\" content=\"Vous cherchez \u00e0 d\u00e9velopper votre cr\u00e9ativit\u00e9 ? Vous voulez passer une bonne soir\u00e9e entre amis ? Vous voulez faire un cadeau unique ? Les cours de tricot au studio de Fermes Leystone Farms , situ\u00e9 au bord du vignoble, constituent une soir\u00e9e sociale agr\u00e9able et une occasion d&rsquo;acqu\u00e9rir de nouvelles comp\u00e9tences. Les cours pour adultes [&hellip;]\" \/>\n<meta property=\"og:url\" content=\"https:\/\/fermesleystone.com\/fr\/product\/cours-de-tricot-en-petit-groupe-6-cours\/\" \/>\n<meta property=\"og:site_name\" content=\"Fermes Leystone\" \/>\n<meta property=\"article:publisher\" content=\"https:\/\/www.facebook.com\/LeystoneFarms\" \/>\n<meta name=\"twitter:card\" content=\"summary_large_image\" \/>\n<meta name=\"twitter:label1\" content=\"Dur\u00e9e de lecture estim\u00e9e\" \/>\n\t<meta name=\"twitter:data1\" content=\"1 minute\" \/>\n<script type=\"application\/ld+json\" class=\"yoast-schema-graph\">{\"@context\":\"https:\/\/schema.org\",\"@graph\":[{\"@type\":\"WebPage\",\"@id\":\"https:\/\/fermesleystone.com\/fr\/product\/cours-de-tricot-en-petit-groupe-6-cours\/\",\"url\":\"https:\/\/fermesleystone.com\/fr\/product\/cours-de-tricot-en-petit-groupe-6-cours\/\",\"name\":\"Cours de tricot en petit groupe (6 cours) - Fermes Leystone\",\"isPartOf\":{\"@id\":\"https:\/\/fermesleystone.com\/fr\/#website\"},\"datePublished\":\"2025-03-03T22:06:38+00:00\",\"breadcrumb\":{\"@id\":\"https:\/\/fermesleystone.com\/fr\/product\/cours-de-tricot-en-petit-groupe-6-cours\/#breadcrumb\"},\"inLanguage\":\"fr-FR\",\"potentialAction\":[{\"@type\":\"ReadAction\",\"target\":[\"https:\/\/fermesleystone.com\/fr\/product\/cours-de-tricot-en-petit-groupe-6-cours\/\"]}]},{\"@type\":\"BreadcrumbList\",\"@id\":\"https:\/\/fermesleystone.com\/fr\/product\/cours-de-tricot-en-petit-groupe-6-cours\/#breadcrumb\",\"itemListElement\":[{\"@type\":\"ListItem\",\"position\":1,\"name\":\"Home\",\"item\":\"https:\/\/fermesleystone.com\/fr\/\"},{\"@type\":\"ListItem\",\"position\":2,\"name\":\"Shop\",\"item\":\"https:\/\/fermesleystone.com\/en\/shop\/\"},{\"@type\":\"ListItem\",\"position\":3,\"name\":\"Cours de tricot en petit groupe (6 cours)\"}]},{\"@type\":\"WebSite\",\"@id\":\"https:\/\/fermesleystone.com\/fr\/#website\",\"url\":\"https:\/\/fermesleystone.com\/fr\/\",\"name\":\"Fermes Leystone\",\"description\":\"Regenerative farm and vineyard in the Pontiac, Quebec\",\"publisher\":{\"@id\":\"https:\/\/fermesleystone.com\/fr\/#organization\"},\"potentialAction\":[{\"@type\":\"SearchAction\",\"target\":{\"@type\":\"EntryPoint\",\"urlTemplate\":\"https:\/\/fermesleystone.com\/fr\/?s={search_term_string}\"},\"query-input\":{\"@type\":\"PropertyValueSpecification\",\"valueRequired\":true,\"valueName\":\"search_term_string\"}}],\"inLanguage\":\"fr-FR\"},{\"@type\":\"Organization\",\"@id\":\"https:\/\/fermesleystone.com\/fr\/#organization\",\"name\":\"Fermes Leystone\",\"url\":\"https:\/\/fermesleystone.com\/fr\/\",\"logo\":{\"@type\":\"ImageObject\",\"inLanguage\":\"fr-FR\",\"@id\":\"https:\/\/fermesleystone.com\/fr\/#\/schema\/logo\/image\/\",\"url\":\"https:\/\/fermesleystone.com\/wp-content\/uploads\/2022\/10\/LEYSTONE_logo_final_2-tone_mortar_grey-e1665165989188.png\",\"contentUrl\":\"https:\/\/fermesleystone.com\/wp-content\/uploads\/2022\/10\/LEYSTONE_logo_final_2-tone_mortar_grey-e1665165989188.png\",\"width\":5600,\"height\":1960,\"caption\":\"Fermes Leystone\"},\"image\":{\"@id\":\"https:\/\/fermesleystone.com\/fr\/#\/schema\/logo\/image\/\"},\"sameAs\":[\"https:\/\/www.facebook.com\/LeystoneFarms\",\"https:\/\/www.instagram.com\/leystonefarms\/\"]}]}<\/script>\n<!-- \/ Yoast SEO plugin. -->","yoast_head_json":{"title":"Cours de tricot en petit groupe (6 cours) - Fermes Leystone","robots":{"index":"index","follow":"follow","max-snippet":"max-snippet:-1","max-image-preview":"max-image-preview:large","max-video-preview":"max-video-preview:-1"},"canonical":"https:\/\/fermesleystone.com\/fr\/product\/cours-de-tricot-en-petit-groupe-6-cours\/","og_locale":"fr_FR","og_type":"article","og_title":"Cours de tricot en petit groupe (6 cours) - Fermes Leystone","og_description":"Vous cherchez \u00e0 d\u00e9velopper votre cr\u00e9ativit\u00e9 ? Vous voulez passer une bonne soir\u00e9e entre amis ? Vous voulez faire un cadeau unique ? Les cours de tricot au studio de Fermes Leystone Farms , situ\u00e9 au bord du vignoble, constituent une soir\u00e9e sociale agr\u00e9able et une occasion d&rsquo;acqu\u00e9rir de nouvelles comp\u00e9tences. Les cours pour adultes [&hellip;]","og_url":"https:\/\/fermesleystone.com\/fr\/product\/cours-de-tricot-en-petit-groupe-6-cours\/","og_site_name":"Fermes Leystone","article_publisher":"https:\/\/www.facebook.com\/LeystoneFarms","twitter_card":"summary_large_image","twitter_misc":{"Dur\u00e9e de lecture estim\u00e9e":"1 minute"},"schema":{"@context":"https:\/\/schema.org","@graph":[{"@type":"WebPage","@id":"https:\/\/fermesleystone.com\/fr\/product\/cours-de-tricot-en-petit-groupe-6-cours\/","url":"https:\/\/fermesleystone.com\/fr\/product\/cours-de-tricot-en-petit-groupe-6-cours\/","name":"Cours de tricot en petit groupe (6 cours) - Fermes Leystone","isPartOf":{"@id":"https:\/\/fermesleystone.com\/fr\/#website"},"datePublished":"2025-03-03T22:06:38+00:00","breadcrumb":{"@id":"https:\/\/fermesleystone.com\/fr\/product\/cours-de-tricot-en-petit-groupe-6-cours\/#breadcrumb"},"inLanguage":"fr-FR","potentialAction":[{"@type":"ReadAction","target":["https:\/\/fermesleystone.com\/fr\/product\/cours-de-tricot-en-petit-groupe-6-cours\/"]}]},{"@type":"BreadcrumbList","@id":"https:\/\/fermesleystone.com\/fr\/product\/cours-de-tricot-en-petit-groupe-6-cours\/#breadcrumb","itemListElement":[{"@type":"ListItem","position":1,"name":"Home","item":"https:\/\/fermesleystone.com\/fr\/"},{"@type":"ListItem","position":2,"name":"Shop","item":"https:\/\/fermesleystone.com\/en\/shop\/"},{"@type":"ListItem","position":3,"name":"Cours de tricot en petit groupe (6 cours)"}]},{"@type":"WebSite","@id":"https:\/\/fermesleystone.com\/fr\/#website","url":"https:\/\/fermesleystone.com\/fr\/","name":"Fermes Leystone","description":"Regenerative farm and vineyard in the Pontiac, Quebec","publisher":{"@id":"https:\/\/fermesleystone.com\/fr\/#organization"},"potentialAction":[{"@type":"SearchAction","target":{"@type":"EntryPoint","urlTemplate":"https:\/\/fermesleystone.com\/fr\/?s={search_term_string}"},"query-input":{"@type":"PropertyValueSpecification","valueRequired":true,"valueName":"search_term_string"}}],"inLanguage":"fr-FR"},{"@type":"Organization","@id":"https:\/\/fermesleystone.com\/fr\/#organization","name":"Fermes Leystone","url":"https:\/\/fermesleystone.com\/fr\/","logo":{"@type":"ImageObject","inLanguage":"fr-FR","@id":"https:\/\/fermesleystone.com\/fr\/#\/schema\/logo\/image\/","url":"https:\/\/fermesleystone.com\/wp-content\/uploads\/2022\/10\/LEYSTONE_logo_final_2-tone_mortar_grey-e1665165989188.png","contentUrl":"https:\/\/fermesleystone.com\/wp-content\/uploads\/2022\/10\/LEYSTONE_logo_final_2-tone_mortar_grey-e1665165989188.png","width":5600,"height":1960,"caption":"Fermes Leystone"},"image":{"@id":"https:\/\/fermesleystone.com\/fr\/#\/schema\/logo\/image\/"},"sameAs":["https:\/\/www.facebook.com\/LeystoneFarms","https:\/\/www.instagram.com\/leystonefarms\/"]}]}},"jetpack_sharing_enabled":true,"_links":{"self":[{"href":"https:\/\/fermesleystone.com\/fr\/wp-json\/wp\/v2\/product\/3520","targetHints":{"allow":["GET"]}}],"collection":[{"href":"https:\/\/fermesleystone.com\/fr\/wp-json\/wp\/v2\/product"}],"about":[{"href":"https:\/\/fermesleystone.com\/fr\/wp-json\/wp\/v2\/types\/product"}],"replies":[{"embeddable":true,"href":"https:\/\/fermesleystone.com\/fr\/wp-json\/wp\/v2\/comments?post=3520"}],"wp:attachment":[{"href":"https:\/\/fermesleystone.com\/fr\/wp-json\/wp\/v2\/media?parent=3520"}],"wp:term":[{"taxonomy":"product_brand","embeddable":true,"href":"https:\/\/fermesleystone.com\/fr\/wp-json\/wp\/v2\/product_brand?post=3520"},{"taxonomy":"product_cat","embeddable":true,"href":"https:\/\/fermesleystone.com\/fr\/wp-json\/wp\/v2\/product_cat?post=3520"},{"taxonomy":"product_tag","embeddable":true,"href":"https:\/\/fermesleystone.com\/fr\/wp-json\/wp\/v2\/product_tag?post=3520"}],"curies":[{"name":"wp","href":"https:\/\/api.w.org\/{rel}","templated":true}]}}