{"id":3521,"date":"2025-03-03T22:05:17","date_gmt":"2025-03-03T22:05:17","guid":{"rendered":"https:\/\/fermesleystone.com\/product\/programme-bee-inspired\/"},"modified":"2025-03-03T22:05:17","modified_gmt":"2025-03-03T22:05:17","slug":"programme-bee-inspired","status":"publish","type":"product","link":"https:\/\/fermesleystone.com\/fr\/product\/programme-bee-inspired\/","title":{"rendered":"Programme \u00ab\u00a0Bee Inspired"},"content":{"rendered":"<h4><strong>Si les abeilles partent, nous partons. C&rsquo;est aussi simple que cela.<\/strong><\/h4>\n<p>Leur activit\u00e9 maintient la vie sur cette plan\u00e8te, dans notre pays, dans notre voisinage. Leur travail produit les plus belles r\u00e9compenses.<br data-mce-fragment=\"1\"><br data-mce-fragment=\"1\"><strong>Rejoignez-nous en prenant une mesure unique et puissante pour soutenir les abeilles.<\/strong><br data-mce-fragment=\"1\"><br data-mce-fragment=\"1\">Pour seulement 50 dollars, vous pouvez faire une \u00e9norme diff\u00e9rence. Vous recevez :<br data-mce-fragment=\"1\"><\/p>\n<ul>\n<li>Une \u00ab\u00a0cassette\u00a0\u00bb unique de nid d&rsquo;abeilles &#8211; la chose la plus pr\u00e9cieuse que les abeilles cr\u00e9ent et la seule fa\u00e7on dont vous pouvez l&rsquo;obtenir de notre part<\/li>\n<li>Un pot de 375 g de miel Leystone<\/li>\n<li>Un paquet de graines de fleurs sauvages locales pour renforcer l&rsquo;habitat des abeilles<\/li>\n<\/ul>\n<h4>Lorsque vous investissez dans les abeilles, nous investissons dans les abeilles.<\/h4>\n<p><span style=\"font-family: -apple-system, BlinkMacSystemFont, 'San Francisco', 'Segoe UI', Roboto, 'Helvetica Neue', sans-serif; font-size: 0.875rem;\">Chaque fois qu&rsquo;une personne choisit de soutenir les abeilles par le biais du programme Bee Inspired, Matches Seeds et Leystone Farms planteront \u00e9galement le m\u00eame nombre de graines de fleurs sauvages locales afin de cr\u00e9er un environnement robuste et durable permettant aux abeilles de prosp\u00e9rer.<\/span><\/p>\n","protected":false},"excerpt":{"rendered":"<p>Si les abeilles partent, nous partons. C&rsquo;est aussi simple que cela. Leur activit\u00e9 maintient la vie sur cette plan\u00e8te, dans notre pays, dans notre voisinage. Leur travail produit les plus belles r\u00e9compenses.Rejoignez-nous en prenant une mesure unique et puissante pour soutenir les abeilles.Pour seulement 50 dollars, vous pouvez faire une \u00e9norme diff\u00e9rence. Vous recevez : [&hellip;]<\/p>\n","protected":false},"featured_media":0,"comment_status":"open","ping_status":"closed","template":"","meta":{"_et_pb_use_builder":"","_et_pb_old_content":"","_et_gb_content_width":""},"product_brand":[],"product_cat":[42],"product_tag":[196,197],"class_list":{"0":"post-3521","1":"product","2":"type-product","3":"status-publish","5":"product_cat-uncategorized","6":"product_tag-delicieux","7":"product_tag-miel","9":"first","10":"instock","11":"taxable","12":"shipping-taxable","13":"product-type-simple"},"yoast_head":"<!-- This site is optimized with the Yoast SEO plugin v24.4 - https:\/\/yoast.com\/wordpress\/plugins\/seo\/ -->\n<title>Programme &quot;Bee Inspired - Fermes Leystone<\/title>\n<meta name=\"robots\" content=\"index, follow, max-snippet:-1, max-image-preview:large, max-video-preview:-1\" \/>\n<link rel=\"canonical\" href=\"https:\/\/fermesleystone.com\/fr\/product\/programme-bee-inspired\/\" \/>\n<meta property=\"og:locale\" content=\"fr_FR\" \/>\n<meta property=\"og:type\" content=\"article\" \/>\n<meta property=\"og:title\" content=\"Programme &quot;Bee Inspired - Fermes Leystone\" \/>\n<meta property=\"og:description\" content=\"Si les abeilles partent, nous partons. C&rsquo;est aussi simple que cela. Leur activit\u00e9 maintient la vie sur cette plan\u00e8te, dans notre pays, dans notre voisinage. Leur travail produit les plus belles r\u00e9compenses.Rejoignez-nous en prenant une mesure unique et puissante pour soutenir les abeilles.Pour seulement 50 dollars, vous pouvez faire une \u00e9norme diff\u00e9rence. Vous recevez : [&hellip;]\" \/>\n<meta property=\"og:url\" content=\"https:\/\/fermesleystone.com\/fr\/product\/programme-bee-inspired\/\" \/>\n<meta property=\"og:site_name\" content=\"Fermes Leystone\" \/>\n<meta property=\"article:publisher\" content=\"https:\/\/www.facebook.com\/LeystoneFarms\" \/>\n<meta name=\"twitter:card\" content=\"summary_large_image\" \/>\n<meta name=\"twitter:label1\" content=\"Dur\u00e9e de lecture estim\u00e9e\" \/>\n\t<meta name=\"twitter:data1\" content=\"1 minute\" \/>\n<script type=\"application\/ld+json\" class=\"yoast-schema-graph\">{\"@context\":\"https:\/\/schema.org\",\"@graph\":[{\"@type\":\"WebPage\",\"@id\":\"https:\/\/fermesleystone.com\/fr\/product\/programme-bee-inspired\/\",\"url\":\"https:\/\/fermesleystone.com\/fr\/product\/programme-bee-inspired\/\",\"name\":\"Programme \\\"Bee Inspired - Fermes Leystone\",\"isPartOf\":{\"@id\":\"https:\/\/fermesleystone.com\/fr\/#website\"},\"datePublished\":\"2025-03-03T22:05:17+00:00\",\"breadcrumb\":{\"@id\":\"https:\/\/fermesleystone.com\/fr\/product\/programme-bee-inspired\/#breadcrumb\"},\"inLanguage\":\"fr-FR\",\"potentialAction\":[{\"@type\":\"ReadAction\",\"target\":[\"https:\/\/fermesleystone.com\/fr\/product\/programme-bee-inspired\/\"]}]},{\"@type\":\"BreadcrumbList\",\"@id\":\"https:\/\/fermesleystone.com\/fr\/product\/programme-bee-inspired\/#breadcrumb\",\"itemListElement\":[{\"@type\":\"ListItem\",\"position\":1,\"name\":\"Home\",\"item\":\"https:\/\/fermesleystone.com\/fr\/\"},{\"@type\":\"ListItem\",\"position\":2,\"name\":\"Shop\",\"item\":\"https:\/\/fermesleystone.com\/en\/shop\/\"},{\"@type\":\"ListItem\",\"position\":3,\"name\":\"Programme \u00ab\u00a0Bee Inspired\"}]},{\"@type\":\"WebSite\",\"@id\":\"https:\/\/fermesleystone.com\/fr\/#website\",\"url\":\"https:\/\/fermesleystone.com\/fr\/\",\"name\":\"Fermes Leystone\",\"description\":\"Regenerative farm and vineyard in the Pontiac, Quebec\",\"publisher\":{\"@id\":\"https:\/\/fermesleystone.com\/fr\/#organization\"},\"potentialAction\":[{\"@type\":\"SearchAction\",\"target\":{\"@type\":\"EntryPoint\",\"urlTemplate\":\"https:\/\/fermesleystone.com\/fr\/?s={search_term_string}\"},\"query-input\":{\"@type\":\"PropertyValueSpecification\",\"valueRequired\":true,\"valueName\":\"search_term_string\"}}],\"inLanguage\":\"fr-FR\"},{\"@type\":\"Organization\",\"@id\":\"https:\/\/fermesleystone.com\/fr\/#organization\",\"name\":\"Fermes Leystone\",\"url\":\"https:\/\/fermesleystone.com\/fr\/\",\"logo\":{\"@type\":\"ImageObject\",\"inLanguage\":\"fr-FR\",\"@id\":\"https:\/\/fermesleystone.com\/fr\/#\/schema\/logo\/image\/\",\"url\":\"https:\/\/fermesleystone.com\/wp-content\/uploads\/2022\/10\/LEYSTONE_logo_final_2-tone_mortar_grey-e1665165989188.png\",\"contentUrl\":\"https:\/\/fermesleystone.com\/wp-content\/uploads\/2022\/10\/LEYSTONE_logo_final_2-tone_mortar_grey-e1665165989188.png\",\"width\":5600,\"height\":1960,\"caption\":\"Fermes Leystone\"},\"image\":{\"@id\":\"https:\/\/fermesleystone.com\/fr\/#\/schema\/logo\/image\/\"},\"sameAs\":[\"https:\/\/www.facebook.com\/LeystoneFarms\",\"https:\/\/www.instagram.com\/leystonefarms\/\"]}]}<\/script>\n<!-- \/ Yoast SEO plugin. -->","yoast_head_json":{"title":"Programme \"Bee Inspired - Fermes Leystone","robots":{"index":"index","follow":"follow","max-snippet":"max-snippet:-1","max-image-preview":"max-image-preview:large","max-video-preview":"max-video-preview:-1"},"canonical":"https:\/\/fermesleystone.com\/fr\/product\/programme-bee-inspired\/","og_locale":"fr_FR","og_type":"article","og_title":"Programme \"Bee Inspired - Fermes Leystone","og_description":"Si les abeilles partent, nous partons. C&rsquo;est aussi simple que cela. Leur activit\u00e9 maintient la vie sur cette plan\u00e8te, dans notre pays, dans notre voisinage. Leur travail produit les plus belles r\u00e9compenses.Rejoignez-nous en prenant une mesure unique et puissante pour soutenir les abeilles.Pour seulement 50 dollars, vous pouvez faire une \u00e9norme diff\u00e9rence. Vous recevez : [&hellip;]","og_url":"https:\/\/fermesleystone.com\/fr\/product\/programme-bee-inspired\/","og_site_name":"Fermes Leystone","article_publisher":"https:\/\/www.facebook.com\/LeystoneFarms","twitter_card":"summary_large_image","twitter_misc":{"Dur\u00e9e de lecture estim\u00e9e":"1 minute"},"schema":{"@context":"https:\/\/schema.org","@graph":[{"@type":"WebPage","@id":"https:\/\/fermesleystone.com\/fr\/product\/programme-bee-inspired\/","url":"https:\/\/fermesleystone.com\/fr\/product\/programme-bee-inspired\/","name":"Programme \"Bee Inspired - Fermes Leystone","isPartOf":{"@id":"https:\/\/fermesleystone.com\/fr\/#website"},"datePublished":"2025-03-03T22:05:17+00:00","breadcrumb":{"@id":"https:\/\/fermesleystone.com\/fr\/product\/programme-bee-inspired\/#breadcrumb"},"inLanguage":"fr-FR","potentialAction":[{"@type":"ReadAction","target":["https:\/\/fermesleystone.com\/fr\/product\/programme-bee-inspired\/"]}]},{"@type":"BreadcrumbList","@id":"https:\/\/fermesleystone.com\/fr\/product\/programme-bee-inspired\/#breadcrumb","itemListElement":[{"@type":"ListItem","position":1,"name":"Home","item":"https:\/\/fermesleystone.com\/fr\/"},{"@type":"ListItem","position":2,"name":"Shop","item":"https:\/\/fermesleystone.com\/en\/shop\/"},{"@type":"ListItem","position":3,"name":"Programme \u00ab\u00a0Bee Inspired"}]},{"@type":"WebSite","@id":"https:\/\/fermesleystone.com\/fr\/#website","url":"https:\/\/fermesleystone.com\/fr\/","name":"Fermes Leystone","description":"Regenerative farm and vineyard in the Pontiac, Quebec","publisher":{"@id":"https:\/\/fermesleystone.com\/fr\/#organization"},"potentialAction":[{"@type":"SearchAction","target":{"@type":"EntryPoint","urlTemplate":"https:\/\/fermesleystone.com\/fr\/?s={search_term_string}"},"query-input":{"@type":"PropertyValueSpecification","valueRequired":true,"valueName":"search_term_string"}}],"inLanguage":"fr-FR"},{"@type":"Organization","@id":"https:\/\/fermesleystone.com\/fr\/#organization","name":"Fermes Leystone","url":"https:\/\/fermesleystone.com\/fr\/","logo":{"@type":"ImageObject","inLanguage":"fr-FR","@id":"https:\/\/fermesleystone.com\/fr\/#\/schema\/logo\/image\/","url":"https:\/\/fermesleystone.com\/wp-content\/uploads\/2022\/10\/LEYSTONE_logo_final_2-tone_mortar_grey-e1665165989188.png","contentUrl":"https:\/\/fermesleystone.com\/wp-content\/uploads\/2022\/10\/LEYSTONE_logo_final_2-tone_mortar_grey-e1665165989188.png","width":5600,"height":1960,"caption":"Fermes Leystone"},"image":{"@id":"https:\/\/fermesleystone.com\/fr\/#\/schema\/logo\/image\/"},"sameAs":["https:\/\/www.facebook.com\/LeystoneFarms","https:\/\/www.instagram.com\/leystonefarms\/"]}]}},"jetpack_sharing_enabled":true,"_links":{"self":[{"href":"https:\/\/fermesleystone.com\/fr\/wp-json\/wp\/v2\/product\/3521","targetHints":{"allow":["GET"]}}],"collection":[{"href":"https:\/\/fermesleystone.com\/fr\/wp-json\/wp\/v2\/product"}],"about":[{"href":"https:\/\/fermesleystone.com\/fr\/wp-json\/wp\/v2\/types\/product"}],"replies":[{"embeddable":true,"href":"https:\/\/fermesleystone.com\/fr\/wp-json\/wp\/v2\/comments?post=3521"}],"wp:attachment":[{"href":"https:\/\/fermesleystone.com\/fr\/wp-json\/wp\/v2\/media?parent=3521"}],"wp:term":[{"taxonomy":"product_brand","embeddable":true,"href":"https:\/\/fermesleystone.com\/fr\/wp-json\/wp\/v2\/product_brand?post=3521"},{"taxonomy":"product_cat","embeddable":true,"href":"https:\/\/fermesleystone.com\/fr\/wp-json\/wp\/v2\/product_cat?post=3521"},{"taxonomy":"product_tag","embeddable":true,"href":"https:\/\/fermesleystone.com\/fr\/wp-json\/wp\/v2\/product_tag?post=3521"}],"curies":[{"name":"wp","href":"https:\/\/api.w.org\/{rel}","templated":true}]}}