{"id":3522,"date":"2025-03-03T22:06:36","date_gmt":"2025-03-03T22:06:36","guid":{"rendered":"https:\/\/fermesleystone.com\/product\/t-shirt-nurture-unisexe\/"},"modified":"2025-03-03T22:06:36","modified_gmt":"2025-03-03T22:06:36","slug":"t-shirt-nurture-unisexe","status":"publish","type":"product","link":"https:\/\/fermesleystone.com\/fr\/product\/t-shirt-nurture-unisexe\/","title":{"rendered":"T-shirt \u00ab\u00a0nurture\u00a0\u00bb &#8211; Unisexe"},"content":{"rendered":"<p>Faites preuve de cr\u00e9ativit\u00e9 tout en rendant service \u00e0 la Terre avec ce t-shirt personnalis\u00e9 100 % biologique. Ces tee-shirts sont fabriqu\u00e9s \u00e0 partir de coton biologique provenant de sources responsables et cultiv\u00e9 sans produits chimiques dangereux ; un choix vert qui plaira certainement \u00e0 votre public soucieux de l&rsquo;environnement. Ce t-shirt est \u00e9galement dot\u00e9 d&rsquo;un col c\u00f4tel\u00e9, d&rsquo;un ourlet sur les manches et d&rsquo;un ourlet inf\u00e9rieur avec une large surpiq\u00fbre \u00e0 double aiguille.<\/p>\n<p>Veuillez noter que les fournisseurs de services d&rsquo;impression bas\u00e9s dans l&rsquo;UE utilisent des formats europ\u00e9ens dans leurs d\u00e9coupes. Veuillez v\u00e9rifier notre tableau des tailles au bas de la liste afin de vous assurer que votre taille est correcte.<\/p>\n<p>. : 100% coton biologique, peign\u00e9, ring-spun<br \/>.. : Tissu l\u00e9ger (5.3 oz\/yd\u00b2 (180 g\/m\u00b2))<br \/>.. : \u00c9tiquette cousue<br \/>.. : Coupe r\u00e9guli\u00e8re<br \/>.. : Taille r\u00e9elle<br \/>.. : Certifications Oeko-Tex, PETA et GOTS<br \/>.. : NB ! Veuillez vous r\u00e9f\u00e9rer au guide des tailles pour un ajustement pr\u00e9cis.<\/p>\n","protected":false},"excerpt":{"rendered":"<p>Faites preuve de cr\u00e9ativit\u00e9 tout en rendant service \u00e0 la Terre avec ce t-shirt personnalis\u00e9 100 % biologique. Ces tee-shirts sont fabriqu\u00e9s \u00e0 partir de coton biologique provenant de sources responsables et cultiv\u00e9 sans produits chimiques dangereux ; un choix vert qui plaira certainement \u00e0 votre public soucieux de l&rsquo;environnement. Ce t-shirt est \u00e9galement dot\u00e9 [&hellip;]<\/p>\n","protected":false},"featured_media":3212,"comment_status":"open","ping_status":"closed","template":"","meta":{"_et_pb_use_builder":"","_et_pb_old_content":"","_et_gb_content_width":""},"product_brand":[],"product_cat":[42],"product_tag":[219,240,220,227,246,222,253,239,225,254,226,241,224,242,251,221,245,255,248,223],"class_list":{"0":"post-3522","1":"product","2":"type-product","3":"status-publish","4":"has-post-thumbnail","6":"product_cat-uncategorized","7":"product_tag-coton","8":"product_tag-cou","9":"product_tag-dtg-fr","10":"product_tag-durable","11":"product_tag-femmes","12":"product_tag-hommes","13":"product_tag-jour","14":"product_tag-lequipage","15":"product_tag-organique","16":"product_tag-pics","17":"product_tag-recycle","18":"product_tag-reguliere","19":"product_tag-respectueux-de-lenvironnement","20":"product_tag-sadapter","21":"product_tag-saint-valentin","22":"product_tag-t-shirts-fr","23":"product_tag-unisexe","24":"product_tag-vegetalien-fr","25":"product_tag-vetements-fr","26":"product_tag-vetements","28":"first","29":"instock","30":"taxable","31":"shipping-taxable","32":"product-type-simple"},"yoast_head":"<!-- This site is optimized with the Yoast SEO plugin v24.4 - https:\/\/yoast.com\/wordpress\/plugins\/seo\/ -->\n<title>T-shirt &quot;nurture&quot; - Unisexe - Fermes Leystone<\/title>\n<meta name=\"robots\" content=\"index, follow, max-snippet:-1, max-image-preview:large, max-video-preview:-1\" \/>\n<link rel=\"canonical\" href=\"https:\/\/fermesleystone.com\/fr\/product\/t-shirt-nurture-unisexe\/\" \/>\n<meta property=\"og:locale\" content=\"fr_FR\" \/>\n<meta property=\"og:type\" content=\"article\" \/>\n<meta property=\"og:title\" content=\"T-shirt &quot;nurture&quot; - Unisexe - Fermes Leystone\" \/>\n<meta property=\"og:description\" content=\"Faites preuve de cr\u00e9ativit\u00e9 tout en rendant service \u00e0 la Terre avec ce t-shirt personnalis\u00e9 100 % biologique. Ces tee-shirts sont fabriqu\u00e9s \u00e0 partir de coton biologique provenant de sources responsables et cultiv\u00e9 sans produits chimiques dangereux ; un choix vert qui plaira certainement \u00e0 votre public soucieux de l&rsquo;environnement. Ce t-shirt est \u00e9galement dot\u00e9 [&hellip;]\" \/>\n<meta property=\"og:url\" content=\"https:\/\/fermesleystone.com\/fr\/product\/t-shirt-nurture-unisexe\/\" \/>\n<meta property=\"og:site_name\" content=\"Fermes Leystone\" \/>\n<meta property=\"article:publisher\" content=\"https:\/\/www.facebook.com\/LeystoneFarms\" \/>\n<meta name=\"twitter:card\" content=\"summary_large_image\" \/>\n<meta name=\"twitter:label1\" content=\"Dur\u00e9e de lecture estim\u00e9e\" \/>\n\t<meta name=\"twitter:data1\" content=\"1 minute\" \/>\n<script type=\"application\/ld+json\" class=\"yoast-schema-graph\">{\"@context\":\"https:\/\/schema.org\",\"@graph\":[{\"@type\":\"WebPage\",\"@id\":\"https:\/\/fermesleystone.com\/fr\/product\/t-shirt-nurture-unisexe\/\",\"url\":\"https:\/\/fermesleystone.com\/fr\/product\/t-shirt-nurture-unisexe\/\",\"name\":\"T-shirt \\\"nurture\\\" - Unisexe - Fermes Leystone\",\"isPartOf\":{\"@id\":\"https:\/\/fermesleystone.com\/fr\/#website\"},\"primaryImageOfPage\":{\"@id\":\"https:\/\/fermesleystone.com\/fr\/product\/t-shirt-nurture-unisexe\/#primaryimage\"},\"image\":{\"@id\":\"https:\/\/fermesleystone.com\/fr\/product\/t-shirt-nurture-unisexe\/#primaryimage\"},\"thumbnailUrl\":\"https:\/\/i0.wp.com\/fermesleystone.com\/wp-content\/uploads\/2025\/03\/16866442575943460475_2048.jpg?fit=2048%2C2048&ssl=1\",\"datePublished\":\"2025-03-03T22:06:36+00:00\",\"breadcrumb\":{\"@id\":\"https:\/\/fermesleystone.com\/fr\/product\/t-shirt-nurture-unisexe\/#breadcrumb\"},\"inLanguage\":\"fr-FR\",\"potentialAction\":[{\"@type\":\"ReadAction\",\"target\":[\"https:\/\/fermesleystone.com\/fr\/product\/t-shirt-nurture-unisexe\/\"]}]},{\"@type\":\"ImageObject\",\"inLanguage\":\"fr-FR\",\"@id\":\"https:\/\/fermesleystone.com\/fr\/product\/t-shirt-nurture-unisexe\/#primaryimage\",\"url\":\"https:\/\/i0.wp.com\/fermesleystone.com\/wp-content\/uploads\/2025\/03\/16866442575943460475_2048.jpg?fit=2048%2C2048&ssl=1\",\"contentUrl\":\"https:\/\/i0.wp.com\/fermesleystone.com\/wp-content\/uploads\/2025\/03\/16866442575943460475_2048.jpg?fit=2048%2C2048&ssl=1\",\"width\":2048,\"height\":2048},{\"@type\":\"BreadcrumbList\",\"@id\":\"https:\/\/fermesleystone.com\/fr\/product\/t-shirt-nurture-unisexe\/#breadcrumb\",\"itemListElement\":[{\"@type\":\"ListItem\",\"position\":1,\"name\":\"Home\",\"item\":\"https:\/\/fermesleystone.com\/fr\/\"},{\"@type\":\"ListItem\",\"position\":2,\"name\":\"Shop\",\"item\":\"https:\/\/fermesleystone.com\/en\/shop\/\"},{\"@type\":\"ListItem\",\"position\":3,\"name\":\"T-shirt \u00ab\u00a0nurture\u00a0\u00bb &#8211; Unisexe\"}]},{\"@type\":\"WebSite\",\"@id\":\"https:\/\/fermesleystone.com\/fr\/#website\",\"url\":\"https:\/\/fermesleystone.com\/fr\/\",\"name\":\"Fermes Leystone\",\"description\":\"Regenerative farm and vineyard in the Pontiac, Quebec\",\"publisher\":{\"@id\":\"https:\/\/fermesleystone.com\/fr\/#organization\"},\"potentialAction\":[{\"@type\":\"SearchAction\",\"target\":{\"@type\":\"EntryPoint\",\"urlTemplate\":\"https:\/\/fermesleystone.com\/fr\/?s={search_term_string}\"},\"query-input\":{\"@type\":\"PropertyValueSpecification\",\"valueRequired\":true,\"valueName\":\"search_term_string\"}}],\"inLanguage\":\"fr-FR\"},{\"@type\":\"Organization\",\"@id\":\"https:\/\/fermesleystone.com\/fr\/#organization\",\"name\":\"Fermes Leystone\",\"url\":\"https:\/\/fermesleystone.com\/fr\/\",\"logo\":{\"@type\":\"ImageObject\",\"inLanguage\":\"fr-FR\",\"@id\":\"https:\/\/fermesleystone.com\/fr\/#\/schema\/logo\/image\/\",\"url\":\"https:\/\/fermesleystone.com\/wp-content\/uploads\/2022\/10\/LEYSTONE_logo_final_2-tone_mortar_grey-e1665165989188.png\",\"contentUrl\":\"https:\/\/fermesleystone.com\/wp-content\/uploads\/2022\/10\/LEYSTONE_logo_final_2-tone_mortar_grey-e1665165989188.png\",\"width\":5600,\"height\":1960,\"caption\":\"Fermes Leystone\"},\"image\":{\"@id\":\"https:\/\/fermesleystone.com\/fr\/#\/schema\/logo\/image\/\"},\"sameAs\":[\"https:\/\/www.facebook.com\/LeystoneFarms\",\"https:\/\/www.instagram.com\/leystonefarms\/\"]}]}<\/script>\n<!-- \/ Yoast SEO plugin. -->","yoast_head_json":{"title":"T-shirt \"nurture\" - Unisexe - Fermes Leystone","robots":{"index":"index","follow":"follow","max-snippet":"max-snippet:-1","max-image-preview":"max-image-preview:large","max-video-preview":"max-video-preview:-1"},"canonical":"https:\/\/fermesleystone.com\/fr\/product\/t-shirt-nurture-unisexe\/","og_locale":"fr_FR","og_type":"article","og_title":"T-shirt \"nurture\" - Unisexe - Fermes Leystone","og_description":"Faites preuve de cr\u00e9ativit\u00e9 tout en rendant service \u00e0 la Terre avec ce t-shirt personnalis\u00e9 100 % biologique. Ces tee-shirts sont fabriqu\u00e9s \u00e0 partir de coton biologique provenant de sources responsables et cultiv\u00e9 sans produits chimiques dangereux ; un choix vert qui plaira certainement \u00e0 votre public soucieux de l&rsquo;environnement. Ce t-shirt est \u00e9galement dot\u00e9 [&hellip;]","og_url":"https:\/\/fermesleystone.com\/fr\/product\/t-shirt-nurture-unisexe\/","og_site_name":"Fermes Leystone","article_publisher":"https:\/\/www.facebook.com\/LeystoneFarms","twitter_card":"summary_large_image","twitter_misc":{"Dur\u00e9e de lecture estim\u00e9e":"1 minute"},"schema":{"@context":"https:\/\/schema.org","@graph":[{"@type":"WebPage","@id":"https:\/\/fermesleystone.com\/fr\/product\/t-shirt-nurture-unisexe\/","url":"https:\/\/fermesleystone.com\/fr\/product\/t-shirt-nurture-unisexe\/","name":"T-shirt \"nurture\" - Unisexe - Fermes Leystone","isPartOf":{"@id":"https:\/\/fermesleystone.com\/fr\/#website"},"primaryImageOfPage":{"@id":"https:\/\/fermesleystone.com\/fr\/product\/t-shirt-nurture-unisexe\/#primaryimage"},"image":{"@id":"https:\/\/fermesleystone.com\/fr\/product\/t-shirt-nurture-unisexe\/#primaryimage"},"thumbnailUrl":"https:\/\/i0.wp.com\/fermesleystone.com\/wp-content\/uploads\/2025\/03\/16866442575943460475_2048.jpg?fit=2048%2C2048&ssl=1","datePublished":"2025-03-03T22:06:36+00:00","breadcrumb":{"@id":"https:\/\/fermesleystone.com\/fr\/product\/t-shirt-nurture-unisexe\/#breadcrumb"},"inLanguage":"fr-FR","potentialAction":[{"@type":"ReadAction","target":["https:\/\/fermesleystone.com\/fr\/product\/t-shirt-nurture-unisexe\/"]}]},{"@type":"ImageObject","inLanguage":"fr-FR","@id":"https:\/\/fermesleystone.com\/fr\/product\/t-shirt-nurture-unisexe\/#primaryimage","url":"https:\/\/i0.wp.com\/fermesleystone.com\/wp-content\/uploads\/2025\/03\/16866442575943460475_2048.jpg?fit=2048%2C2048&ssl=1","contentUrl":"https:\/\/i0.wp.com\/fermesleystone.com\/wp-content\/uploads\/2025\/03\/16866442575943460475_2048.jpg?fit=2048%2C2048&ssl=1","width":2048,"height":2048},{"@type":"BreadcrumbList","@id":"https:\/\/fermesleystone.com\/fr\/product\/t-shirt-nurture-unisexe\/#breadcrumb","itemListElement":[{"@type":"ListItem","position":1,"name":"Home","item":"https:\/\/fermesleystone.com\/fr\/"},{"@type":"ListItem","position":2,"name":"Shop","item":"https:\/\/fermesleystone.com\/en\/shop\/"},{"@type":"ListItem","position":3,"name":"T-shirt \u00ab\u00a0nurture\u00a0\u00bb &#8211; Unisexe"}]},{"@type":"WebSite","@id":"https:\/\/fermesleystone.com\/fr\/#website","url":"https:\/\/fermesleystone.com\/fr\/","name":"Fermes Leystone","description":"Regenerative farm and vineyard in the Pontiac, Quebec","publisher":{"@id":"https:\/\/fermesleystone.com\/fr\/#organization"},"potentialAction":[{"@type":"SearchAction","target":{"@type":"EntryPoint","urlTemplate":"https:\/\/fermesleystone.com\/fr\/?s={search_term_string}"},"query-input":{"@type":"PropertyValueSpecification","valueRequired":true,"valueName":"search_term_string"}}],"inLanguage":"fr-FR"},{"@type":"Organization","@id":"https:\/\/fermesleystone.com\/fr\/#organization","name":"Fermes Leystone","url":"https:\/\/fermesleystone.com\/fr\/","logo":{"@type":"ImageObject","inLanguage":"fr-FR","@id":"https:\/\/fermesleystone.com\/fr\/#\/schema\/logo\/image\/","url":"https:\/\/fermesleystone.com\/wp-content\/uploads\/2022\/10\/LEYSTONE_logo_final_2-tone_mortar_grey-e1665165989188.png","contentUrl":"https:\/\/fermesleystone.com\/wp-content\/uploads\/2022\/10\/LEYSTONE_logo_final_2-tone_mortar_grey-e1665165989188.png","width":5600,"height":1960,"caption":"Fermes Leystone"},"image":{"@id":"https:\/\/fermesleystone.com\/fr\/#\/schema\/logo\/image\/"},"sameAs":["https:\/\/www.facebook.com\/LeystoneFarms","https:\/\/www.instagram.com\/leystonefarms\/"]}]}},"jetpack_sharing_enabled":true,"_links":{"self":[{"href":"https:\/\/fermesleystone.com\/fr\/wp-json\/wp\/v2\/product\/3522","targetHints":{"allow":["GET"]}}],"collection":[{"href":"https:\/\/fermesleystone.com\/fr\/wp-json\/wp\/v2\/product"}],"about":[{"href":"https:\/\/fermesleystone.com\/fr\/wp-json\/wp\/v2\/types\/product"}],"replies":[{"embeddable":true,"href":"https:\/\/fermesleystone.com\/fr\/wp-json\/wp\/v2\/comments?post=3522"}],"wp:featuredmedia":[{"embeddable":true,"href":"https:\/\/fermesleystone.com\/fr\/wp-json\/wp\/v2\/media\/3212"}],"wp:attachment":[{"href":"https:\/\/fermesleystone.com\/fr\/wp-json\/wp\/v2\/media?parent=3522"}],"wp:term":[{"taxonomy":"product_brand","embeddable":true,"href":"https:\/\/fermesleystone.com\/fr\/wp-json\/wp\/v2\/product_brand?post=3522"},{"taxonomy":"product_cat","embeddable":true,"href":"https:\/\/fermesleystone.com\/fr\/wp-json\/wp\/v2\/product_cat?post=3522"},{"taxonomy":"product_tag","embeddable":true,"href":"https:\/\/fermesleystone.com\/fr\/wp-json\/wp\/v2\/product_tag?post=3522"}],"curies":[{"name":"wp","href":"https:\/\/api.w.org\/{rel}","templated":true}]}}