{"id":3527,"date":"2025-03-03T21:56:16","date_gmt":"2025-03-03T21:56:16","guid":{"rendered":"https:\/\/fermesleystone.com\/product\/cest-mon-deuxieme-rodeo\/"},"modified":"2025-03-03T21:56:16","modified_gmt":"2025-03-03T21:56:16","slug":"cest-mon-deuxieme-rodeo","status":"publish","type":"product","link":"https:\/\/fermesleystone.com\/fr\/product\/cest-mon-deuxieme-rodeo\/","title":{"rendered":"C&rsquo;est mon deuxi\u00e8me rod\u00e9o"},"content":{"rendered":"<p>Il faut parfois rappeler aux gens leur exp\u00e9rience !<\/p>\n<p>Ce tee-shirt classique unisexe en jersey \u00e0 manches courtes se porte comme un favori bien aim\u00e9. Le coton doux et l&rsquo;impression de qualit\u00e9 font que les utilisateurs en tombent amoureux encore et encore. Ces t-shirts ont des cols en tricot c\u00f4tel\u00e9 pour renforcer la forme. Les \u00e9paules sont effil\u00e9es pour un meilleur ajustement au fil du temps. Les coutures lat\u00e9rales doubles maintiennent la forme du v\u00eatement plus longtemps.<\/p>\n<p>&#8211; Fabriqu\u00e9 en 100% coton Airlume peign\u00e9 et fil\u00e9 \u00e0 l&rsquo;anneau, un tissu l\u00e9ger (4.2 oz\/yd\u00b2 (142 g\/m\u00b2)) qui est facile \u00e0 superposer, respirant. Parfait pour les activit\u00e9s et les loisirs.  <br \/>&#8211; La coupe pour la vente au d\u00e9tail est parfaite pour les environnements d\u00e9contract\u00e9s et semi-formels. L&rsquo;encolure ras du cou ajoute un style classique et soign\u00e9, parfait pour l&rsquo;accessoirisation.<br \/>&#8211; Bella+Canvas fabrique tous ses produits aux \u00c9tats-Unis et \u00e0 l&rsquo;\u00e9tranger dans le respect de l&rsquo;environnement, en \u00e9vitant le \u00ab\u00a0sweat-shop\u00a0\u00bb et en respectant les principes du d\u00e9veloppement durable. Bella+Canvas fait partie de la Fair Labor Association et est certifi\u00e9e Platinum WRAP.  <br \/>&#8211; L&rsquo;\u00e9tiquette d\u00e9tachable minimise les irritations de la peau.<br \/>&#8211; M\u00e9langes de tissus : Couleurs Ash et Heather Prism &#8211; 99% coton Airlume peign\u00e9 et ring-spun, 1% polyester ; couleurs Heather et Solid Blend &#8211; 52% coton, 48% polyester ; Athletic Heather et Black Heather &#8211; 90% coton, 10% polyester.<\/p>\n","protected":false},"excerpt":{"rendered":"<p>Il faut parfois rappeler aux gens leur exp\u00e9rience ! Ce tee-shirt classique unisexe en jersey \u00e0 manches courtes se porte comme un favori bien aim\u00e9. Le coton doux et l&rsquo;impression de qualit\u00e9 font que les utilisateurs en tombent amoureux encore et encore. Ces t-shirts ont des cols en tricot c\u00f4tel\u00e9 pour renforcer la forme. Les [&hellip;]<\/p>\n","protected":false},"featured_media":2703,"comment_status":"open","ping_status":"closed","template":"","meta":{"_et_pb_use_builder":"","_et_pb_old_content":"","_et_gb_content_width":""},"product_brand":[],"product_cat":[42],"product_tag":[250,219,243,240,220,244,246,249,252,222,239,241,242,221,247,245,248,223],"class_list":{"0":"post-3527","1":"product","2":"type-product","3":"status-publish","4":"has-post-thumbnail","6":"product_cat-uncategorized","7":"product_tag-a","8":"product_tag-coton","9":"product_tag-cou-fr","10":"product_tag-cou","11":"product_tag-dtg-fr","12":"product_tag-etiquettes","13":"product_tag-femmes","14":"product_tag-foyer","15":"product_tag-homestead-fr","16":"product_tag-hommes","17":"product_tag-lequipage","18":"product_tag-reguliere","19":"product_tag-sadapter","20":"product_tag-t-shirts-fr","21":"product_tag-tiktok-fr","22":"product_tag-unisexe","23":"product_tag-vetements-fr","24":"product_tag-vetements","26":"first","27":"instock","28":"taxable","29":"shipping-taxable","30":"product-type-simple"},"yoast_head":"<!-- This site is optimized with the Yoast SEO plugin v24.4 - https:\/\/yoast.com\/wordpress\/plugins\/seo\/ -->\n<title>C&#039;est mon deuxi\u00e8me rod\u00e9o - Fermes Leystone<\/title>\n<meta name=\"robots\" content=\"index, follow, max-snippet:-1, max-image-preview:large, max-video-preview:-1\" \/>\n<link rel=\"canonical\" href=\"https:\/\/fermesleystone.com\/fr\/product\/cest-mon-deuxieme-rodeo\/\" \/>\n<meta property=\"og:locale\" content=\"fr_FR\" \/>\n<meta property=\"og:type\" content=\"article\" \/>\n<meta property=\"og:title\" content=\"C&#039;est mon deuxi\u00e8me rod\u00e9o - Fermes Leystone\" \/>\n<meta property=\"og:description\" content=\"Il faut parfois rappeler aux gens leur exp\u00e9rience ! Ce tee-shirt classique unisexe en jersey \u00e0 manches courtes se porte comme un favori bien aim\u00e9. Le coton doux et l&rsquo;impression de qualit\u00e9 font que les utilisateurs en tombent amoureux encore et encore. Ces t-shirts ont des cols en tricot c\u00f4tel\u00e9 pour renforcer la forme. Les [&hellip;]\" \/>\n<meta property=\"og:url\" content=\"https:\/\/fermesleystone.com\/fr\/product\/cest-mon-deuxieme-rodeo\/\" \/>\n<meta property=\"og:site_name\" content=\"Fermes Leystone\" \/>\n<meta property=\"article:publisher\" content=\"https:\/\/www.facebook.com\/LeystoneFarms\" \/>\n<meta name=\"twitter:card\" content=\"summary_large_image\" \/>\n<meta name=\"twitter:label1\" content=\"Dur\u00e9e de lecture estim\u00e9e\" \/>\n\t<meta name=\"twitter:data1\" content=\"1 minute\" \/>\n<script type=\"application\/ld+json\" class=\"yoast-schema-graph\">{\"@context\":\"https:\/\/schema.org\",\"@graph\":[{\"@type\":\"WebPage\",\"@id\":\"https:\/\/fermesleystone.com\/fr\/product\/cest-mon-deuxieme-rodeo\/\",\"url\":\"https:\/\/fermesleystone.com\/fr\/product\/cest-mon-deuxieme-rodeo\/\",\"name\":\"C'est mon deuxi\u00e8me rod\u00e9o - Fermes Leystone\",\"isPartOf\":{\"@id\":\"https:\/\/fermesleystone.com\/fr\/#website\"},\"primaryImageOfPage\":{\"@id\":\"https:\/\/fermesleystone.com\/fr\/product\/cest-mon-deuxieme-rodeo\/#primaryimage\"},\"image\":{\"@id\":\"https:\/\/fermesleystone.com\/fr\/product\/cest-mon-deuxieme-rodeo\/#primaryimage\"},\"thumbnailUrl\":\"https:\/\/i0.wp.com\/fermesleystone.com\/wp-content\/uploads\/2025\/03\/14261709486044776665_2048.jpg?fit=2048%2C2048&ssl=1\",\"datePublished\":\"2025-03-03T21:56:16+00:00\",\"breadcrumb\":{\"@id\":\"https:\/\/fermesleystone.com\/fr\/product\/cest-mon-deuxieme-rodeo\/#breadcrumb\"},\"inLanguage\":\"fr-FR\",\"potentialAction\":[{\"@type\":\"ReadAction\",\"target\":[\"https:\/\/fermesleystone.com\/fr\/product\/cest-mon-deuxieme-rodeo\/\"]}]},{\"@type\":\"ImageObject\",\"inLanguage\":\"fr-FR\",\"@id\":\"https:\/\/fermesleystone.com\/fr\/product\/cest-mon-deuxieme-rodeo\/#primaryimage\",\"url\":\"https:\/\/i0.wp.com\/fermesleystone.com\/wp-content\/uploads\/2025\/03\/14261709486044776665_2048.jpg?fit=2048%2C2048&ssl=1\",\"contentUrl\":\"https:\/\/i0.wp.com\/fermesleystone.com\/wp-content\/uploads\/2025\/03\/14261709486044776665_2048.jpg?fit=2048%2C2048&ssl=1\",\"width\":2048,\"height\":2048},{\"@type\":\"BreadcrumbList\",\"@id\":\"https:\/\/fermesleystone.com\/fr\/product\/cest-mon-deuxieme-rodeo\/#breadcrumb\",\"itemListElement\":[{\"@type\":\"ListItem\",\"position\":1,\"name\":\"Home\",\"item\":\"https:\/\/fermesleystone.com\/fr\/\"},{\"@type\":\"ListItem\",\"position\":2,\"name\":\"Shop\",\"item\":\"https:\/\/fermesleystone.com\/en\/shop\/\"},{\"@type\":\"ListItem\",\"position\":3,\"name\":\"C&rsquo;est mon deuxi\u00e8me rod\u00e9o\"}]},{\"@type\":\"WebSite\",\"@id\":\"https:\/\/fermesleystone.com\/fr\/#website\",\"url\":\"https:\/\/fermesleystone.com\/fr\/\",\"name\":\"Fermes Leystone\",\"description\":\"Regenerative farm and vineyard in the Pontiac, Quebec\",\"publisher\":{\"@id\":\"https:\/\/fermesleystone.com\/fr\/#organization\"},\"potentialAction\":[{\"@type\":\"SearchAction\",\"target\":{\"@type\":\"EntryPoint\",\"urlTemplate\":\"https:\/\/fermesleystone.com\/fr\/?s={search_term_string}\"},\"query-input\":{\"@type\":\"PropertyValueSpecification\",\"valueRequired\":true,\"valueName\":\"search_term_string\"}}],\"inLanguage\":\"fr-FR\"},{\"@type\":\"Organization\",\"@id\":\"https:\/\/fermesleystone.com\/fr\/#organization\",\"name\":\"Fermes Leystone\",\"url\":\"https:\/\/fermesleystone.com\/fr\/\",\"logo\":{\"@type\":\"ImageObject\",\"inLanguage\":\"fr-FR\",\"@id\":\"https:\/\/fermesleystone.com\/fr\/#\/schema\/logo\/image\/\",\"url\":\"https:\/\/fermesleystone.com\/wp-content\/uploads\/2022\/10\/LEYSTONE_logo_final_2-tone_mortar_grey-e1665165989188.png\",\"contentUrl\":\"https:\/\/fermesleystone.com\/wp-content\/uploads\/2022\/10\/LEYSTONE_logo_final_2-tone_mortar_grey-e1665165989188.png\",\"width\":5600,\"height\":1960,\"caption\":\"Fermes Leystone\"},\"image\":{\"@id\":\"https:\/\/fermesleystone.com\/fr\/#\/schema\/logo\/image\/\"},\"sameAs\":[\"https:\/\/www.facebook.com\/LeystoneFarms\",\"https:\/\/www.instagram.com\/leystonefarms\/\"]}]}<\/script>\n<!-- \/ Yoast SEO plugin. -->","yoast_head_json":{"title":"C'est mon deuxi\u00e8me rod\u00e9o - Fermes Leystone","robots":{"index":"index","follow":"follow","max-snippet":"max-snippet:-1","max-image-preview":"max-image-preview:large","max-video-preview":"max-video-preview:-1"},"canonical":"https:\/\/fermesleystone.com\/fr\/product\/cest-mon-deuxieme-rodeo\/","og_locale":"fr_FR","og_type":"article","og_title":"C'est mon deuxi\u00e8me rod\u00e9o - Fermes Leystone","og_description":"Il faut parfois rappeler aux gens leur exp\u00e9rience ! Ce tee-shirt classique unisexe en jersey \u00e0 manches courtes se porte comme un favori bien aim\u00e9. Le coton doux et l&rsquo;impression de qualit\u00e9 font que les utilisateurs en tombent amoureux encore et encore. Ces t-shirts ont des cols en tricot c\u00f4tel\u00e9 pour renforcer la forme. Les [&hellip;]","og_url":"https:\/\/fermesleystone.com\/fr\/product\/cest-mon-deuxieme-rodeo\/","og_site_name":"Fermes Leystone","article_publisher":"https:\/\/www.facebook.com\/LeystoneFarms","twitter_card":"summary_large_image","twitter_misc":{"Dur\u00e9e de lecture estim\u00e9e":"1 minute"},"schema":{"@context":"https:\/\/schema.org","@graph":[{"@type":"WebPage","@id":"https:\/\/fermesleystone.com\/fr\/product\/cest-mon-deuxieme-rodeo\/","url":"https:\/\/fermesleystone.com\/fr\/product\/cest-mon-deuxieme-rodeo\/","name":"C'est mon deuxi\u00e8me rod\u00e9o - Fermes Leystone","isPartOf":{"@id":"https:\/\/fermesleystone.com\/fr\/#website"},"primaryImageOfPage":{"@id":"https:\/\/fermesleystone.com\/fr\/product\/cest-mon-deuxieme-rodeo\/#primaryimage"},"image":{"@id":"https:\/\/fermesleystone.com\/fr\/product\/cest-mon-deuxieme-rodeo\/#primaryimage"},"thumbnailUrl":"https:\/\/i0.wp.com\/fermesleystone.com\/wp-content\/uploads\/2025\/03\/14261709486044776665_2048.jpg?fit=2048%2C2048&ssl=1","datePublished":"2025-03-03T21:56:16+00:00","breadcrumb":{"@id":"https:\/\/fermesleystone.com\/fr\/product\/cest-mon-deuxieme-rodeo\/#breadcrumb"},"inLanguage":"fr-FR","potentialAction":[{"@type":"ReadAction","target":["https:\/\/fermesleystone.com\/fr\/product\/cest-mon-deuxieme-rodeo\/"]}]},{"@type":"ImageObject","inLanguage":"fr-FR","@id":"https:\/\/fermesleystone.com\/fr\/product\/cest-mon-deuxieme-rodeo\/#primaryimage","url":"https:\/\/i0.wp.com\/fermesleystone.com\/wp-content\/uploads\/2025\/03\/14261709486044776665_2048.jpg?fit=2048%2C2048&ssl=1","contentUrl":"https:\/\/i0.wp.com\/fermesleystone.com\/wp-content\/uploads\/2025\/03\/14261709486044776665_2048.jpg?fit=2048%2C2048&ssl=1","width":2048,"height":2048},{"@type":"BreadcrumbList","@id":"https:\/\/fermesleystone.com\/fr\/product\/cest-mon-deuxieme-rodeo\/#breadcrumb","itemListElement":[{"@type":"ListItem","position":1,"name":"Home","item":"https:\/\/fermesleystone.com\/fr\/"},{"@type":"ListItem","position":2,"name":"Shop","item":"https:\/\/fermesleystone.com\/en\/shop\/"},{"@type":"ListItem","position":3,"name":"C&rsquo;est mon deuxi\u00e8me rod\u00e9o"}]},{"@type":"WebSite","@id":"https:\/\/fermesleystone.com\/fr\/#website","url":"https:\/\/fermesleystone.com\/fr\/","name":"Fermes Leystone","description":"Regenerative farm and vineyard in the Pontiac, Quebec","publisher":{"@id":"https:\/\/fermesleystone.com\/fr\/#organization"},"potentialAction":[{"@type":"SearchAction","target":{"@type":"EntryPoint","urlTemplate":"https:\/\/fermesleystone.com\/fr\/?s={search_term_string}"},"query-input":{"@type":"PropertyValueSpecification","valueRequired":true,"valueName":"search_term_string"}}],"inLanguage":"fr-FR"},{"@type":"Organization","@id":"https:\/\/fermesleystone.com\/fr\/#organization","name":"Fermes Leystone","url":"https:\/\/fermesleystone.com\/fr\/","logo":{"@type":"ImageObject","inLanguage":"fr-FR","@id":"https:\/\/fermesleystone.com\/fr\/#\/schema\/logo\/image\/","url":"https:\/\/fermesleystone.com\/wp-content\/uploads\/2022\/10\/LEYSTONE_logo_final_2-tone_mortar_grey-e1665165989188.png","contentUrl":"https:\/\/fermesleystone.com\/wp-content\/uploads\/2022\/10\/LEYSTONE_logo_final_2-tone_mortar_grey-e1665165989188.png","width":5600,"height":1960,"caption":"Fermes Leystone"},"image":{"@id":"https:\/\/fermesleystone.com\/fr\/#\/schema\/logo\/image\/"},"sameAs":["https:\/\/www.facebook.com\/LeystoneFarms","https:\/\/www.instagram.com\/leystonefarms\/"]}]}},"jetpack_sharing_enabled":true,"_links":{"self":[{"href":"https:\/\/fermesleystone.com\/fr\/wp-json\/wp\/v2\/product\/3527","targetHints":{"allow":["GET"]}}],"collection":[{"href":"https:\/\/fermesleystone.com\/fr\/wp-json\/wp\/v2\/product"}],"about":[{"href":"https:\/\/fermesleystone.com\/fr\/wp-json\/wp\/v2\/types\/product"}],"replies":[{"embeddable":true,"href":"https:\/\/fermesleystone.com\/fr\/wp-json\/wp\/v2\/comments?post=3527"}],"wp:featuredmedia":[{"embeddable":true,"href":"https:\/\/fermesleystone.com\/fr\/wp-json\/wp\/v2\/media\/2703"}],"wp:attachment":[{"href":"https:\/\/fermesleystone.com\/fr\/wp-json\/wp\/v2\/media?parent=3527"}],"wp:term":[{"taxonomy":"product_brand","embeddable":true,"href":"https:\/\/fermesleystone.com\/fr\/wp-json\/wp\/v2\/product_brand?post=3527"},{"taxonomy":"product_cat","embeddable":true,"href":"https:\/\/fermesleystone.com\/fr\/wp-json\/wp\/v2\/product_cat?post=3527"},{"taxonomy":"product_tag","embeddable":true,"href":"https:\/\/fermesleystone.com\/fr\/wp-json\/wp\/v2\/product_tag?post=3527"}],"curies":[{"name":"wp","href":"https:\/\/api.w.org\/{rel}","templated":true}]}}