{"id":3530,"date":"2025-03-03T21:46:20","date_gmt":"2025-03-03T21:46:20","guid":{"rendered":"https:\/\/fermesleystone.com\/product\/kit-de-feutre-aiguillete-chouette\/"},"modified":"2025-03-03T21:46:20","modified_gmt":"2025-03-03T21:46:20","slug":"kit-de-feutre-aiguillete-chouette","status":"publish","type":"product","link":"https:\/\/fermesleystone.com\/fr\/product\/kit-de-feutre-aiguillete-chouette\/","title":{"rendered":"Kit de feutre aiguillet\u00e9 Chouette"},"content":{"rendered":"<p>R\u00e9alisez votre propre hibou au feutre aiguillet\u00e9 gr\u00e2ce \u00e0 notre kit. Vous recevrez tout ce dont vous avez besoin pour r\u00e9aliser un hibou. Un excellent projet pour les d\u00e9butants. Le kit comprend :   <\/p>\n<ul>\n<li>fibre<\/li>\n<li>2 aiguilles \u00e0 feutrer<\/li>\n<li>Coussin de mousse de 4&rsquo;x4<\/li>\n<li>des instructions d\u00e9taill\u00e9es.  <\/li>\n<\/ul>\n<p>Recommand\u00e9 pour les 10 ans et plus. Les enfants doivent \u00eatre surveill\u00e9s. <\/p>\n<p>Chaque hibou cr\u00e9\u00e9 aura sa propre personnalit\u00e9<\/p>\n<p>Notre laine provient d&rsquo;une petite filature canadienne qui utilise de la laine locale provenant de l&rsquo;Ouest canadien. Comme la laine est peu transform\u00e9e, vous trouverez des bouts de paille qui lui donnent du caract\u00e8re. <\/p>\n<p>La laine est une excellente fibre pour le feutrage, elle provient des moutons du Dorset et se feutre magnifiquement avec une aiguille de taille moyenne.<\/p>\n","protected":false},"excerpt":{"rendered":"<p>R\u00e9alisez votre propre hibou au feutre aiguillet\u00e9 gr\u00e2ce \u00e0 notre kit. Vous recevrez tout ce dont vous avez besoin pour r\u00e9aliser un hibou. Un excellent projet pour les d\u00e9butants. Le kit comprend : fibre 2 aiguilles \u00e0 feutrer Coussin de mousse de 4&rsquo;x4 des instructions d\u00e9taill\u00e9es. Recommand\u00e9 pour les 10 ans et plus. Les enfants [&hellip;]<\/p>\n","protected":false},"featured_media":0,"comment_status":"open","ping_status":"closed","template":"","meta":{"_et_pb_use_builder":"","_et_pb_old_content":"","_et_gb_content_width":""},"product_brand":[],"product_cat":[257],"product_tag":[168,167,169],"class_list":{"0":"post-3530","1":"product","2":"type-product","3":"status-publish","5":"product_cat-tricot","6":"product_tag-168","7":"product_tag-fil","8":"product_tag-tricot","10":"first","11":"instock","12":"taxable","13":"shipping-taxable","14":"product-type-simple"},"yoast_head":"<!-- This site is optimized with the Yoast SEO plugin v24.4 - https:\/\/yoast.com\/wordpress\/plugins\/seo\/ -->\n<title>Kit de feutre aiguillet\u00e9 Chouette - Fermes Leystone<\/title>\n<meta name=\"robots\" content=\"index, follow, max-snippet:-1, max-image-preview:large, max-video-preview:-1\" \/>\n<link rel=\"canonical\" href=\"https:\/\/fermesleystone.com\/fr\/product\/kit-de-feutre-aiguillete-chouette\/\" \/>\n<meta property=\"og:locale\" content=\"fr_FR\" \/>\n<meta property=\"og:type\" content=\"article\" \/>\n<meta property=\"og:title\" content=\"Kit de feutre aiguillet\u00e9 Chouette - Fermes Leystone\" \/>\n<meta property=\"og:description\" content=\"R\u00e9alisez votre propre hibou au feutre aiguillet\u00e9 gr\u00e2ce \u00e0 notre kit. Vous recevrez tout ce dont vous avez besoin pour r\u00e9aliser un hibou. Un excellent projet pour les d\u00e9butants. Le kit comprend : fibre 2 aiguilles \u00e0 feutrer Coussin de mousse de 4&rsquo;x4 des instructions d\u00e9taill\u00e9es. Recommand\u00e9 pour les 10 ans et plus. Les enfants [&hellip;]\" \/>\n<meta property=\"og:url\" content=\"https:\/\/fermesleystone.com\/fr\/product\/kit-de-feutre-aiguillete-chouette\/\" \/>\n<meta property=\"og:site_name\" content=\"Fermes Leystone\" \/>\n<meta property=\"article:publisher\" content=\"https:\/\/www.facebook.com\/LeystoneFarms\" \/>\n<meta name=\"twitter:card\" content=\"summary_large_image\" \/>\n<meta name=\"twitter:label1\" content=\"Dur\u00e9e de lecture estim\u00e9e\" \/>\n\t<meta name=\"twitter:data1\" content=\"1 minute\" \/>\n<script type=\"application\/ld+json\" class=\"yoast-schema-graph\">{\"@context\":\"https:\/\/schema.org\",\"@graph\":[{\"@type\":\"WebPage\",\"@id\":\"https:\/\/fermesleystone.com\/fr\/product\/kit-de-feutre-aiguillete-chouette\/\",\"url\":\"https:\/\/fermesleystone.com\/fr\/product\/kit-de-feutre-aiguillete-chouette\/\",\"name\":\"Kit de feutre aiguillet\u00e9 Chouette - Fermes Leystone\",\"isPartOf\":{\"@id\":\"https:\/\/fermesleystone.com\/fr\/#website\"},\"datePublished\":\"2025-03-03T21:46:20+00:00\",\"breadcrumb\":{\"@id\":\"https:\/\/fermesleystone.com\/fr\/product\/kit-de-feutre-aiguillete-chouette\/#breadcrumb\"},\"inLanguage\":\"fr-FR\",\"potentialAction\":[{\"@type\":\"ReadAction\",\"target\":[\"https:\/\/fermesleystone.com\/fr\/product\/kit-de-feutre-aiguillete-chouette\/\"]}]},{\"@type\":\"BreadcrumbList\",\"@id\":\"https:\/\/fermesleystone.com\/fr\/product\/kit-de-feutre-aiguillete-chouette\/#breadcrumb\",\"itemListElement\":[{\"@type\":\"ListItem\",\"position\":1,\"name\":\"Home\",\"item\":\"https:\/\/fermesleystone.com\/fr\/\"},{\"@type\":\"ListItem\",\"position\":2,\"name\":\"Shop\",\"item\":\"https:\/\/fermesleystone.com\/en\/shop\/\"},{\"@type\":\"ListItem\",\"position\":3,\"name\":\"Kit de feutre aiguillet\u00e9 Chouette\"}]},{\"@type\":\"WebSite\",\"@id\":\"https:\/\/fermesleystone.com\/fr\/#website\",\"url\":\"https:\/\/fermesleystone.com\/fr\/\",\"name\":\"Fermes Leystone\",\"description\":\"Regenerative farm and vineyard in the Pontiac, Quebec\",\"publisher\":{\"@id\":\"https:\/\/fermesleystone.com\/fr\/#organization\"},\"potentialAction\":[{\"@type\":\"SearchAction\",\"target\":{\"@type\":\"EntryPoint\",\"urlTemplate\":\"https:\/\/fermesleystone.com\/fr\/?s={search_term_string}\"},\"query-input\":{\"@type\":\"PropertyValueSpecification\",\"valueRequired\":true,\"valueName\":\"search_term_string\"}}],\"inLanguage\":\"fr-FR\"},{\"@type\":\"Organization\",\"@id\":\"https:\/\/fermesleystone.com\/fr\/#organization\",\"name\":\"Fermes Leystone\",\"url\":\"https:\/\/fermesleystone.com\/fr\/\",\"logo\":{\"@type\":\"ImageObject\",\"inLanguage\":\"fr-FR\",\"@id\":\"https:\/\/fermesleystone.com\/fr\/#\/schema\/logo\/image\/\",\"url\":\"https:\/\/fermesleystone.com\/wp-content\/uploads\/2022\/10\/LEYSTONE_logo_final_2-tone_mortar_grey-e1665165989188.png\",\"contentUrl\":\"https:\/\/fermesleystone.com\/wp-content\/uploads\/2022\/10\/LEYSTONE_logo_final_2-tone_mortar_grey-e1665165989188.png\",\"width\":5600,\"height\":1960,\"caption\":\"Fermes Leystone\"},\"image\":{\"@id\":\"https:\/\/fermesleystone.com\/fr\/#\/schema\/logo\/image\/\"},\"sameAs\":[\"https:\/\/www.facebook.com\/LeystoneFarms\",\"https:\/\/www.instagram.com\/leystonefarms\/\"]}]}<\/script>\n<!-- \/ Yoast SEO plugin. -->","yoast_head_json":{"title":"Kit de feutre aiguillet\u00e9 Chouette - Fermes Leystone","robots":{"index":"index","follow":"follow","max-snippet":"max-snippet:-1","max-image-preview":"max-image-preview:large","max-video-preview":"max-video-preview:-1"},"canonical":"https:\/\/fermesleystone.com\/fr\/product\/kit-de-feutre-aiguillete-chouette\/","og_locale":"fr_FR","og_type":"article","og_title":"Kit de feutre aiguillet\u00e9 Chouette - Fermes Leystone","og_description":"R\u00e9alisez votre propre hibou au feutre aiguillet\u00e9 gr\u00e2ce \u00e0 notre kit. Vous recevrez tout ce dont vous avez besoin pour r\u00e9aliser un hibou. Un excellent projet pour les d\u00e9butants. Le kit comprend : fibre 2 aiguilles \u00e0 feutrer Coussin de mousse de 4&rsquo;x4 des instructions d\u00e9taill\u00e9es. Recommand\u00e9 pour les 10 ans et plus. Les enfants [&hellip;]","og_url":"https:\/\/fermesleystone.com\/fr\/product\/kit-de-feutre-aiguillete-chouette\/","og_site_name":"Fermes Leystone","article_publisher":"https:\/\/www.facebook.com\/LeystoneFarms","twitter_card":"summary_large_image","twitter_misc":{"Dur\u00e9e de lecture estim\u00e9e":"1 minute"},"schema":{"@context":"https:\/\/schema.org","@graph":[{"@type":"WebPage","@id":"https:\/\/fermesleystone.com\/fr\/product\/kit-de-feutre-aiguillete-chouette\/","url":"https:\/\/fermesleystone.com\/fr\/product\/kit-de-feutre-aiguillete-chouette\/","name":"Kit de feutre aiguillet\u00e9 Chouette - Fermes Leystone","isPartOf":{"@id":"https:\/\/fermesleystone.com\/fr\/#website"},"datePublished":"2025-03-03T21:46:20+00:00","breadcrumb":{"@id":"https:\/\/fermesleystone.com\/fr\/product\/kit-de-feutre-aiguillete-chouette\/#breadcrumb"},"inLanguage":"fr-FR","potentialAction":[{"@type":"ReadAction","target":["https:\/\/fermesleystone.com\/fr\/product\/kit-de-feutre-aiguillete-chouette\/"]}]},{"@type":"BreadcrumbList","@id":"https:\/\/fermesleystone.com\/fr\/product\/kit-de-feutre-aiguillete-chouette\/#breadcrumb","itemListElement":[{"@type":"ListItem","position":1,"name":"Home","item":"https:\/\/fermesleystone.com\/fr\/"},{"@type":"ListItem","position":2,"name":"Shop","item":"https:\/\/fermesleystone.com\/en\/shop\/"},{"@type":"ListItem","position":3,"name":"Kit de feutre aiguillet\u00e9 Chouette"}]},{"@type":"WebSite","@id":"https:\/\/fermesleystone.com\/fr\/#website","url":"https:\/\/fermesleystone.com\/fr\/","name":"Fermes Leystone","description":"Regenerative farm and vineyard in the Pontiac, Quebec","publisher":{"@id":"https:\/\/fermesleystone.com\/fr\/#organization"},"potentialAction":[{"@type":"SearchAction","target":{"@type":"EntryPoint","urlTemplate":"https:\/\/fermesleystone.com\/fr\/?s={search_term_string}"},"query-input":{"@type":"PropertyValueSpecification","valueRequired":true,"valueName":"search_term_string"}}],"inLanguage":"fr-FR"},{"@type":"Organization","@id":"https:\/\/fermesleystone.com\/fr\/#organization","name":"Fermes Leystone","url":"https:\/\/fermesleystone.com\/fr\/","logo":{"@type":"ImageObject","inLanguage":"fr-FR","@id":"https:\/\/fermesleystone.com\/fr\/#\/schema\/logo\/image\/","url":"https:\/\/fermesleystone.com\/wp-content\/uploads\/2022\/10\/LEYSTONE_logo_final_2-tone_mortar_grey-e1665165989188.png","contentUrl":"https:\/\/fermesleystone.com\/wp-content\/uploads\/2022\/10\/LEYSTONE_logo_final_2-tone_mortar_grey-e1665165989188.png","width":5600,"height":1960,"caption":"Fermes Leystone"},"image":{"@id":"https:\/\/fermesleystone.com\/fr\/#\/schema\/logo\/image\/"},"sameAs":["https:\/\/www.facebook.com\/LeystoneFarms","https:\/\/www.instagram.com\/leystonefarms\/"]}]}},"jetpack_sharing_enabled":true,"_links":{"self":[{"href":"https:\/\/fermesleystone.com\/fr\/wp-json\/wp\/v2\/product\/3530","targetHints":{"allow":["GET"]}}],"collection":[{"href":"https:\/\/fermesleystone.com\/fr\/wp-json\/wp\/v2\/product"}],"about":[{"href":"https:\/\/fermesleystone.com\/fr\/wp-json\/wp\/v2\/types\/product"}],"replies":[{"embeddable":true,"href":"https:\/\/fermesleystone.com\/fr\/wp-json\/wp\/v2\/comments?post=3530"}],"wp:attachment":[{"href":"https:\/\/fermesleystone.com\/fr\/wp-json\/wp\/v2\/media?parent=3530"}],"wp:term":[{"taxonomy":"product_brand","embeddable":true,"href":"https:\/\/fermesleystone.com\/fr\/wp-json\/wp\/v2\/product_brand?post=3530"},{"taxonomy":"product_cat","embeddable":true,"href":"https:\/\/fermesleystone.com\/fr\/wp-json\/wp\/v2\/product_cat?post=3530"},{"taxonomy":"product_tag","embeddable":true,"href":"https:\/\/fermesleystone.com\/fr\/wp-json\/wp\/v2\/product_tag?post=3530"}],"curies":[{"name":"wp","href":"https:\/\/api.w.org\/{rel}","templated":true}]}}