{"id":3898,"date":"2025-03-04T00:32:35","date_gmt":"2025-03-04T00:32:35","guid":{"rendered":"https:\/\/fermesleystone.com\/product\/chale-ombre-ball-2\/"},"modified":"2025-03-04T00:32:35","modified_gmt":"2025-03-04T00:32:35","slug":"chale-ombre-ball-2","status":"publish","type":"product","link":"https:\/\/fermesleystone.com\/fr\/product\/chale-ombre-ball-2\/","title":{"rendered":"Ch\u00e2le Ombr\u00e9 Ball"},"content":{"rendered":"<p><span>Poids ficelle par <strong>Freia Fine Handpaints<\/strong><\/span><\/p>\n<p><span>Fibre : <\/span><span>Laine m\u00e9rinos 100% US, simple \u00e9paisseur (<\/span><span>sans mules<\/span><span>-sans mules)<br \/><\/span><span>Entretien : <\/span><span>Laver \u00e0 la main<br \/><\/span><span>Taille de la pelote :<\/span><span> 100g\/3.53 oz &#8211; 393 m\u00e8tres\/430 yards<br \/><\/span><span>Jauge :<\/span><span> 20-28 <\/span><span>m<\/span><span>\/28-36 rangs sur 4&Prime; sur US3 (3.25mm) &#8211; US7 (4.5mm)<\/span><span><\/span><\/p>\n","protected":false},"excerpt":{"rendered":"<p>Poids ficelle par Freia Fine Handpaints Fibre : Laine m\u00e9rinos 100% US, simple \u00e9paisseur (sans mules-sans mules)Entretien : Laver \u00e0 la mainTaille de la pelote : 100g\/3.53 oz &#8211; 393 m\u00e8tres\/430 yardsJauge : 20-28 m\/28-36 rangs sur 4&Prime; sur US3 (3.25mm) &#8211; US7 (4.5mm)<\/p>\n","protected":false},"featured_media":0,"comment_status":"open","ping_status":"closed","template":"","meta":{"_et_pb_use_builder":"","_et_pb_old_content":"","_et_gb_content_width":""},"product_brand":[],"product_cat":[42],"product_tag":[168,167,175,173,169],"class_list":{"0":"post-3898","1":"product","2":"type-product","3":"status-publish","5":"product_cat-uncategorized","6":"product_tag-168","7":"product_tag-fil","8":"product_tag-fil-fr","9":"product_tag-freia-fr","10":"product_tag-tricot","12":"first","13":"instock","14":"taxable","15":"shipping-taxable","16":"product-type-simple"},"yoast_head":"<!-- This site is optimized with the Yoast SEO plugin v24.4 - https:\/\/yoast.com\/wordpress\/plugins\/seo\/ -->\n<title>Ch\u00e2le Ombr\u00e9 Ball - Fermes Leystone<\/title>\n<meta name=\"robots\" content=\"index, follow, max-snippet:-1, max-image-preview:large, max-video-preview:-1\" \/>\n<link rel=\"canonical\" href=\"https:\/\/fermesleystone.com\/fr\/product\/chale-ombre-ball-2\/\" \/>\n<meta property=\"og:locale\" content=\"fr_FR\" \/>\n<meta property=\"og:type\" content=\"article\" \/>\n<meta property=\"og:title\" content=\"Ch\u00e2le Ombr\u00e9 Ball - Fermes Leystone\" \/>\n<meta property=\"og:description\" content=\"Poids ficelle par Freia Fine Handpaints Fibre : Laine m\u00e9rinos 100% US, simple \u00e9paisseur (sans mules-sans mules)Entretien : Laver \u00e0 la mainTaille de la pelote : 100g\/3.53 oz &#8211; 393 m\u00e8tres\/430 yardsJauge : 20-28 m\/28-36 rangs sur 4&Prime; sur US3 (3.25mm) &#8211; US7 (4.5mm)\" \/>\n<meta property=\"og:url\" content=\"https:\/\/fermesleystone.com\/fr\/product\/chale-ombre-ball-2\/\" \/>\n<meta property=\"og:site_name\" content=\"Fermes Leystone\" \/>\n<meta property=\"article:publisher\" content=\"https:\/\/www.facebook.com\/LeystoneFarms\" \/>\n<meta name=\"twitter:card\" content=\"summary_large_image\" \/>\n<script type=\"application\/ld+json\" class=\"yoast-schema-graph\">{\"@context\":\"https:\/\/schema.org\",\"@graph\":[{\"@type\":\"WebPage\",\"@id\":\"https:\/\/fermesleystone.com\/fr\/product\/chale-ombre-ball-2\/\",\"url\":\"https:\/\/fermesleystone.com\/fr\/product\/chale-ombre-ball-2\/\",\"name\":\"Ch\u00e2le Ombr\u00e9 Ball - Fermes Leystone\",\"isPartOf\":{\"@id\":\"https:\/\/fermesleystone.com\/fr\/#website\"},\"datePublished\":\"2025-03-04T00:32:35+00:00\",\"breadcrumb\":{\"@id\":\"https:\/\/fermesleystone.com\/fr\/product\/chale-ombre-ball-2\/#breadcrumb\"},\"inLanguage\":\"fr-FR\",\"potentialAction\":[{\"@type\":\"ReadAction\",\"target\":[\"https:\/\/fermesleystone.com\/fr\/product\/chale-ombre-ball-2\/\"]}]},{\"@type\":\"BreadcrumbList\",\"@id\":\"https:\/\/fermesleystone.com\/fr\/product\/chale-ombre-ball-2\/#breadcrumb\",\"itemListElement\":[{\"@type\":\"ListItem\",\"position\":1,\"name\":\"Home\",\"item\":\"https:\/\/fermesleystone.com\/fr\/\"},{\"@type\":\"ListItem\",\"position\":2,\"name\":\"Shop\",\"item\":\"https:\/\/fermesleystone.com\/en\/shop\/\"},{\"@type\":\"ListItem\",\"position\":3,\"name\":\"Ch\u00e2le Ombr\u00e9 Ball\"}]},{\"@type\":\"WebSite\",\"@id\":\"https:\/\/fermesleystone.com\/fr\/#website\",\"url\":\"https:\/\/fermesleystone.com\/fr\/\",\"name\":\"Fermes Leystone\",\"description\":\"Regenerative farm and vineyard in the Pontiac, Quebec\",\"publisher\":{\"@id\":\"https:\/\/fermesleystone.com\/fr\/#organization\"},\"potentialAction\":[{\"@type\":\"SearchAction\",\"target\":{\"@type\":\"EntryPoint\",\"urlTemplate\":\"https:\/\/fermesleystone.com\/fr\/?s={search_term_string}\"},\"query-input\":{\"@type\":\"PropertyValueSpecification\",\"valueRequired\":true,\"valueName\":\"search_term_string\"}}],\"inLanguage\":\"fr-FR\"},{\"@type\":\"Organization\",\"@id\":\"https:\/\/fermesleystone.com\/fr\/#organization\",\"name\":\"Fermes Leystone\",\"url\":\"https:\/\/fermesleystone.com\/fr\/\",\"logo\":{\"@type\":\"ImageObject\",\"inLanguage\":\"fr-FR\",\"@id\":\"https:\/\/fermesleystone.com\/fr\/#\/schema\/logo\/image\/\",\"url\":\"https:\/\/fermesleystone.com\/wp-content\/uploads\/2022\/10\/LEYSTONE_logo_final_2-tone_mortar_grey-e1665165989188.png\",\"contentUrl\":\"https:\/\/fermesleystone.com\/wp-content\/uploads\/2022\/10\/LEYSTONE_logo_final_2-tone_mortar_grey-e1665165989188.png\",\"width\":5600,\"height\":1960,\"caption\":\"Fermes Leystone\"},\"image\":{\"@id\":\"https:\/\/fermesleystone.com\/fr\/#\/schema\/logo\/image\/\"},\"sameAs\":[\"https:\/\/www.facebook.com\/LeystoneFarms\",\"https:\/\/www.instagram.com\/leystonefarms\/\"]}]}<\/script>\n<!-- \/ Yoast SEO plugin. -->","yoast_head_json":{"title":"Ch\u00e2le Ombr\u00e9 Ball - Fermes Leystone","robots":{"index":"index","follow":"follow","max-snippet":"max-snippet:-1","max-image-preview":"max-image-preview:large","max-video-preview":"max-video-preview:-1"},"canonical":"https:\/\/fermesleystone.com\/fr\/product\/chale-ombre-ball-2\/","og_locale":"fr_FR","og_type":"article","og_title":"Ch\u00e2le Ombr\u00e9 Ball - Fermes Leystone","og_description":"Poids ficelle par Freia Fine Handpaints Fibre : Laine m\u00e9rinos 100% US, simple \u00e9paisseur (sans mules-sans mules)Entretien : Laver \u00e0 la mainTaille de la pelote : 100g\/3.53 oz &#8211; 393 m\u00e8tres\/430 yardsJauge : 20-28 m\/28-36 rangs sur 4&Prime; sur US3 (3.25mm) &#8211; US7 (4.5mm)","og_url":"https:\/\/fermesleystone.com\/fr\/product\/chale-ombre-ball-2\/","og_site_name":"Fermes Leystone","article_publisher":"https:\/\/www.facebook.com\/LeystoneFarms","twitter_card":"summary_large_image","schema":{"@context":"https:\/\/schema.org","@graph":[{"@type":"WebPage","@id":"https:\/\/fermesleystone.com\/fr\/product\/chale-ombre-ball-2\/","url":"https:\/\/fermesleystone.com\/fr\/product\/chale-ombre-ball-2\/","name":"Ch\u00e2le Ombr\u00e9 Ball - Fermes Leystone","isPartOf":{"@id":"https:\/\/fermesleystone.com\/fr\/#website"},"datePublished":"2025-03-04T00:32:35+00:00","breadcrumb":{"@id":"https:\/\/fermesleystone.com\/fr\/product\/chale-ombre-ball-2\/#breadcrumb"},"inLanguage":"fr-FR","potentialAction":[{"@type":"ReadAction","target":["https:\/\/fermesleystone.com\/fr\/product\/chale-ombre-ball-2\/"]}]},{"@type":"BreadcrumbList","@id":"https:\/\/fermesleystone.com\/fr\/product\/chale-ombre-ball-2\/#breadcrumb","itemListElement":[{"@type":"ListItem","position":1,"name":"Home","item":"https:\/\/fermesleystone.com\/fr\/"},{"@type":"ListItem","position":2,"name":"Shop","item":"https:\/\/fermesleystone.com\/en\/shop\/"},{"@type":"ListItem","position":3,"name":"Ch\u00e2le Ombr\u00e9 Ball"}]},{"@type":"WebSite","@id":"https:\/\/fermesleystone.com\/fr\/#website","url":"https:\/\/fermesleystone.com\/fr\/","name":"Fermes Leystone","description":"Regenerative farm and vineyard in the Pontiac, Quebec","publisher":{"@id":"https:\/\/fermesleystone.com\/fr\/#organization"},"potentialAction":[{"@type":"SearchAction","target":{"@type":"EntryPoint","urlTemplate":"https:\/\/fermesleystone.com\/fr\/?s={search_term_string}"},"query-input":{"@type":"PropertyValueSpecification","valueRequired":true,"valueName":"search_term_string"}}],"inLanguage":"fr-FR"},{"@type":"Organization","@id":"https:\/\/fermesleystone.com\/fr\/#organization","name":"Fermes Leystone","url":"https:\/\/fermesleystone.com\/fr\/","logo":{"@type":"ImageObject","inLanguage":"fr-FR","@id":"https:\/\/fermesleystone.com\/fr\/#\/schema\/logo\/image\/","url":"https:\/\/fermesleystone.com\/wp-content\/uploads\/2022\/10\/LEYSTONE_logo_final_2-tone_mortar_grey-e1665165989188.png","contentUrl":"https:\/\/fermesleystone.com\/wp-content\/uploads\/2022\/10\/LEYSTONE_logo_final_2-tone_mortar_grey-e1665165989188.png","width":5600,"height":1960,"caption":"Fermes Leystone"},"image":{"@id":"https:\/\/fermesleystone.com\/fr\/#\/schema\/logo\/image\/"},"sameAs":["https:\/\/www.facebook.com\/LeystoneFarms","https:\/\/www.instagram.com\/leystonefarms\/"]}]}},"jetpack_sharing_enabled":true,"_links":{"self":[{"href":"https:\/\/fermesleystone.com\/fr\/wp-json\/wp\/v2\/product\/3898","targetHints":{"allow":["GET"]}}],"collection":[{"href":"https:\/\/fermesleystone.com\/fr\/wp-json\/wp\/v2\/product"}],"about":[{"href":"https:\/\/fermesleystone.com\/fr\/wp-json\/wp\/v2\/types\/product"}],"replies":[{"embeddable":true,"href":"https:\/\/fermesleystone.com\/fr\/wp-json\/wp\/v2\/comments?post=3898"}],"wp:attachment":[{"href":"https:\/\/fermesleystone.com\/fr\/wp-json\/wp\/v2\/media?parent=3898"}],"wp:term":[{"taxonomy":"product_brand","embeddable":true,"href":"https:\/\/fermesleystone.com\/fr\/wp-json\/wp\/v2\/product_brand?post=3898"},{"taxonomy":"product_cat","embeddable":true,"href":"https:\/\/fermesleystone.com\/fr\/wp-json\/wp\/v2\/product_cat?post=3898"},{"taxonomy":"product_tag","embeddable":true,"href":"https:\/\/fermesleystone.com\/fr\/wp-json\/wp\/v2\/product_tag?post=3898"}],"curies":[{"name":"wp","href":"https:\/\/api.w.org\/{rel}","templated":true}]}}