{"id":4264,"date":"2025-03-04T01:41:52","date_gmt":"2025-03-04T01:41:52","guid":{"rendered":"https:\/\/fermesleystone.com\/product\/mohair-de-montagne-3\/"},"modified":"2025-03-04T01:41:52","modified_gmt":"2025-03-04T01:41:52","slug":"mohair-de-montagne-3","status":"publish","type":"product","link":"https:\/\/fermesleystone.com\/fr\/product\/mohair-de-montagne-3\/","title":{"rendered":"Mohair de montagne"},"content":{"rendered":"<p><span>par <strong>Green Mountain Spinnery<\/strong><\/span><\/p>\n<p align=\"left\">Des teintes vibrantes et subtiles aux reflets givr\u00e9s, la beaut\u00e9 \u00e0 l&rsquo;\u00e9tat pur ! Nous cr\u00e9ons ce fil de qualit\u00e9 sup\u00e9rieure en s\u00e9lectionnant le mohair de l&rsquo;ann\u00e9e le plus doux et en le filant avec de la laine fine. Le Mohair de montagne polyvalent est interchangeable avec nos fils de laine de poids standard.<\/p>\n<p><strong>40% Fine Western Wool <\/strong>Targhee (un croisement entre Rambouillet et Columbia provenant de troupeaux situ\u00e9s le long de la cha\u00eene frontale des Rocheuses)<strong><br \/>30% Medium Wool<\/strong> (Cheviot, Friesian, Romney, Corriedale, Montadale, Dorset\/Tunis et Rambouillet provenant de troupeaux situ\u00e9s dans le Vermont, le New Hampshire et le Massachusetts)<br \/><strong>30% Fine Mohair <\/strong>(mohair d&rsquo;un an provenant de troupeaux situ\u00e9s en Pennsylvanie, en Caroline du Nord et dans le Vermont)<strong><br \/><\/strong><\/p>\n<p><strong>Worsted Weight<\/strong><br \/>\u00c9cheveau de 2 oz &#8211; Environ 140 verges<\/p>\n<p><strong>Points\/pouce :<\/strong> 3 1\/2 \u00e0 6<br \/><strong>Aiguilles :<\/strong> 2 \u00e0 10 1\/2 (2.75 \u00e0 6.5 mm)<\/p>\n","protected":false},"excerpt":{"rendered":"<p>par Green Mountain Spinnery Des teintes vibrantes et subtiles aux reflets givr\u00e9s, la beaut\u00e9 \u00e0 l&rsquo;\u00e9tat pur ! Nous cr\u00e9ons ce fil de qualit\u00e9 sup\u00e9rieure en s\u00e9lectionnant le mohair de l&rsquo;ann\u00e9e le plus doux et en le filant avec de la laine fine. Le Mohair de montagne polyvalent est interchangeable avec nos fils de laine [&hellip;]<\/p>\n","protected":false},"featured_media":3468,"comment_status":"open","ping_status":"closed","template":"","meta":{"_et_pb_use_builder":"","_et_pb_old_content":"","_et_gb_content_width":""},"product_brand":[],"product_cat":[42],"product_tag":[168,167,175,178,169,177],"class_list":{"0":"post-4264","1":"product","2":"type-product","3":"status-publish","4":"has-post-thumbnail","6":"product_cat-uncategorized","7":"product_tag-168","8":"product_tag-fil","9":"product_tag-fil-fr","10":"product_tag-gms-fr","11":"product_tag-tricot","12":"product_tag-worsted-fr","14":"first","15":"instock","16":"taxable","17":"shipping-taxable","18":"product-type-simple"},"yoast_head":"<!-- This site is optimized with the Yoast SEO plugin v24.4 - https:\/\/yoast.com\/wordpress\/plugins\/seo\/ -->\n<title>Mohair de montagne - Fermes Leystone<\/title>\n<meta name=\"robots\" content=\"index, follow, max-snippet:-1, max-image-preview:large, max-video-preview:-1\" \/>\n<link rel=\"canonical\" href=\"https:\/\/fermesleystone.com\/fr\/product\/mohair-de-montagne-3\/\" \/>\n<meta property=\"og:locale\" content=\"fr_FR\" \/>\n<meta property=\"og:type\" content=\"article\" \/>\n<meta property=\"og:title\" content=\"Mohair de montagne - Fermes Leystone\" \/>\n<meta property=\"og:description\" content=\"par Green Mountain Spinnery Des teintes vibrantes et subtiles aux reflets givr\u00e9s, la beaut\u00e9 \u00e0 l&rsquo;\u00e9tat pur ! Nous cr\u00e9ons ce fil de qualit\u00e9 sup\u00e9rieure en s\u00e9lectionnant le mohair de l&rsquo;ann\u00e9e le plus doux et en le filant avec de la laine fine. Le Mohair de montagne polyvalent est interchangeable avec nos fils de laine [&hellip;]\" \/>\n<meta property=\"og:url\" content=\"https:\/\/fermesleystone.com\/fr\/product\/mohair-de-montagne-3\/\" \/>\n<meta property=\"og:site_name\" content=\"Fermes Leystone\" \/>\n<meta property=\"article:publisher\" content=\"https:\/\/www.facebook.com\/LeystoneFarms\" \/>\n<meta name=\"twitter:card\" content=\"summary_large_image\" \/>\n<meta name=\"twitter:label1\" content=\"Dur\u00e9e de lecture estim\u00e9e\" \/>\n\t<meta name=\"twitter:data1\" content=\"1 minute\" \/>\n<script type=\"application\/ld+json\" class=\"yoast-schema-graph\">{\"@context\":\"https:\/\/schema.org\",\"@graph\":[{\"@type\":\"WebPage\",\"@id\":\"https:\/\/fermesleystone.com\/fr\/product\/mohair-de-montagne-3\/\",\"url\":\"https:\/\/fermesleystone.com\/fr\/product\/mohair-de-montagne-3\/\",\"name\":\"Mohair de montagne - Fermes Leystone\",\"isPartOf\":{\"@id\":\"https:\/\/fermesleystone.com\/fr\/#website\"},\"primaryImageOfPage\":{\"@id\":\"https:\/\/fermesleystone.com\/fr\/product\/mohair-de-montagne-3\/#primaryimage\"},\"image\":{\"@id\":\"https:\/\/fermesleystone.com\/fr\/product\/mohair-de-montagne-3\/#primaryimage\"},\"thumbnailUrl\":\"https:\/\/i0.wp.com\/fermesleystone.com\/wp-content\/uploads\/2025\/03\/GmsMmBlueViolet.png?fit=312%2C312&ssl=1\",\"datePublished\":\"2025-03-04T01:41:52+00:00\",\"breadcrumb\":{\"@id\":\"https:\/\/fermesleystone.com\/fr\/product\/mohair-de-montagne-3\/#breadcrumb\"},\"inLanguage\":\"fr-FR\",\"potentialAction\":[{\"@type\":\"ReadAction\",\"target\":[\"https:\/\/fermesleystone.com\/fr\/product\/mohair-de-montagne-3\/\"]}]},{\"@type\":\"ImageObject\",\"inLanguage\":\"fr-FR\",\"@id\":\"https:\/\/fermesleystone.com\/fr\/product\/mohair-de-montagne-3\/#primaryimage\",\"url\":\"https:\/\/i0.wp.com\/fermesleystone.com\/wp-content\/uploads\/2025\/03\/GmsMmBlueViolet.png?fit=312%2C312&ssl=1\",\"contentUrl\":\"https:\/\/i0.wp.com\/fermesleystone.com\/wp-content\/uploads\/2025\/03\/GmsMmBlueViolet.png?fit=312%2C312&ssl=1\",\"width\":312,\"height\":312},{\"@type\":\"BreadcrumbList\",\"@id\":\"https:\/\/fermesleystone.com\/fr\/product\/mohair-de-montagne-3\/#breadcrumb\",\"itemListElement\":[{\"@type\":\"ListItem\",\"position\":1,\"name\":\"Home\",\"item\":\"https:\/\/fermesleystone.com\/fr\/\"},{\"@type\":\"ListItem\",\"position\":2,\"name\":\"Shop\",\"item\":\"https:\/\/fermesleystone.com\/en\/shop\/\"},{\"@type\":\"ListItem\",\"position\":3,\"name\":\"Mohair de montagne\"}]},{\"@type\":\"WebSite\",\"@id\":\"https:\/\/fermesleystone.com\/fr\/#website\",\"url\":\"https:\/\/fermesleystone.com\/fr\/\",\"name\":\"Fermes Leystone\",\"description\":\"Regenerative farm and vineyard in the Pontiac, Quebec\",\"publisher\":{\"@id\":\"https:\/\/fermesleystone.com\/fr\/#organization\"},\"potentialAction\":[{\"@type\":\"SearchAction\",\"target\":{\"@type\":\"EntryPoint\",\"urlTemplate\":\"https:\/\/fermesleystone.com\/fr\/?s={search_term_string}\"},\"query-input\":{\"@type\":\"PropertyValueSpecification\",\"valueRequired\":true,\"valueName\":\"search_term_string\"}}],\"inLanguage\":\"fr-FR\"},{\"@type\":\"Organization\",\"@id\":\"https:\/\/fermesleystone.com\/fr\/#organization\",\"name\":\"Fermes Leystone\",\"url\":\"https:\/\/fermesleystone.com\/fr\/\",\"logo\":{\"@type\":\"ImageObject\",\"inLanguage\":\"fr-FR\",\"@id\":\"https:\/\/fermesleystone.com\/fr\/#\/schema\/logo\/image\/\",\"url\":\"https:\/\/fermesleystone.com\/wp-content\/uploads\/2022\/10\/LEYSTONE_logo_final_2-tone_mortar_grey-e1665165989188.png\",\"contentUrl\":\"https:\/\/fermesleystone.com\/wp-content\/uploads\/2022\/10\/LEYSTONE_logo_final_2-tone_mortar_grey-e1665165989188.png\",\"width\":5600,\"height\":1960,\"caption\":\"Fermes Leystone\"},\"image\":{\"@id\":\"https:\/\/fermesleystone.com\/fr\/#\/schema\/logo\/image\/\"},\"sameAs\":[\"https:\/\/www.facebook.com\/LeystoneFarms\",\"https:\/\/www.instagram.com\/leystonefarms\/\"]}]}<\/script>\n<!-- \/ Yoast SEO plugin. -->","yoast_head_json":{"title":"Mohair de montagne - Fermes Leystone","robots":{"index":"index","follow":"follow","max-snippet":"max-snippet:-1","max-image-preview":"max-image-preview:large","max-video-preview":"max-video-preview:-1"},"canonical":"https:\/\/fermesleystone.com\/fr\/product\/mohair-de-montagne-3\/","og_locale":"fr_FR","og_type":"article","og_title":"Mohair de montagne - Fermes Leystone","og_description":"par Green Mountain Spinnery Des teintes vibrantes et subtiles aux reflets givr\u00e9s, la beaut\u00e9 \u00e0 l&rsquo;\u00e9tat pur ! Nous cr\u00e9ons ce fil de qualit\u00e9 sup\u00e9rieure en s\u00e9lectionnant le mohair de l&rsquo;ann\u00e9e le plus doux et en le filant avec de la laine fine. Le Mohair de montagne polyvalent est interchangeable avec nos fils de laine [&hellip;]","og_url":"https:\/\/fermesleystone.com\/fr\/product\/mohair-de-montagne-3\/","og_site_name":"Fermes Leystone","article_publisher":"https:\/\/www.facebook.com\/LeystoneFarms","twitter_card":"summary_large_image","twitter_misc":{"Dur\u00e9e de lecture estim\u00e9e":"1 minute"},"schema":{"@context":"https:\/\/schema.org","@graph":[{"@type":"WebPage","@id":"https:\/\/fermesleystone.com\/fr\/product\/mohair-de-montagne-3\/","url":"https:\/\/fermesleystone.com\/fr\/product\/mohair-de-montagne-3\/","name":"Mohair de montagne - Fermes Leystone","isPartOf":{"@id":"https:\/\/fermesleystone.com\/fr\/#website"},"primaryImageOfPage":{"@id":"https:\/\/fermesleystone.com\/fr\/product\/mohair-de-montagne-3\/#primaryimage"},"image":{"@id":"https:\/\/fermesleystone.com\/fr\/product\/mohair-de-montagne-3\/#primaryimage"},"thumbnailUrl":"https:\/\/i0.wp.com\/fermesleystone.com\/wp-content\/uploads\/2025\/03\/GmsMmBlueViolet.png?fit=312%2C312&ssl=1","datePublished":"2025-03-04T01:41:52+00:00","breadcrumb":{"@id":"https:\/\/fermesleystone.com\/fr\/product\/mohair-de-montagne-3\/#breadcrumb"},"inLanguage":"fr-FR","potentialAction":[{"@type":"ReadAction","target":["https:\/\/fermesleystone.com\/fr\/product\/mohair-de-montagne-3\/"]}]},{"@type":"ImageObject","inLanguage":"fr-FR","@id":"https:\/\/fermesleystone.com\/fr\/product\/mohair-de-montagne-3\/#primaryimage","url":"https:\/\/i0.wp.com\/fermesleystone.com\/wp-content\/uploads\/2025\/03\/GmsMmBlueViolet.png?fit=312%2C312&ssl=1","contentUrl":"https:\/\/i0.wp.com\/fermesleystone.com\/wp-content\/uploads\/2025\/03\/GmsMmBlueViolet.png?fit=312%2C312&ssl=1","width":312,"height":312},{"@type":"BreadcrumbList","@id":"https:\/\/fermesleystone.com\/fr\/product\/mohair-de-montagne-3\/#breadcrumb","itemListElement":[{"@type":"ListItem","position":1,"name":"Home","item":"https:\/\/fermesleystone.com\/fr\/"},{"@type":"ListItem","position":2,"name":"Shop","item":"https:\/\/fermesleystone.com\/en\/shop\/"},{"@type":"ListItem","position":3,"name":"Mohair de montagne"}]},{"@type":"WebSite","@id":"https:\/\/fermesleystone.com\/fr\/#website","url":"https:\/\/fermesleystone.com\/fr\/","name":"Fermes Leystone","description":"Regenerative farm and vineyard in the Pontiac, Quebec","publisher":{"@id":"https:\/\/fermesleystone.com\/fr\/#organization"},"potentialAction":[{"@type":"SearchAction","target":{"@type":"EntryPoint","urlTemplate":"https:\/\/fermesleystone.com\/fr\/?s={search_term_string}"},"query-input":{"@type":"PropertyValueSpecification","valueRequired":true,"valueName":"search_term_string"}}],"inLanguage":"fr-FR"},{"@type":"Organization","@id":"https:\/\/fermesleystone.com\/fr\/#organization","name":"Fermes Leystone","url":"https:\/\/fermesleystone.com\/fr\/","logo":{"@type":"ImageObject","inLanguage":"fr-FR","@id":"https:\/\/fermesleystone.com\/fr\/#\/schema\/logo\/image\/","url":"https:\/\/fermesleystone.com\/wp-content\/uploads\/2022\/10\/LEYSTONE_logo_final_2-tone_mortar_grey-e1665165989188.png","contentUrl":"https:\/\/fermesleystone.com\/wp-content\/uploads\/2022\/10\/LEYSTONE_logo_final_2-tone_mortar_grey-e1665165989188.png","width":5600,"height":1960,"caption":"Fermes Leystone"},"image":{"@id":"https:\/\/fermesleystone.com\/fr\/#\/schema\/logo\/image\/"},"sameAs":["https:\/\/www.facebook.com\/LeystoneFarms","https:\/\/www.instagram.com\/leystonefarms\/"]}]}},"jetpack_sharing_enabled":true,"_links":{"self":[{"href":"https:\/\/fermesleystone.com\/fr\/wp-json\/wp\/v2\/product\/4264","targetHints":{"allow":["GET"]}}],"collection":[{"href":"https:\/\/fermesleystone.com\/fr\/wp-json\/wp\/v2\/product"}],"about":[{"href":"https:\/\/fermesleystone.com\/fr\/wp-json\/wp\/v2\/types\/product"}],"replies":[{"embeddable":true,"href":"https:\/\/fermesleystone.com\/fr\/wp-json\/wp\/v2\/comments?post=4264"}],"wp:featuredmedia":[{"embeddable":true,"href":"https:\/\/fermesleystone.com\/fr\/wp-json\/wp\/v2\/media\/3468"}],"wp:attachment":[{"href":"https:\/\/fermesleystone.com\/fr\/wp-json\/wp\/v2\/media?parent=4264"}],"wp:term":[{"taxonomy":"product_brand","embeddable":true,"href":"https:\/\/fermesleystone.com\/fr\/wp-json\/wp\/v2\/product_brand?post=4264"},{"taxonomy":"product_cat","embeddable":true,"href":"https:\/\/fermesleystone.com\/fr\/wp-json\/wp\/v2\/product_cat?post=4264"},{"taxonomy":"product_tag","embeddable":true,"href":"https:\/\/fermesleystone.com\/fr\/wp-json\/wp\/v2\/product_tag?post=4264"}],"curies":[{"name":"wp","href":"https:\/\/api.w.org\/{rel}","templated":true}]}}