{"id":4267,"date":"2025-03-04T01:41:51","date_gmt":"2025-03-04T01:41:51","guid":{"rendered":"https:\/\/fermesleystone.com\/product\/lelegance-de-lalpaga-3\/"},"modified":"2025-03-04T01:41:51","modified_gmt":"2025-03-04T01:41:51","slug":"lelegance-de-lalpaga-3","status":"publish","type":"product","link":"https:\/\/fermesleystone.com\/fr\/product\/lelegance-de-lalpaga-3\/","title":{"rendered":"L&rsquo;\u00e9l\u00e9gance de l&rsquo;alpaga"},"content":{"rendered":"<p><span mce-data-marked=\"1\">par <strong>Green Mountain Spinnery<\/strong><\/span><\/p>\n<p><span>Merveilleux en main, ce fil pr\u00e9sente le drap\u00e9 et la r\u00e9sistance de l&rsquo;alpaga de Nouvelle-Angleterre, l&rsquo;\u00e9lasticit\u00e9 de la laine fine et la douceur des deux. Nos teintes non teintes sont toutes GREENSPUN (Cream, Chai, Cappuccino, Cocoa, Earl Grey et Dark Roast). <\/span><\/p>\n<p><span>50 % de laine fine de l&rsquo;Ouest <\/span><span>Targhee (un croisement entre <\/span><span>Rambouillet<\/span><span> et Columbia provenant de troupeaux situ\u00e9s le long de la cha\u00eene frontale des Rocheuses)<br \/><\/span><span>50 % d&rsquo;alpaga fin <\/span><span>(cette fibre provient de jeunes animaux issus de troupeaux de Nouvelle-Angleterre)<\/span><\/p>\n<p><span>Poids DK 2 plis<br \/>\u00e9cheveau de 2 oz &#8211; <\/span><span>Environ<\/span><span> 180 yds<\/span><\/p>\n<p><span>Sts<\/span><span>\/pouce :<\/span><span> 5 \u00e0 7 1\/2<br \/><\/span><span>Aiguilles :<\/span><span> 1 \u00e0 6 (2.25 \u00e0 4 mm)<\/span><\/p>\n","protected":false},"excerpt":{"rendered":"<p>par Green Mountain Spinnery Merveilleux en main, ce fil pr\u00e9sente le drap\u00e9 et la r\u00e9sistance de l&rsquo;alpaga de Nouvelle-Angleterre, l&rsquo;\u00e9lasticit\u00e9 de la laine fine et la douceur des deux. Nos teintes non teintes sont toutes GREENSPUN (Cream, Chai, Cappuccino, Cocoa, Earl Grey et Dark Roast). 50 % de laine fine de l&rsquo;Ouest Targhee (un croisement [&hellip;]<\/p>\n","protected":false},"featured_media":0,"comment_status":"open","ping_status":"closed","template":"","meta":{"_et_pb_use_builder":"","_et_pb_old_content":"","_et_gb_content_width":""},"product_brand":[],"product_cat":[42],"product_tag":[168,171,176,167,175,178,169],"class_list":{"0":"post-4267","1":"product","2":"type-product","3":"status-publish","5":"product_cat-uncategorized","6":"product_tag-168","7":"product_tag-alpaga","8":"product_tag-dk-fr","9":"product_tag-fil","10":"product_tag-fil-fr","11":"product_tag-gms-fr","12":"product_tag-tricot","14":"first","15":"instock","16":"taxable","17":"shipping-taxable","18":"product-type-simple"},"yoast_head":"<!-- This site is optimized with the Yoast SEO plugin v24.4 - https:\/\/yoast.com\/wordpress\/plugins\/seo\/ -->\n<title>L&#039;\u00e9l\u00e9gance de l&#039;alpaga - Fermes Leystone<\/title>\n<meta name=\"robots\" content=\"index, follow, max-snippet:-1, max-image-preview:large, max-video-preview:-1\" \/>\n<link rel=\"canonical\" href=\"https:\/\/fermesleystone.com\/fr\/product\/lelegance-de-lalpaga-3\/\" \/>\n<meta property=\"og:locale\" content=\"fr_FR\" \/>\n<meta property=\"og:type\" content=\"article\" \/>\n<meta property=\"og:title\" content=\"L&#039;\u00e9l\u00e9gance de l&#039;alpaga - Fermes Leystone\" \/>\n<meta property=\"og:description\" content=\"par Green Mountain Spinnery Merveilleux en main, ce fil pr\u00e9sente le drap\u00e9 et la r\u00e9sistance de l&rsquo;alpaga de Nouvelle-Angleterre, l&rsquo;\u00e9lasticit\u00e9 de la laine fine et la douceur des deux. Nos teintes non teintes sont toutes GREENSPUN (Cream, Chai, Cappuccino, Cocoa, Earl Grey et Dark Roast). 50 % de laine fine de l&rsquo;Ouest Targhee (un croisement [&hellip;]\" \/>\n<meta property=\"og:url\" content=\"https:\/\/fermesleystone.com\/fr\/product\/lelegance-de-lalpaga-3\/\" \/>\n<meta property=\"og:site_name\" content=\"Fermes Leystone\" \/>\n<meta property=\"article:publisher\" content=\"https:\/\/www.facebook.com\/LeystoneFarms\" \/>\n<meta name=\"twitter:card\" content=\"summary_large_image\" \/>\n<meta name=\"twitter:label1\" content=\"Dur\u00e9e de lecture estim\u00e9e\" \/>\n\t<meta name=\"twitter:data1\" content=\"1 minute\" \/>\n<script type=\"application\/ld+json\" class=\"yoast-schema-graph\">{\"@context\":\"https:\/\/schema.org\",\"@graph\":[{\"@type\":\"WebPage\",\"@id\":\"https:\/\/fermesleystone.com\/fr\/product\/lelegance-de-lalpaga-3\/\",\"url\":\"https:\/\/fermesleystone.com\/fr\/product\/lelegance-de-lalpaga-3\/\",\"name\":\"L'\u00e9l\u00e9gance de l'alpaga - Fermes Leystone\",\"isPartOf\":{\"@id\":\"https:\/\/fermesleystone.com\/fr\/#website\"},\"datePublished\":\"2025-03-04T01:41:51+00:00\",\"breadcrumb\":{\"@id\":\"https:\/\/fermesleystone.com\/fr\/product\/lelegance-de-lalpaga-3\/#breadcrumb\"},\"inLanguage\":\"fr-FR\",\"potentialAction\":[{\"@type\":\"ReadAction\",\"target\":[\"https:\/\/fermesleystone.com\/fr\/product\/lelegance-de-lalpaga-3\/\"]}]},{\"@type\":\"BreadcrumbList\",\"@id\":\"https:\/\/fermesleystone.com\/fr\/product\/lelegance-de-lalpaga-3\/#breadcrumb\",\"itemListElement\":[{\"@type\":\"ListItem\",\"position\":1,\"name\":\"Home\",\"item\":\"https:\/\/fermesleystone.com\/fr\/\"},{\"@type\":\"ListItem\",\"position\":2,\"name\":\"Shop\",\"item\":\"https:\/\/fermesleystone.com\/en\/shop\/\"},{\"@type\":\"ListItem\",\"position\":3,\"name\":\"L&rsquo;\u00e9l\u00e9gance de l&rsquo;alpaga\"}]},{\"@type\":\"WebSite\",\"@id\":\"https:\/\/fermesleystone.com\/fr\/#website\",\"url\":\"https:\/\/fermesleystone.com\/fr\/\",\"name\":\"Fermes Leystone\",\"description\":\"Regenerative farm and vineyard in the Pontiac, Quebec\",\"publisher\":{\"@id\":\"https:\/\/fermesleystone.com\/fr\/#organization\"},\"potentialAction\":[{\"@type\":\"SearchAction\",\"target\":{\"@type\":\"EntryPoint\",\"urlTemplate\":\"https:\/\/fermesleystone.com\/fr\/?s={search_term_string}\"},\"query-input\":{\"@type\":\"PropertyValueSpecification\",\"valueRequired\":true,\"valueName\":\"search_term_string\"}}],\"inLanguage\":\"fr-FR\"},{\"@type\":\"Organization\",\"@id\":\"https:\/\/fermesleystone.com\/fr\/#organization\",\"name\":\"Fermes Leystone\",\"url\":\"https:\/\/fermesleystone.com\/fr\/\",\"logo\":{\"@type\":\"ImageObject\",\"inLanguage\":\"fr-FR\",\"@id\":\"https:\/\/fermesleystone.com\/fr\/#\/schema\/logo\/image\/\",\"url\":\"https:\/\/fermesleystone.com\/wp-content\/uploads\/2022\/10\/LEYSTONE_logo_final_2-tone_mortar_grey-e1665165989188.png\",\"contentUrl\":\"https:\/\/fermesleystone.com\/wp-content\/uploads\/2022\/10\/LEYSTONE_logo_final_2-tone_mortar_grey-e1665165989188.png\",\"width\":5600,\"height\":1960,\"caption\":\"Fermes Leystone\"},\"image\":{\"@id\":\"https:\/\/fermesleystone.com\/fr\/#\/schema\/logo\/image\/\"},\"sameAs\":[\"https:\/\/www.facebook.com\/LeystoneFarms\",\"https:\/\/www.instagram.com\/leystonefarms\/\"]}]}<\/script>\n<!-- \/ Yoast SEO plugin. -->","yoast_head_json":{"title":"L'\u00e9l\u00e9gance de l'alpaga - Fermes Leystone","robots":{"index":"index","follow":"follow","max-snippet":"max-snippet:-1","max-image-preview":"max-image-preview:large","max-video-preview":"max-video-preview:-1"},"canonical":"https:\/\/fermesleystone.com\/fr\/product\/lelegance-de-lalpaga-3\/","og_locale":"fr_FR","og_type":"article","og_title":"L'\u00e9l\u00e9gance de l'alpaga - Fermes Leystone","og_description":"par Green Mountain Spinnery Merveilleux en main, ce fil pr\u00e9sente le drap\u00e9 et la r\u00e9sistance de l&rsquo;alpaga de Nouvelle-Angleterre, l&rsquo;\u00e9lasticit\u00e9 de la laine fine et la douceur des deux. Nos teintes non teintes sont toutes GREENSPUN (Cream, Chai, Cappuccino, Cocoa, Earl Grey et Dark Roast). 50 % de laine fine de l&rsquo;Ouest Targhee (un croisement [&hellip;]","og_url":"https:\/\/fermesleystone.com\/fr\/product\/lelegance-de-lalpaga-3\/","og_site_name":"Fermes Leystone","article_publisher":"https:\/\/www.facebook.com\/LeystoneFarms","twitter_card":"summary_large_image","twitter_misc":{"Dur\u00e9e de lecture estim\u00e9e":"1 minute"},"schema":{"@context":"https:\/\/schema.org","@graph":[{"@type":"WebPage","@id":"https:\/\/fermesleystone.com\/fr\/product\/lelegance-de-lalpaga-3\/","url":"https:\/\/fermesleystone.com\/fr\/product\/lelegance-de-lalpaga-3\/","name":"L'\u00e9l\u00e9gance de l'alpaga - Fermes Leystone","isPartOf":{"@id":"https:\/\/fermesleystone.com\/fr\/#website"},"datePublished":"2025-03-04T01:41:51+00:00","breadcrumb":{"@id":"https:\/\/fermesleystone.com\/fr\/product\/lelegance-de-lalpaga-3\/#breadcrumb"},"inLanguage":"fr-FR","potentialAction":[{"@type":"ReadAction","target":["https:\/\/fermesleystone.com\/fr\/product\/lelegance-de-lalpaga-3\/"]}]},{"@type":"BreadcrumbList","@id":"https:\/\/fermesleystone.com\/fr\/product\/lelegance-de-lalpaga-3\/#breadcrumb","itemListElement":[{"@type":"ListItem","position":1,"name":"Home","item":"https:\/\/fermesleystone.com\/fr\/"},{"@type":"ListItem","position":2,"name":"Shop","item":"https:\/\/fermesleystone.com\/en\/shop\/"},{"@type":"ListItem","position":3,"name":"L&rsquo;\u00e9l\u00e9gance de l&rsquo;alpaga"}]},{"@type":"WebSite","@id":"https:\/\/fermesleystone.com\/fr\/#website","url":"https:\/\/fermesleystone.com\/fr\/","name":"Fermes Leystone","description":"Regenerative farm and vineyard in the Pontiac, Quebec","publisher":{"@id":"https:\/\/fermesleystone.com\/fr\/#organization"},"potentialAction":[{"@type":"SearchAction","target":{"@type":"EntryPoint","urlTemplate":"https:\/\/fermesleystone.com\/fr\/?s={search_term_string}"},"query-input":{"@type":"PropertyValueSpecification","valueRequired":true,"valueName":"search_term_string"}}],"inLanguage":"fr-FR"},{"@type":"Organization","@id":"https:\/\/fermesleystone.com\/fr\/#organization","name":"Fermes Leystone","url":"https:\/\/fermesleystone.com\/fr\/","logo":{"@type":"ImageObject","inLanguage":"fr-FR","@id":"https:\/\/fermesleystone.com\/fr\/#\/schema\/logo\/image\/","url":"https:\/\/fermesleystone.com\/wp-content\/uploads\/2022\/10\/LEYSTONE_logo_final_2-tone_mortar_grey-e1665165989188.png","contentUrl":"https:\/\/fermesleystone.com\/wp-content\/uploads\/2022\/10\/LEYSTONE_logo_final_2-tone_mortar_grey-e1665165989188.png","width":5600,"height":1960,"caption":"Fermes Leystone"},"image":{"@id":"https:\/\/fermesleystone.com\/fr\/#\/schema\/logo\/image\/"},"sameAs":["https:\/\/www.facebook.com\/LeystoneFarms","https:\/\/www.instagram.com\/leystonefarms\/"]}]}},"jetpack_sharing_enabled":true,"_links":{"self":[{"href":"https:\/\/fermesleystone.com\/fr\/wp-json\/wp\/v2\/product\/4267","targetHints":{"allow":["GET"]}}],"collection":[{"href":"https:\/\/fermesleystone.com\/fr\/wp-json\/wp\/v2\/product"}],"about":[{"href":"https:\/\/fermesleystone.com\/fr\/wp-json\/wp\/v2\/types\/product"}],"replies":[{"embeddable":true,"href":"https:\/\/fermesleystone.com\/fr\/wp-json\/wp\/v2\/comments?post=4267"}],"wp:attachment":[{"href":"https:\/\/fermesleystone.com\/fr\/wp-json\/wp\/v2\/media?parent=4267"}],"wp:term":[{"taxonomy":"product_brand","embeddable":true,"href":"https:\/\/fermesleystone.com\/fr\/wp-json\/wp\/v2\/product_brand?post=4267"},{"taxonomy":"product_cat","embeddable":true,"href":"https:\/\/fermesleystone.com\/fr\/wp-json\/wp\/v2\/product_cat?post=4267"},{"taxonomy":"product_tag","embeddable":true,"href":"https:\/\/fermesleystone.com\/fr\/wp-json\/wp\/v2\/product_tag?post=4267"}],"curies":[{"name":"wp","href":"https:\/\/api.w.org\/{rel}","templated":true}]}}