{"id":4270,"date":"2025-03-04T01:41:48","date_gmt":"2025-03-04T01:41:48","guid":{"rendered":"https:\/\/fermesleystone.com\/product\/ombre-sport-3\/"},"modified":"2025-03-04T01:41:48","modified_gmt":"2025-03-04T01:41:48","slug":"ombre-sport-3","status":"publish","type":"product","link":"https:\/\/fermesleystone.com\/fr\/product\/ombre-sport-3\/","title":{"rendered":"Ombr\u00e9 Sport"},"content":{"rendered":"<p><span>par <strong>Freia Fine Handpaints<\/strong><\/span><\/p>\n<p><span><\/span><span>Fibre :  <\/span><span><\/span><span><\/span><span>Simple \u00e9paisseur 100% laine am\u00e9ricaine (Columbia\/<\/span><span>Rambouillet<\/span><span>\/<\/span><span>Corriedale<\/span><span>)<br \/><\/span><span>Entretien : <\/span><span>Laver \u00e0 la main<br \/><\/span><span>Taille de la balle :<\/span><span> 75g\/2.64 oz &#8211; 200 m\u00e8tres\/217 yards<br \/><\/span> <span>Jauge :<\/span><span> 20-24 <\/span><span>m<\/span><span>\/24-32 rangs sur 4&Prime; sur des aiguilles US3 (3.25mm) &#8211; US8 (5mm)<\/span><\/p>\n","protected":false},"excerpt":{"rendered":"<p>par Freia Fine Handpaints Fibre : Simple \u00e9paisseur 100% laine am\u00e9ricaine (Columbia\/Rambouillet\/Corriedale)Entretien : Laver \u00e0 la mainTaille de la balle : 75g\/2.64 oz &#8211; 200 m\u00e8tres\/217 yards Jauge : 20-24 m\/24-32 rangs sur 4&Prime; sur des aiguilles US3 (3.25mm) &#8211; US8 (5mm)<\/p>\n","protected":false},"featured_media":3409,"comment_status":"open","ping_status":"closed","template":"","meta":{"_et_pb_use_builder":"","_et_pb_old_content":"","_et_gb_content_width":""},"product_brand":[],"product_cat":[42],"product_tag":[168,167,175,173,169],"class_list":{"0":"post-4270","1":"product","2":"type-product","3":"status-publish","4":"has-post-thumbnail","6":"product_cat-uncategorized","7":"product_tag-168","8":"product_tag-fil","9":"product_tag-fil-fr","10":"product_tag-freia-fr","11":"product_tag-tricot","13":"first","14":"instock","15":"taxable","16":"shipping-taxable","17":"product-type-simple"},"yoast_head":"<!-- This site is optimized with the Yoast SEO plugin v24.4 - https:\/\/yoast.com\/wordpress\/plugins\/seo\/ -->\n<title>Ombr\u00e9 Sport - Fermes Leystone<\/title>\n<meta name=\"robots\" content=\"index, follow, max-snippet:-1, max-image-preview:large, max-video-preview:-1\" \/>\n<link rel=\"canonical\" href=\"https:\/\/fermesleystone.com\/fr\/product\/ombre-sport-3\/\" \/>\n<meta property=\"og:locale\" content=\"fr_FR\" \/>\n<meta property=\"og:type\" content=\"article\" \/>\n<meta property=\"og:title\" content=\"Ombr\u00e9 Sport - Fermes Leystone\" \/>\n<meta property=\"og:description\" content=\"par Freia Fine Handpaints Fibre : Simple \u00e9paisseur 100% laine am\u00e9ricaine (Columbia\/Rambouillet\/Corriedale)Entretien : Laver \u00e0 la mainTaille de la balle : 75g\/2.64 oz &#8211; 200 m\u00e8tres\/217 yards Jauge : 20-24 m\/24-32 rangs sur 4&Prime; sur des aiguilles US3 (3.25mm) &#8211; US8 (5mm)\" \/>\n<meta property=\"og:url\" content=\"https:\/\/fermesleystone.com\/fr\/product\/ombre-sport-3\/\" \/>\n<meta property=\"og:site_name\" content=\"Fermes Leystone\" \/>\n<meta property=\"article:publisher\" content=\"https:\/\/www.facebook.com\/LeystoneFarms\" \/>\n<meta name=\"twitter:card\" content=\"summary_large_image\" \/>\n<script type=\"application\/ld+json\" class=\"yoast-schema-graph\">{\"@context\":\"https:\/\/schema.org\",\"@graph\":[{\"@type\":\"WebPage\",\"@id\":\"https:\/\/fermesleystone.com\/fr\/product\/ombre-sport-3\/\",\"url\":\"https:\/\/fermesleystone.com\/fr\/product\/ombre-sport-3\/\",\"name\":\"Ombr\u00e9 Sport - Fermes Leystone\",\"isPartOf\":{\"@id\":\"https:\/\/fermesleystone.com\/fr\/#website\"},\"primaryImageOfPage\":{\"@id\":\"https:\/\/fermesleystone.com\/fr\/product\/ombre-sport-3\/#primaryimage\"},\"image\":{\"@id\":\"https:\/\/fermesleystone.com\/fr\/product\/ombre-sport-3\/#primaryimage\"},\"thumbnailUrl\":\"https:\/\/i0.wp.com\/fermesleystone.com\/wp-content\/uploads\/2025\/03\/FreiaSportCochinilla.png?fit=482%2C482&ssl=1\",\"datePublished\":\"2025-03-04T01:41:48+00:00\",\"breadcrumb\":{\"@id\":\"https:\/\/fermesleystone.com\/fr\/product\/ombre-sport-3\/#breadcrumb\"},\"inLanguage\":\"fr-FR\",\"potentialAction\":[{\"@type\":\"ReadAction\",\"target\":[\"https:\/\/fermesleystone.com\/fr\/product\/ombre-sport-3\/\"]}]},{\"@type\":\"ImageObject\",\"inLanguage\":\"fr-FR\",\"@id\":\"https:\/\/fermesleystone.com\/fr\/product\/ombre-sport-3\/#primaryimage\",\"url\":\"https:\/\/i0.wp.com\/fermesleystone.com\/wp-content\/uploads\/2025\/03\/FreiaSportCochinilla.png?fit=482%2C482&ssl=1\",\"contentUrl\":\"https:\/\/i0.wp.com\/fermesleystone.com\/wp-content\/uploads\/2025\/03\/FreiaSportCochinilla.png?fit=482%2C482&ssl=1\",\"width\":482,\"height\":482},{\"@type\":\"BreadcrumbList\",\"@id\":\"https:\/\/fermesleystone.com\/fr\/product\/ombre-sport-3\/#breadcrumb\",\"itemListElement\":[{\"@type\":\"ListItem\",\"position\":1,\"name\":\"Home\",\"item\":\"https:\/\/fermesleystone.com\/fr\/\"},{\"@type\":\"ListItem\",\"position\":2,\"name\":\"Shop\",\"item\":\"https:\/\/fermesleystone.com\/en\/shop\/\"},{\"@type\":\"ListItem\",\"position\":3,\"name\":\"Ombr\u00e9 Sport\"}]},{\"@type\":\"WebSite\",\"@id\":\"https:\/\/fermesleystone.com\/fr\/#website\",\"url\":\"https:\/\/fermesleystone.com\/fr\/\",\"name\":\"Fermes Leystone\",\"description\":\"Regenerative farm and vineyard in the Pontiac, Quebec\",\"publisher\":{\"@id\":\"https:\/\/fermesleystone.com\/fr\/#organization\"},\"potentialAction\":[{\"@type\":\"SearchAction\",\"target\":{\"@type\":\"EntryPoint\",\"urlTemplate\":\"https:\/\/fermesleystone.com\/fr\/?s={search_term_string}\"},\"query-input\":{\"@type\":\"PropertyValueSpecification\",\"valueRequired\":true,\"valueName\":\"search_term_string\"}}],\"inLanguage\":\"fr-FR\"},{\"@type\":\"Organization\",\"@id\":\"https:\/\/fermesleystone.com\/fr\/#organization\",\"name\":\"Fermes Leystone\",\"url\":\"https:\/\/fermesleystone.com\/fr\/\",\"logo\":{\"@type\":\"ImageObject\",\"inLanguage\":\"fr-FR\",\"@id\":\"https:\/\/fermesleystone.com\/fr\/#\/schema\/logo\/image\/\",\"url\":\"https:\/\/fermesleystone.com\/wp-content\/uploads\/2022\/10\/LEYSTONE_logo_final_2-tone_mortar_grey-e1665165989188.png\",\"contentUrl\":\"https:\/\/fermesleystone.com\/wp-content\/uploads\/2022\/10\/LEYSTONE_logo_final_2-tone_mortar_grey-e1665165989188.png\",\"width\":5600,\"height\":1960,\"caption\":\"Fermes Leystone\"},\"image\":{\"@id\":\"https:\/\/fermesleystone.com\/fr\/#\/schema\/logo\/image\/\"},\"sameAs\":[\"https:\/\/www.facebook.com\/LeystoneFarms\",\"https:\/\/www.instagram.com\/leystonefarms\/\"]}]}<\/script>\n<!-- \/ Yoast SEO plugin. -->","yoast_head_json":{"title":"Ombr\u00e9 Sport - Fermes Leystone","robots":{"index":"index","follow":"follow","max-snippet":"max-snippet:-1","max-image-preview":"max-image-preview:large","max-video-preview":"max-video-preview:-1"},"canonical":"https:\/\/fermesleystone.com\/fr\/product\/ombre-sport-3\/","og_locale":"fr_FR","og_type":"article","og_title":"Ombr\u00e9 Sport - Fermes Leystone","og_description":"par Freia Fine Handpaints Fibre : Simple \u00e9paisseur 100% laine am\u00e9ricaine (Columbia\/Rambouillet\/Corriedale)Entretien : Laver \u00e0 la mainTaille de la balle : 75g\/2.64 oz &#8211; 200 m\u00e8tres\/217 yards Jauge : 20-24 m\/24-32 rangs sur 4&Prime; sur des aiguilles US3 (3.25mm) &#8211; US8 (5mm)","og_url":"https:\/\/fermesleystone.com\/fr\/product\/ombre-sport-3\/","og_site_name":"Fermes Leystone","article_publisher":"https:\/\/www.facebook.com\/LeystoneFarms","twitter_card":"summary_large_image","schema":{"@context":"https:\/\/schema.org","@graph":[{"@type":"WebPage","@id":"https:\/\/fermesleystone.com\/fr\/product\/ombre-sport-3\/","url":"https:\/\/fermesleystone.com\/fr\/product\/ombre-sport-3\/","name":"Ombr\u00e9 Sport - Fermes Leystone","isPartOf":{"@id":"https:\/\/fermesleystone.com\/fr\/#website"},"primaryImageOfPage":{"@id":"https:\/\/fermesleystone.com\/fr\/product\/ombre-sport-3\/#primaryimage"},"image":{"@id":"https:\/\/fermesleystone.com\/fr\/product\/ombre-sport-3\/#primaryimage"},"thumbnailUrl":"https:\/\/i0.wp.com\/fermesleystone.com\/wp-content\/uploads\/2025\/03\/FreiaSportCochinilla.png?fit=482%2C482&ssl=1","datePublished":"2025-03-04T01:41:48+00:00","breadcrumb":{"@id":"https:\/\/fermesleystone.com\/fr\/product\/ombre-sport-3\/#breadcrumb"},"inLanguage":"fr-FR","potentialAction":[{"@type":"ReadAction","target":["https:\/\/fermesleystone.com\/fr\/product\/ombre-sport-3\/"]}]},{"@type":"ImageObject","inLanguage":"fr-FR","@id":"https:\/\/fermesleystone.com\/fr\/product\/ombre-sport-3\/#primaryimage","url":"https:\/\/i0.wp.com\/fermesleystone.com\/wp-content\/uploads\/2025\/03\/FreiaSportCochinilla.png?fit=482%2C482&ssl=1","contentUrl":"https:\/\/i0.wp.com\/fermesleystone.com\/wp-content\/uploads\/2025\/03\/FreiaSportCochinilla.png?fit=482%2C482&ssl=1","width":482,"height":482},{"@type":"BreadcrumbList","@id":"https:\/\/fermesleystone.com\/fr\/product\/ombre-sport-3\/#breadcrumb","itemListElement":[{"@type":"ListItem","position":1,"name":"Home","item":"https:\/\/fermesleystone.com\/fr\/"},{"@type":"ListItem","position":2,"name":"Shop","item":"https:\/\/fermesleystone.com\/en\/shop\/"},{"@type":"ListItem","position":3,"name":"Ombr\u00e9 Sport"}]},{"@type":"WebSite","@id":"https:\/\/fermesleystone.com\/fr\/#website","url":"https:\/\/fermesleystone.com\/fr\/","name":"Fermes Leystone","description":"Regenerative farm and vineyard in the Pontiac, Quebec","publisher":{"@id":"https:\/\/fermesleystone.com\/fr\/#organization"},"potentialAction":[{"@type":"SearchAction","target":{"@type":"EntryPoint","urlTemplate":"https:\/\/fermesleystone.com\/fr\/?s={search_term_string}"},"query-input":{"@type":"PropertyValueSpecification","valueRequired":true,"valueName":"search_term_string"}}],"inLanguage":"fr-FR"},{"@type":"Organization","@id":"https:\/\/fermesleystone.com\/fr\/#organization","name":"Fermes Leystone","url":"https:\/\/fermesleystone.com\/fr\/","logo":{"@type":"ImageObject","inLanguage":"fr-FR","@id":"https:\/\/fermesleystone.com\/fr\/#\/schema\/logo\/image\/","url":"https:\/\/fermesleystone.com\/wp-content\/uploads\/2022\/10\/LEYSTONE_logo_final_2-tone_mortar_grey-e1665165989188.png","contentUrl":"https:\/\/fermesleystone.com\/wp-content\/uploads\/2022\/10\/LEYSTONE_logo_final_2-tone_mortar_grey-e1665165989188.png","width":5600,"height":1960,"caption":"Fermes Leystone"},"image":{"@id":"https:\/\/fermesleystone.com\/fr\/#\/schema\/logo\/image\/"},"sameAs":["https:\/\/www.facebook.com\/LeystoneFarms","https:\/\/www.instagram.com\/leystonefarms\/"]}]}},"jetpack_sharing_enabled":true,"_links":{"self":[{"href":"https:\/\/fermesleystone.com\/fr\/wp-json\/wp\/v2\/product\/4270","targetHints":{"allow":["GET"]}}],"collection":[{"href":"https:\/\/fermesleystone.com\/fr\/wp-json\/wp\/v2\/product"}],"about":[{"href":"https:\/\/fermesleystone.com\/fr\/wp-json\/wp\/v2\/types\/product"}],"replies":[{"embeddable":true,"href":"https:\/\/fermesleystone.com\/fr\/wp-json\/wp\/v2\/comments?post=4270"}],"wp:featuredmedia":[{"embeddable":true,"href":"https:\/\/fermesleystone.com\/fr\/wp-json\/wp\/v2\/media\/3409"}],"wp:attachment":[{"href":"https:\/\/fermesleystone.com\/fr\/wp-json\/wp\/v2\/media?parent=4270"}],"wp:term":[{"taxonomy":"product_brand","embeddable":true,"href":"https:\/\/fermesleystone.com\/fr\/wp-json\/wp\/v2\/product_brand?post=4270"},{"taxonomy":"product_cat","embeddable":true,"href":"https:\/\/fermesleystone.com\/fr\/wp-json\/wp\/v2\/product_cat?post=4270"},{"taxonomy":"product_tag","embeddable":true,"href":"https:\/\/fermesleystone.com\/fr\/wp-json\/wp\/v2\/product_tag?post=4270"}],"curies":[{"name":"wp","href":"https:\/\/api.w.org\/{rel}","templated":true}]}}