{"id":4283,"date":"2025-03-04T01:35:50","date_gmt":"2025-03-04T01:35:50","guid":{"rendered":"https:\/\/fermesleystone.com\/product\/kit-de-feutre-aiguillete-mesange-3\/"},"modified":"2025-03-04T01:35:50","modified_gmt":"2025-03-04T01:35:50","slug":"kit-de-feutre-aiguillete-mesange-3","status":"publish","type":"product","link":"https:\/\/fermesleystone.com\/fr\/product\/kit-de-feutre-aiguillete-mesange-3\/","title":{"rendered":"Kit de feutre aiguillet\u00e9 m\u00e9sange"},"content":{"rendered":"<p>Tout ce qu&rsquo;il faut pour cr\u00e9er une m\u00e9sange pour tous les niveaux.<\/p>\n<p>Le kit comprend<\/p>\n<ul>\n<li>2 aiguilles \u00e0 feutrer (aiguilles moyennes)<\/li>\n<li>  feuille d&rsquo;instructions<\/li>\n<li>la laine \u00e0 feutrer pour faire le castor<\/li>\n<li>yeux de verre<\/li>\n<li>Coussin de mousse 4&rsquo;x4<\/li>\n<li>aiguille \u00e0 broder<\/li>\n<li>fil de broderie<\/li>\n<li>cha\u00eene<\/li>\n<\/ul>\n<p>Recommand\u00e9 pour les 10 ans et plus. Les enfants doivent \u00eatre surveill\u00e9s.  Recommandez l&rsquo;utilisation d&rsquo;un poin\u00e7on.<\/p>\n<p>Notre laine provient d&rsquo;une petite filature canadienne qui utilise de la laine locale provenant de l&rsquo;Ouest canadien. Comme la laine est peu transform\u00e9e, vous trouverez des bouts de paille qui lui donnent du caract\u00e8re.   <\/p>\n<p>La laine est une excellente fibre pour le feutrage, elle provient des moutons du Dorset et se feutre magnifiquement avec une aiguille de taille moyenne.<\/p>\n","protected":false},"excerpt":{"rendered":"<p>Tout ce qu&rsquo;il faut pour cr\u00e9er une m\u00e9sange pour tous les niveaux. Le kit comprend 2 aiguilles \u00e0 feutrer (aiguilles moyennes) feuille d&rsquo;instructions la laine \u00e0 feutrer pour faire le castor yeux de verre Coussin de mousse 4&rsquo;x4 aiguille \u00e0 broder fil de broderie cha\u00eene Recommand\u00e9 pour les 10 ans et plus. Les enfants doivent [&hellip;]<\/p>\n","protected":false},"featured_media":0,"comment_status":"open","ping_status":"closed","template":"","meta":{"_et_pb_use_builder":"","_et_pb_old_content":"","_et_gb_content_width":""},"product_brand":[],"product_cat":[257],"product_tag":[168,167,169],"class_list":{"0":"post-4283","1":"product","2":"type-product","3":"status-publish","5":"product_cat-tricot","6":"product_tag-168","7":"product_tag-fil","8":"product_tag-tricot","10":"first","11":"instock","12":"taxable","13":"shipping-taxable","14":"product-type-simple"},"yoast_head":"<!-- This site is optimized with the Yoast SEO plugin v24.4 - https:\/\/yoast.com\/wordpress\/plugins\/seo\/ -->\n<title>Kit de feutre aiguillet\u00e9 m\u00e9sange - Fermes Leystone<\/title>\n<meta name=\"robots\" content=\"index, follow, max-snippet:-1, max-image-preview:large, max-video-preview:-1\" \/>\n<link rel=\"canonical\" href=\"https:\/\/fermesleystone.com\/fr\/product\/kit-de-feutre-aiguillete-mesange-3\/\" \/>\n<meta property=\"og:locale\" content=\"fr_FR\" \/>\n<meta property=\"og:type\" content=\"article\" \/>\n<meta property=\"og:title\" content=\"Kit de feutre aiguillet\u00e9 m\u00e9sange - Fermes Leystone\" \/>\n<meta property=\"og:description\" content=\"Tout ce qu&rsquo;il faut pour cr\u00e9er une m\u00e9sange pour tous les niveaux. Le kit comprend 2 aiguilles \u00e0 feutrer (aiguilles moyennes) feuille d&rsquo;instructions la laine \u00e0 feutrer pour faire le castor yeux de verre Coussin de mousse 4&rsquo;x4 aiguille \u00e0 broder fil de broderie cha\u00eene Recommand\u00e9 pour les 10 ans et plus. Les enfants doivent [&hellip;]\" \/>\n<meta property=\"og:url\" content=\"https:\/\/fermesleystone.com\/fr\/product\/kit-de-feutre-aiguillete-mesange-3\/\" \/>\n<meta property=\"og:site_name\" content=\"Fermes Leystone\" \/>\n<meta property=\"article:publisher\" content=\"https:\/\/www.facebook.com\/LeystoneFarms\" \/>\n<meta name=\"twitter:card\" content=\"summary_large_image\" \/>\n<meta name=\"twitter:label1\" content=\"Dur\u00e9e de lecture estim\u00e9e\" \/>\n\t<meta name=\"twitter:data1\" content=\"1 minute\" \/>\n<script type=\"application\/ld+json\" class=\"yoast-schema-graph\">{\"@context\":\"https:\/\/schema.org\",\"@graph\":[{\"@type\":\"WebPage\",\"@id\":\"https:\/\/fermesleystone.com\/fr\/product\/kit-de-feutre-aiguillete-mesange-3\/\",\"url\":\"https:\/\/fermesleystone.com\/fr\/product\/kit-de-feutre-aiguillete-mesange-3\/\",\"name\":\"Kit de feutre aiguillet\u00e9 m\u00e9sange - Fermes Leystone\",\"isPartOf\":{\"@id\":\"https:\/\/fermesleystone.com\/fr\/#website\"},\"datePublished\":\"2025-03-04T01:35:50+00:00\",\"breadcrumb\":{\"@id\":\"https:\/\/fermesleystone.com\/fr\/product\/kit-de-feutre-aiguillete-mesange-3\/#breadcrumb\"},\"inLanguage\":\"fr-FR\",\"potentialAction\":[{\"@type\":\"ReadAction\",\"target\":[\"https:\/\/fermesleystone.com\/fr\/product\/kit-de-feutre-aiguillete-mesange-3\/\"]}]},{\"@type\":\"BreadcrumbList\",\"@id\":\"https:\/\/fermesleystone.com\/fr\/product\/kit-de-feutre-aiguillete-mesange-3\/#breadcrumb\",\"itemListElement\":[{\"@type\":\"ListItem\",\"position\":1,\"name\":\"Home\",\"item\":\"https:\/\/fermesleystone.com\/fr\/\"},{\"@type\":\"ListItem\",\"position\":2,\"name\":\"Shop\",\"item\":\"https:\/\/fermesleystone.com\/en\/shop\/\"},{\"@type\":\"ListItem\",\"position\":3,\"name\":\"Kit de feutre aiguillet\u00e9 m\u00e9sange\"}]},{\"@type\":\"WebSite\",\"@id\":\"https:\/\/fermesleystone.com\/fr\/#website\",\"url\":\"https:\/\/fermesleystone.com\/fr\/\",\"name\":\"Fermes Leystone\",\"description\":\"Regenerative farm and vineyard in the Pontiac, Quebec\",\"publisher\":{\"@id\":\"https:\/\/fermesleystone.com\/fr\/#organization\"},\"potentialAction\":[{\"@type\":\"SearchAction\",\"target\":{\"@type\":\"EntryPoint\",\"urlTemplate\":\"https:\/\/fermesleystone.com\/fr\/?s={search_term_string}\"},\"query-input\":{\"@type\":\"PropertyValueSpecification\",\"valueRequired\":true,\"valueName\":\"search_term_string\"}}],\"inLanguage\":\"fr-FR\"},{\"@type\":\"Organization\",\"@id\":\"https:\/\/fermesleystone.com\/fr\/#organization\",\"name\":\"Fermes Leystone\",\"url\":\"https:\/\/fermesleystone.com\/fr\/\",\"logo\":{\"@type\":\"ImageObject\",\"inLanguage\":\"fr-FR\",\"@id\":\"https:\/\/fermesleystone.com\/fr\/#\/schema\/logo\/image\/\",\"url\":\"https:\/\/fermesleystone.com\/wp-content\/uploads\/2022\/10\/LEYSTONE_logo_final_2-tone_mortar_grey-e1665165989188.png\",\"contentUrl\":\"https:\/\/fermesleystone.com\/wp-content\/uploads\/2022\/10\/LEYSTONE_logo_final_2-tone_mortar_grey-e1665165989188.png\",\"width\":5600,\"height\":1960,\"caption\":\"Fermes Leystone\"},\"image\":{\"@id\":\"https:\/\/fermesleystone.com\/fr\/#\/schema\/logo\/image\/\"},\"sameAs\":[\"https:\/\/www.facebook.com\/LeystoneFarms\",\"https:\/\/www.instagram.com\/leystonefarms\/\"]}]}<\/script>\n<!-- \/ Yoast SEO plugin. -->","yoast_head_json":{"title":"Kit de feutre aiguillet\u00e9 m\u00e9sange - Fermes Leystone","robots":{"index":"index","follow":"follow","max-snippet":"max-snippet:-1","max-image-preview":"max-image-preview:large","max-video-preview":"max-video-preview:-1"},"canonical":"https:\/\/fermesleystone.com\/fr\/product\/kit-de-feutre-aiguillete-mesange-3\/","og_locale":"fr_FR","og_type":"article","og_title":"Kit de feutre aiguillet\u00e9 m\u00e9sange - Fermes Leystone","og_description":"Tout ce qu&rsquo;il faut pour cr\u00e9er une m\u00e9sange pour tous les niveaux. Le kit comprend 2 aiguilles \u00e0 feutrer (aiguilles moyennes) feuille d&rsquo;instructions la laine \u00e0 feutrer pour faire le castor yeux de verre Coussin de mousse 4&rsquo;x4 aiguille \u00e0 broder fil de broderie cha\u00eene Recommand\u00e9 pour les 10 ans et plus. Les enfants doivent [&hellip;]","og_url":"https:\/\/fermesleystone.com\/fr\/product\/kit-de-feutre-aiguillete-mesange-3\/","og_site_name":"Fermes Leystone","article_publisher":"https:\/\/www.facebook.com\/LeystoneFarms","twitter_card":"summary_large_image","twitter_misc":{"Dur\u00e9e de lecture estim\u00e9e":"1 minute"},"schema":{"@context":"https:\/\/schema.org","@graph":[{"@type":"WebPage","@id":"https:\/\/fermesleystone.com\/fr\/product\/kit-de-feutre-aiguillete-mesange-3\/","url":"https:\/\/fermesleystone.com\/fr\/product\/kit-de-feutre-aiguillete-mesange-3\/","name":"Kit de feutre aiguillet\u00e9 m\u00e9sange - Fermes Leystone","isPartOf":{"@id":"https:\/\/fermesleystone.com\/fr\/#website"},"datePublished":"2025-03-04T01:35:50+00:00","breadcrumb":{"@id":"https:\/\/fermesleystone.com\/fr\/product\/kit-de-feutre-aiguillete-mesange-3\/#breadcrumb"},"inLanguage":"fr-FR","potentialAction":[{"@type":"ReadAction","target":["https:\/\/fermesleystone.com\/fr\/product\/kit-de-feutre-aiguillete-mesange-3\/"]}]},{"@type":"BreadcrumbList","@id":"https:\/\/fermesleystone.com\/fr\/product\/kit-de-feutre-aiguillete-mesange-3\/#breadcrumb","itemListElement":[{"@type":"ListItem","position":1,"name":"Home","item":"https:\/\/fermesleystone.com\/fr\/"},{"@type":"ListItem","position":2,"name":"Shop","item":"https:\/\/fermesleystone.com\/en\/shop\/"},{"@type":"ListItem","position":3,"name":"Kit de feutre aiguillet\u00e9 m\u00e9sange"}]},{"@type":"WebSite","@id":"https:\/\/fermesleystone.com\/fr\/#website","url":"https:\/\/fermesleystone.com\/fr\/","name":"Fermes Leystone","description":"Regenerative farm and vineyard in the Pontiac, Quebec","publisher":{"@id":"https:\/\/fermesleystone.com\/fr\/#organization"},"potentialAction":[{"@type":"SearchAction","target":{"@type":"EntryPoint","urlTemplate":"https:\/\/fermesleystone.com\/fr\/?s={search_term_string}"},"query-input":{"@type":"PropertyValueSpecification","valueRequired":true,"valueName":"search_term_string"}}],"inLanguage":"fr-FR"},{"@type":"Organization","@id":"https:\/\/fermesleystone.com\/fr\/#organization","name":"Fermes Leystone","url":"https:\/\/fermesleystone.com\/fr\/","logo":{"@type":"ImageObject","inLanguage":"fr-FR","@id":"https:\/\/fermesleystone.com\/fr\/#\/schema\/logo\/image\/","url":"https:\/\/fermesleystone.com\/wp-content\/uploads\/2022\/10\/LEYSTONE_logo_final_2-tone_mortar_grey-e1665165989188.png","contentUrl":"https:\/\/fermesleystone.com\/wp-content\/uploads\/2022\/10\/LEYSTONE_logo_final_2-tone_mortar_grey-e1665165989188.png","width":5600,"height":1960,"caption":"Fermes Leystone"},"image":{"@id":"https:\/\/fermesleystone.com\/fr\/#\/schema\/logo\/image\/"},"sameAs":["https:\/\/www.facebook.com\/LeystoneFarms","https:\/\/www.instagram.com\/leystonefarms\/"]}]}},"jetpack_sharing_enabled":true,"_links":{"self":[{"href":"https:\/\/fermesleystone.com\/fr\/wp-json\/wp\/v2\/product\/4283","targetHints":{"allow":["GET"]}}],"collection":[{"href":"https:\/\/fermesleystone.com\/fr\/wp-json\/wp\/v2\/product"}],"about":[{"href":"https:\/\/fermesleystone.com\/fr\/wp-json\/wp\/v2\/types\/product"}],"replies":[{"embeddable":true,"href":"https:\/\/fermesleystone.com\/fr\/wp-json\/wp\/v2\/comments?post=4283"}],"wp:attachment":[{"href":"https:\/\/fermesleystone.com\/fr\/wp-json\/wp\/v2\/media?parent=4283"}],"wp:term":[{"taxonomy":"product_brand","embeddable":true,"href":"https:\/\/fermesleystone.com\/fr\/wp-json\/wp\/v2\/product_brand?post=4283"},{"taxonomy":"product_cat","embeddable":true,"href":"https:\/\/fermesleystone.com\/fr\/wp-json\/wp\/v2\/product_cat?post=4283"},{"taxonomy":"product_tag","embeddable":true,"href":"https:\/\/fermesleystone.com\/fr\/wp-json\/wp\/v2\/product_tag?post=4283"}],"curies":[{"name":"wp","href":"https:\/\/api.w.org\/{rel}","templated":true}]}}